{"id":402271,"date":"2024-09-05T10:51:30","date_gmt":"2024-09-05T08:51:30","guid":{"rendered":"https:\/\/www.vdhurk.nl\/?page_id=402271"},"modified":"2024-09-05T10:51:30","modified_gmt":"2024-09-05T08:51:30","slug":"mercedes-17","status":"publish","type":"page","link":"https:\/\/www.vdhurk.nl\/de\/fiat-bedrijfswagens\/ducato\/","title":{"rendered":"Fiat Ducato"},"content":{"rendered":"<section  class='av_textblock_section av-lu8gnh7d-4ac895489941e586c1d7c8cb72318135'  itemscope=\"itemscope\" itemtype=\"https:\/\/schema.org\/CreativeWork\" ><div class='avia_textblock'  itemprop=\"text\" ><h1>Kaufen Sie einen Fiat Ducato gelegentlich?<\/h1>\n<p>Sie suchen das ideale Nutzfahrzeug f\u00fcr Ihr Unternehmen? Dann ist ein Fiat Ducato occasion die perfekte Wahl. Der Fiat Ducato occasion ist aus mehreren Gr\u00fcnden eine beliebte Wahl bei Gesch\u00e4ftskunden. Erfahren Sie hier alles, was Sie wissen m\u00fcssen, und entscheiden Sie, ob der Ducato f\u00fcr Ihre gesch\u00e4ftlichen Anforderungen geeignet ist.<\/p>\n<\/div><\/section>\n\n<style type=\"text\/css\" data-created_by=\"avia_inline_auto\" id=\"style-css-av-lujjddpd-afa3d7a9eabd61123e643ed1228e781e\">\n#top .hr.hr-invisible.av-lujjddpd-afa3d7a9eabd61123e643ed1228e781e{\nheight:50px;\n}\n<\/style>\n<div  class='hr av-lujjddpd-afa3d7a9eabd61123e643ed1228e781e hr-invisible  avia-builder-el-1  el_after_av_textblock  el_before_av_codeblock'><span class='hr-inner'><span class=\"hr-inner-style\"><\/span><\/span><\/div>\n\n\n<style type=\"text\/css\" data-created_by=\"avia_inline_auto\" id=\"style-css-av-5op6opf-b2213bc341fb70d5a9a643132d6a8789\">\n#top .hr.hr-invisible.av-5op6opf-b2213bc341fb70d5a9a643132d6a8789{\nheight:50px;\n}\n<\/style>\n<div  class='hr av-5op6opf-b2213bc341fb70d5a9a643132d6a8789 hr-invisible  avia-builder-el-3  el_after_av_codeblock  el_before_av_textblock'><span class='hr-inner'><span class=\"hr-inner-style\"><\/span><\/span><\/div>\n<section  class='av_textblock_section av-lu8gow1e-300853e458ed741bd87d6cb78e55cc7a'  itemscope=\"itemscope\" itemtype=\"https:\/\/schema.org\/CreativeWork\" ><div class='avia_textblock'  itemprop=\"text\" ><h2>Die Spezifikationen des Fiat Ducato<\/h2>\n<p>Die Marke <a href=\"https:\/\/www.vdhurk.nl\/de\/fiat-nutzfahrzeuge\/\">Fiat<\/a> bietet eine breite Palette von Nutzfahrzeugen an, und der Fiat Ducato ist eines der beliebtesten Modelle in ihrem Angebot. Der Transporter ist bekannt f\u00fcr seine Zuverl\u00e4ssigkeit, Vielseitigkeit und Erschwinglichkeit. Das macht ihn sowohl bei Einzelunternehmern als auch bei Unternehmen besonders beliebt. Mit seinem leistungsstarken Motor und dem ger\u00e4umigen, flexiblen Innenraum eignet sich dieses Modell hervorragend f\u00fcr gesch\u00e4ftliche Zwecke. Ganz gleich, ob Sie Personen oder Material transportieren, der Ducato passt sich m\u00fchelos an Ihre Bed\u00fcrfnisse an. Au\u00dferdem ist das Modell in verschiedenen Ausstattungsvarianten erh\u00e4ltlich, so dass Sie immer etwas finden, das Ihren Anforderungen entspricht.<\/p>\n<\/div><\/section>\n<div class='flex_column av-f64w1-da126f42b61613402309283c14245a25 av_one_half  avia-builder-el-5  el_after_av_textblock  el_before_av_one_third  first flex_column_div column-top-margin'   ><section  class='av_textblock_section av-lu8gpqre-73cc2c17e6a6497ba6e1b58af22bd9e8'  itemscope=\"itemscope\" itemtype=\"https:\/\/schema.org\/CreativeWork\" ><div class='avia_textblock'  itemprop=\"text\" ><h2>Welche Vorteile bringt dieses Modell mit sich?<\/h2>\n<p>Der Fiat Ducato bietet zahlreiche Vorteile, die ihn von anderen Nutzfahrzeugen abheben. Einer der beeindruckendsten Vorteile ist seine effektive Nutzlast. Dadurch ist der Ducato sehr gut f\u00fcr schwere Lasten geeignet. Dar\u00fcber hinaus ist die Konstruktion dieses Transporters auf Benutzerfreundlichkeit ausgerichtet. Dank der breiten Heckt\u00fcren und der niedrigen Ladekante lassen sich diese Fahrzeuge leicht be- und entladen. Dar\u00fcber hinaus sind diese Nutzfahrzeuge mit einer Vielzahl von Ausstattungsmerkmalen versehen, wie z. B. verschiedenen Fahrassistenzsystemen und nat\u00fcrlich auch Sicherheitsmerkmalen. So hat der Fahrer die M\u00f6glichkeit, das Fahrzeug auf seine individuellen Bed\u00fcrfnisse abzustimmen. Der Ducato sorgt daf\u00fcr, dass Komfort und Sicherheit bei jeder Fahrt gew\u00e4hrleistet sind.<\/p>\n<\/div><\/section><\/div><div class='flex_column av-aldk9-ee694297f5c4032981677a02caab84d6 av_one_third  avia-builder-el-7  el_after_av_one_half  el_before_av_hr  flex_column_div column-top-margin'   ><style type=\"text\/css\" data-created_by=\"avia_inline_auto\" id=\"style-css-av-l1w9kpsf-4ec3fab772ec7a9adaa33cfc64ff0475\">\n.avia-image-container.av-l1w9kpsf-4ec3fab772ec7a9adaa33cfc64ff0475 .av-image-caption-overlay-center{\ncolor:#ffffff;\n}\n<\/style>\n<div  class='avia-image-container av-l1w9kpsf-4ec3fab772ec7a9adaa33cfc64ff0475 av-styling- avia-align-center  avia-builder-el-8  avia-builder-el-no-sibling'  itemprop=\"image\" itemscope=\"itemscope\" itemtype=\"https:\/\/schema.org\/ImageObject\" ><div class=\"avia-image-container-inner\"><div class=\"avia-image-overlay-wrap\"><img decoding=\"async\" class='wp-image-187 avia-img-lazy-loading-not-187 avia_image' src=\"https:\/\/www.vdhurk.nl\/wp-content\/uploads\/2022\/03\/Voorrad.png\" alt='' title='Lagerbestand'  height=\"758\" width=\"1135\"  itemprop=\"thumbnailUrl\" srcset=\"https:\/\/www.vdhurk.nl\/wp-content\/uploads\/2022\/03\/Voorrad.png 1135w, https:\/\/www.vdhurk.nl\/wp-content\/uploads\/2022\/03\/Voorrad-300x200.png 300w, https:\/\/www.vdhurk.nl\/wp-content\/uploads\/2022\/03\/Voorrad-1030x688.png 1030w, https:\/\/www.vdhurk.nl\/wp-content\/uploads\/2022\/03\/Voorrad-768x513.png 768w, https:\/\/www.vdhurk.nl\/wp-content\/uploads\/2022\/03\/Voorrad-18x12.png 18w, https:\/\/www.vdhurk.nl\/wp-content\/uploads\/2022\/03\/Voorrad-705x471.png 705w\" sizes=\"(max-width: 1135px) 100vw, 1135px\" \/><\/div><\/div><\/div><\/div><\/p>\n\n<style type=\"text\/css\" data-created_by=\"avia_inline_auto\" id=\"style-css-av-luqrjpjc-5a23a1fb5f94718ca85316a9df963e2f\">\n#top .hr.hr-invisible.av-luqrjpjc-5a23a1fb5f94718ca85316a9df963e2f{\nheight:50px;\n}\n<\/style>\n<div  class='hr av-luqrjpjc-5a23a1fb5f94718ca85316a9df963e2f hr-invisible  avia-builder-el-9  el_after_av_one_third  el_before_av_textblock'><span class='hr-inner'><span class=\"hr-inner-style\"><\/span><\/span><\/div>\n<section  class='av_textblock_section av-lu8gtjw7-4f3cee9304909518d86d2860d9d582dd'  itemscope=\"itemscope\" itemtype=\"https:\/\/schema.org\/CreativeWork\" ><div class='avia_textblock'  itemprop=\"text\" ><h2>Was zahlen Sie f\u00fcr einen Fiat Ducato?<\/h2>\n<p>Die Preise f\u00fcr Nutzfahrzeuge variieren, was nicht verwunderlich ist. Tats\u00e4chlich ist die Bandbreite enorm, von einfachen Fiat Ducato-Modellen bis hin zu voll ausgestatteten Versionen. Ob Sie nun ein neues oder ein gebrauchtes Fahrzeug suchen, es ist f\u00fcr jeden Geldbeutel etwas dabei.<\/p>\n<h2>Fiat Ducato gebraucht oder neu kaufen?<\/h2>\n<p>M\u00f6chten Sie lieber einen Fiat Ducato gebraucht oder neu kaufen? Bei Van den Hurk sind beide Optionen m\u00f6glich. Welche Option f\u00fcr Sie die beste ist, h\u00e4ngt von Ihrer Situation ab. Pr\u00fcfen Sie beide M\u00f6glichkeiten und sehen Sie, welche Option am besten zu Ihren gesch\u00e4ftlichen Zielen und Ihrem Budget passt. Bei Van den Hurk helfen wir Ihnen gerne mit einer ma\u00dfgeschneiderten Beratung. Einen Fiat Ducato zu kaufen war noch nie so einfach.<\/p>\n<h2>Leasing eines Fiat Ducato<\/h2>\n<p>Neben der M\u00f6glichkeit, ein Nutzfahrzeug direkt zu kaufen, k\u00f6nnen Sie sich auch entscheiden f\u00fcr <a href=\"https:\/\/www.vdhurk.nl\/de\/finanzierungsleasing\/\">Finanzierungsleasing<\/a>. Bei dieser Option m\u00fcssen Sie nicht einen gro\u00dfen Betrag auf einmal bezahlen. Stattdessen bezahlen Sie das Fahrzeug in Raten und es geht nach und nach in Ihr Eigentum \u00fcber. Das bedeutet, dass Sie jeden Monat einen festen Betrag zahlen, der Ihnen finanzielle Planungssicherheit und Flexibilit\u00e4t bietet. Am Ende des Leasingvertrags geh\u00f6rt Ihnen das Fahrzeug vollst\u00e4ndig, ohne dass Sie im Vorfeld gro\u00dfe Investitionen t\u00e4tigen m\u00fcssen.<\/p>\n<h2>Finden Sie den Firmenwagen, der zu Ihrem Unternehmen passt<\/h2>\n<p>Sie m\u00f6chten einen Fiat Ducato kaufen oder mehr dar\u00fcber erfahren, was Ihren gesch\u00e4ftlichen Anforderungen entspricht? Wir helfen Ihnen gerne, die richtige Wahl zu treffen. Sehen Sie sich unser aktuelles Angebot an oder kontaktieren Sie uns einfach.<\/p>\n<\/div><\/section>","protected":false},"excerpt":{"rendered":"","protected":false},"author":3,"featured_media":0,"parent":372075,"menu_order":0,"comment_status":"closed","ping_status":"closed","template":"","meta":{"_acf_changed":false,"_improvement_type_select":"improve_an_existing","_thumb_yes_seoaic":false,"_frame_yes_seoaic":false,"seoaic_generate_description":"","seoaic_improve_instructions_prompt":"","seoaic_rollback_content_improvement":"","seoaic_idea_thumbnail_generator":"","thumbnail_generated":false,"thumbnail_generate_prompt":"","seoaic_article_description":"","footnotes":""},"class_list":["post-402271","page","type-page","status-publish","hentry"],"acf":[],"yoast_head":"<!-- This site is optimized with the Yoast SEO plugin v27.5 - https:\/\/yoast.com\/product\/yoast-seo-wordpress\/ -->\n<title>Vind hier jouw Fiat Ducato occasion | Bekijk ons aanbod<\/title>\n<meta name=\"description\" content=\"Op zoek naar een Fiat Ducato ocassion? Bekijk dan onze collectie en vind het model dat helemaal aansluit bij jouw zakelijke behoeften.\" \/>\n<meta name=\"robots\" content=\"index, follow, max-snippet:-1, max-image-preview:large, max-video-preview:-1\" \/>\n<link rel=\"canonical\" href=\"https:\/\/www.vdhurk.nl\/de\/fiat-nutzfahrzeuge\/mercedes-17\/\" \/>\n<meta property=\"og:locale\" content=\"de_DE\" \/>\n<meta property=\"og:type\" content=\"article\" \/>\n<meta property=\"og:title\" content=\"Vind hier jouw Fiat Ducato occasion | Bekijk ons aanbod\" \/>\n<meta property=\"og:description\" content=\"Op zoek naar een Fiat Ducato ocassion? Bekijk dan onze collectie en vind het model dat helemaal aansluit bij jouw zakelijke behoeften.\" \/>\n<meta property=\"og:url\" content=\"https:\/\/www.vdhurk.nl\/de\/fiat-nutzfahrzeuge\/mercedes-17\/\" \/>\n<meta property=\"og:site_name\" content=\"Van den Hurk Bedrijfswagens\" \/>\n<meta name=\"twitter:card\" content=\"summary_large_image\" \/>\n<meta name=\"twitter:label1\" content=\"Gesch\u00e4tzte Lesezeit\" \/>\n\t<meta name=\"twitter:data1\" content=\"5\u00a0Minuten\" \/>\n<script type=\"application\/ld+json\" class=\"yoast-schema-graph\">{\"@context\":\"https:\\\/\\\/schema.org\",\"@graph\":[{\"@type\":\"WebPage\",\"@id\":\"https:\\\/\\\/www.vdhurk.nl\\\/fiat-bedrijfswagens\\\/ducato\\\/\",\"url\":\"https:\\\/\\\/www.vdhurk.nl\\\/fiat-bedrijfswagens\\\/ducato\\\/\",\"name\":\"Vind hier jouw Fiat Ducato occasion | Bekijk ons aanbod\",\"isPartOf\":{\"@id\":\"https:\\\/\\\/www.vdhurk.nl\\\/#website\"},\"datePublished\":\"2024-09-05T08:51:30+00:00\",\"description\":\"Op zoek naar een Fiat Ducato ocassion? Bekijk dan onze collectie en vind het model dat helemaal aansluit bij jouw zakelijke behoeften.\",\"breadcrumb\":{\"@id\":\"https:\\\/\\\/www.vdhurk.nl\\\/fiat-bedrijfswagens\\\/ducato\\\/#breadcrumb\"},\"inLanguage\":\"de\",\"potentialAction\":[{\"@type\":\"ReadAction\",\"target\":[\"https:\\\/\\\/www.vdhurk.nl\\\/fiat-bedrijfswagens\\\/ducato\\\/\"]}]},{\"@type\":\"BreadcrumbList\",\"@id\":\"https:\\\/\\\/www.vdhurk.nl\\\/fiat-bedrijfswagens\\\/ducato\\\/#breadcrumb\",\"itemListElement\":[{\"@type\":\"ListItem\",\"position\":1,\"name\":\"Home\",\"item\":\"https:\\\/\\\/www.vdhurk.nl\\\/home\\\/\"},{\"@type\":\"ListItem\",\"position\":2,\"name\":\"Fiat Bedrijfswagens\",\"item\":\"https:\\\/\\\/www.vdhurk.nl\\\/fiat-bedrijfswagens\\\/\"},{\"@type\":\"ListItem\",\"position\":3,\"name\":\"Fiat Ducato\"}]},{\"@type\":\"WebSite\",\"@id\":\"https:\\\/\\\/www.vdhurk.nl\\\/#website\",\"url\":\"https:\\\/\\\/www.vdhurk.nl\\\/\",\"name\":\"Van den Hurk Bedrijfswagens\",\"description\":\"Van den Hurk bedrijfswagens Helmond\",\"potentialAction\":[{\"@type\":\"SearchAction\",\"target\":{\"@type\":\"EntryPoint\",\"urlTemplate\":\"https:\\\/\\\/www.vdhurk.nl\\\/?s={search_term_string}\"},\"query-input\":{\"@type\":\"PropertyValueSpecification\",\"valueRequired\":true,\"valueName\":\"search_term_string\"}}],\"inLanguage\":\"de\"}]}<\/script>\n<!-- \/ Yoast SEO plugin. -->","yoast_head_json":{"title":"Finden Sie Ihren Fiat Ducato Gelegenheit hier | Siehe unser Angebot","description":"Sind Sie auf der Suche nach einem Fiat Ducato? Dann st\u00f6bern Sie in unserer Kollektion und finden Sie das Modell, das ganz auf Ihre gesch\u00e4ftlichen Anforderungen zugeschnitten ist.","robots":{"index":"index","follow":"follow","max-snippet":"max-snippet:-1","max-image-preview":"max-image-preview:large","max-video-preview":"max-video-preview:-1"},"canonical":"https:\/\/www.vdhurk.nl\/de\/fiat-nutzfahrzeuge\/mercedes-17\/","og_locale":"de_DE","og_type":"article","og_title":"Vind hier jouw Fiat Ducato occasion | Bekijk ons aanbod","og_description":"Op zoek naar een Fiat Ducato ocassion? Bekijk dan onze collectie en vind het model dat helemaal aansluit bij jouw zakelijke behoeften.","og_url":"https:\/\/www.vdhurk.nl\/de\/fiat-nutzfahrzeuge\/mercedes-17\/","og_site_name":"Van den Hurk Bedrijfswagens","twitter_card":"summary_large_image","twitter_misc":{"Gesch\u00e4tzte Lesezeit":"5\u00a0Minuten"},"schema":{"@context":"https:\/\/schema.org","@graph":[{"@type":"WebPage","@id":"https:\/\/www.vdhurk.nl\/fiat-bedrijfswagens\/ducato\/","url":"https:\/\/www.vdhurk.nl\/fiat-bedrijfswagens\/ducato\/","name":"Finden Sie Ihren Fiat Ducato Gelegenheit hier | Siehe unser Angebot","isPartOf":{"@id":"https:\/\/www.vdhurk.nl\/#website"},"datePublished":"2024-09-05T08:51:30+00:00","description":"Sind Sie auf der Suche nach einem Fiat Ducato? Dann st\u00f6bern Sie in unserer Kollektion und finden Sie das Modell, das ganz auf Ihre gesch\u00e4ftlichen Anforderungen zugeschnitten ist.","breadcrumb":{"@id":"https:\/\/www.vdhurk.nl\/fiat-bedrijfswagens\/ducato\/#breadcrumb"},"inLanguage":"de","potentialAction":[{"@type":"ReadAction","target":["https:\/\/www.vdhurk.nl\/fiat-bedrijfswagens\/ducato\/"]}]},{"@type":"BreadcrumbList","@id":"https:\/\/www.vdhurk.nl\/fiat-bedrijfswagens\/ducato\/#breadcrumb","itemListElement":[{"@type":"ListItem","position":1,"name":"Home","item":"https:\/\/www.vdhurk.nl\/home\/"},{"@type":"ListItem","position":2,"name":"Fiat Bedrijfswagens","item":"https:\/\/www.vdhurk.nl\/fiat-bedrijfswagens\/"},{"@type":"ListItem","position":3,"name":"Fiat Ducato"}]},{"@type":"WebSite","@id":"https:\/\/www.vdhurk.nl\/#website","url":"https:\/\/www.vdhurk.nl\/","name":"Van den Hurk Nutzfahrzeuge","description":"Van den Hurk Nutzfahrzeuge Helmond","potentialAction":[{"@type":"SearchAction","target":{"@type":"EntryPoint","urlTemplate":"https:\/\/www.vdhurk.nl\/?s={search_term_string}"},"query-input":{"@type":"PropertyValueSpecification","valueRequired":true,"valueName":"search_term_string"}}],"inLanguage":"de"}]}},"_links":{"self":[{"href":"https:\/\/www.vdhurk.nl\/de\/wp-json\/wp\/v2\/pages\/402271","targetHints":{"allow":["GET"]}}],"collection":[{"href":"https:\/\/www.vdhurk.nl\/de\/wp-json\/wp\/v2\/pages"}],"about":[{"href":"https:\/\/www.vdhurk.nl\/de\/wp-json\/wp\/v2\/types\/page"}],"author":[{"embeddable":true,"href":"https:\/\/www.vdhurk.nl\/de\/wp-json\/wp\/v2\/users\/3"}],"replies":[{"embeddable":true,"href":"https:\/\/www.vdhurk.nl\/de\/wp-json\/wp\/v2\/comments?post=402271"}],"version-history":[{"count":1,"href":"https:\/\/www.vdhurk.nl\/de\/wp-json\/wp\/v2\/pages\/402271\/revisions"}],"predecessor-version":[{"id":402272,"href":"https:\/\/www.vdhurk.nl\/de\/wp-json\/wp\/v2\/pages\/402271\/revisions\/402272"}],"up":[{"embeddable":true,"href":"https:\/\/www.vdhurk.nl\/de\/wp-json\/wp\/v2\/pages\/372075"}],"wp:attachment":[{"href":"https:\/\/www.vdhurk.nl\/de\/wp-json\/wp\/v2\/media?parent=402271"}],"curies":[{"name":"wp","href":"https:\/\/api.w.org\/{rel}","templated":true}]}}