{"id":402263,"date":"2024-09-05T10:46:12","date_gmt":"2024-09-05T08:46:12","guid":{"rendered":"https:\/\/www.vdhurk.nl\/?page_id=402263"},"modified":"2024-09-05T10:46:12","modified_gmt":"2024-09-05T08:46:12","slug":"mercedes-5","status":"publish","type":"page","link":"https:\/\/www.vdhurk.nl\/de\/fiat-bedrijfswagens\/scudo\/","title":{"rendered":"Fiat Scudo"},"content":{"rendered":"<section  class='av_textblock_section av-lu8gnh7d-4ac895489941e586c1d7c8cb72318135'  itemscope=\"itemscope\" itemtype=\"https:\/\/schema.org\/CreativeWork\" ><div class='avia_textblock'  itemprop=\"text\" ><h1>Finden Sie Ihren idealen Fiat Scudo Gebrauchtwagen<\/h1>\n<p>Der Fiat Scudo occasion ist auf die Bed\u00fcrfnisse von Gesch\u00e4ftskunden ausgerichtet. Dieses Modell ist sehr vielseitig und das spiegelt sich in verschiedenen Aspekten wider. Dies macht den Scudo auch sehr beliebt bei Unternehmen aus verschiedenen Branchen. Dieses Modell bietet nicht nur Vielseitigkeit, sondern auch Zuverl\u00e4ssigkeit. Das ist wichtig f\u00fcr Unternehmen, die ihre Nutzfahrzeuge t\u00e4glich einsetzen. Erfahren Sie mehr \u00fcber die Versionen und Spezifikationen des Scudo.<\/p>\n<\/div><\/section>\n\n<style type=\"text\/css\" data-created_by=\"avia_inline_auto\" id=\"style-css-av-lujjddpd-afa3d7a9eabd61123e643ed1228e781e\">\n#top .hr.hr-invisible.av-lujjddpd-afa3d7a9eabd61123e643ed1228e781e{\nheight:50px;\n}\n<\/style>\n<div  class='hr av-lujjddpd-afa3d7a9eabd61123e643ed1228e781e hr-invisible  avia-builder-el-1  el_after_av_textblock  el_before_av_codeblock'><span class='hr-inner'><span class=\"hr-inner-style\"><\/span><\/span><\/div>\n\n\n<style type=\"text\/css\" data-created_by=\"avia_inline_auto\" id=\"style-css-av-ah0xd-63338d9dc6b40410e22a712829c369d6\">\n#top .hr.hr-invisible.av-ah0xd-63338d9dc6b40410e22a712829c369d6{\nheight:50px;\n}\n<\/style>\n<div  class='hr av-ah0xd-63338d9dc6b40410e22a712829c369d6 hr-invisible  avia-builder-el-3  el_after_av_codeblock  el_before_av_textblock'><span class='hr-inner'><span class=\"hr-inner-style\"><\/span><\/span><\/div>\n<section  class='av_textblock_section av-lu8gow1e-300853e458ed741bd87d6cb78e55cc7a'  itemscope=\"itemscope\" itemtype=\"https:\/\/schema.org\/CreativeWork\" ><div class='avia_textblock'  itemprop=\"text\" ><h2>Wof\u00fcr ist der Fiat Scudo bekannt?<\/h2>\n<p>Fiat ist f\u00fcr seine zuverl\u00e4ssigen Nutzfahrzeuge bekannt, und das gilt auch f\u00fcr den Scudo. Dieses Modell ist bekannt f\u00fcr seinen praktischen Laderaum und seinen flexiblen Grundriss. Das macht dieses Nutzfahrzeug ideal f\u00fcr den Transport von Waren und Personen. Au\u00dferdem verf\u00fcgt dieses Modell \u00fcber kraftstoffsparende Motoren und damit \u00fcber geringe Wartungskosten. Daher ist dieses Modell auch eine kosteng\u00fcnstige Wahl f\u00fcr Unternehmen, die ihre Betriebskosten gering halten wollen. Das macht den Scudo bei vielen Unternehmen aus verschiedenen Bereichen beliebt, von der Logistik \u00fcber das Baugewerbe bis hin zu Dienstleistungs- und Pflegeunternehmen.<\/p>\n<\/div><\/section>\n<div class='flex_column av-f64w1-da126f42b61613402309283c14245a25 av_one_half  avia-builder-el-5  el_after_av_textblock  el_before_av_one_third  first flex_column_div column-top-margin'   ><section  class='av_textblock_section av-lu8gpqre-73cc2c17e6a6497ba6e1b58af22bd9e8'  itemscope=\"itemscope\" itemtype=\"https:\/\/schema.org\/CreativeWork\" ><div class='avia_textblock'  itemprop=\"text\" ><h2>Was sind die Vorteile?<\/h2>\n<p>Der Fiat Scudo bringt mehrere Vorteile mit sich. So verf\u00fcgt dieses Nutzfahrzeug nicht nur \u00fcber eine hohe Ladekapazit\u00e4t, sondern auch \u00fcber ein ausgekl\u00fcgeltes Gesch\u00e4ftskonzept. Das macht ihn zu einem der am weitesten verbreiteten Nutzfahrzeuge. Das Modell ist gr\u00f6\u00dfer als der <a href=\"https:\/\/www.vdhurk.nl\/de\/fiat-nutzfahrzeuge\/mercedes-21\/\">Fiat Doblo<\/a> und kleiner als die <a href=\"https:\/\/www.vdhurk.nl\/de\/fiat-nutzfahrzeuge\/mercedes-17\/\">Fiat Ducato<\/a>. und f\u00e4hrt sich \u00e4hnlich wie ein Pkw. Der Scudo hat bequeme Sitzpositionen und andere Annehmlichkeiten. Ideal, wenn Sie l\u00e4ngere Zeit unterwegs sind. Dar\u00fcber hinaus verf\u00fcgt dieses Nutzfahrzeug \u00fcber mehrere Fahrassistenzsysteme, die das Fahren noch einfacher machen.<\/p>\n<\/div><\/section><\/div><div class='flex_column av-aldk9-ee694297f5c4032981677a02caab84d6 av_one_third  avia-builder-el-7  el_after_av_one_half  el_before_av_hr  flex_column_div column-top-margin'   ><style type=\"text\/css\" data-created_by=\"avia_inline_auto\" id=\"style-css-av-l1w9kpsf-4ec3fab772ec7a9adaa33cfc64ff0475\">\n.avia-image-container.av-l1w9kpsf-4ec3fab772ec7a9adaa33cfc64ff0475 .av-image-caption-overlay-center{\ncolor:#ffffff;\n}\n<\/style>\n<div  class='avia-image-container av-l1w9kpsf-4ec3fab772ec7a9adaa33cfc64ff0475 av-styling- avia-align-center  avia-builder-el-8  avia-builder-el-no-sibling'  itemprop=\"image\" itemscope=\"itemscope\" itemtype=\"https:\/\/schema.org\/ImageObject\" ><div class=\"avia-image-container-inner\"><div class=\"avia-image-overlay-wrap\"><img decoding=\"async\" class='wp-image-187 avia-img-lazy-loading-not-187 avia_image' src=\"https:\/\/www.vdhurk.nl\/wp-content\/uploads\/2022\/03\/Voorrad.png\" alt='' title='Lagerbestand'  height=\"758\" width=\"1135\"  itemprop=\"thumbnailUrl\" srcset=\"https:\/\/www.vdhurk.nl\/wp-content\/uploads\/2022\/03\/Voorrad.png 1135w, https:\/\/www.vdhurk.nl\/wp-content\/uploads\/2022\/03\/Voorrad-300x200.png 300w, https:\/\/www.vdhurk.nl\/wp-content\/uploads\/2022\/03\/Voorrad-1030x688.png 1030w, https:\/\/www.vdhurk.nl\/wp-content\/uploads\/2022\/03\/Voorrad-768x513.png 768w, https:\/\/www.vdhurk.nl\/wp-content\/uploads\/2022\/03\/Voorrad-18x12.png 18w, https:\/\/www.vdhurk.nl\/wp-content\/uploads\/2022\/03\/Voorrad-705x471.png 705w\" sizes=\"(max-width: 1135px) 100vw, 1135px\" \/><\/div><\/div><\/div><\/div><\/p>\n\n<style type=\"text\/css\" data-created_by=\"avia_inline_auto\" id=\"style-css-av-luqrjpjc-5a23a1fb5f94718ca85316a9df963e2f\">\n#top .hr.hr-invisible.av-luqrjpjc-5a23a1fb5f94718ca85316a9df963e2f{\nheight:50px;\n}\n<\/style>\n<div  class='hr av-luqrjpjc-5a23a1fb5f94718ca85316a9df963e2f hr-invisible  avia-builder-el-9  el_after_av_one_third  el_before_av_textblock'><span class='hr-inner'><span class=\"hr-inner-style\"><\/span><\/span><\/div>\n<section  class='av_textblock_section av-lu8gtjw7-4f3cee9304909518d86d2860d9d582dd'  itemscope=\"itemscope\" itemtype=\"https:\/\/schema.org\/CreativeWork\" ><div class='avia_textblock'  itemprop=\"text\" ><h2>Preise<\/h2>\n<p>Wir haben regelm\u00e4\u00dfig verschiedene Fiat Scudo Modelle in unserem Sortiment. Aufgrund der unterschiedlichen Versionen, Baujahre und Laufleistungen k\u00f6nnen auch die Preise variieren. Unser Angebot \u00e4ndert sich st\u00e4ndig, deshalb empfehlen wir Ihnen den Besuch unserer <a href=\"https:\/\/www.vdhurk.nl\/de\/nutzfahrzeuge\/\">Aktuelles Angebot an Nutzfahrzeugen<\/a> oder kontaktieren Sie uns f\u00fcr spezifische Informationen \u00fcber verf\u00fcgbare Modelle und Preise. Wir helfen Ihnen gerne, ein passendes Nutzfahrzeug f\u00fcr Ihr Budget zu finden.<\/p>\n<h2>Leasing eines Fiat Scudo<\/h2>\n<p>Wussten Sie, dass Sie bei Van den Hurk auch die <a href=\"https:\/\/www.vdhurk.nl\/de\/finanzierungsleasing\/\">Finanzierungsleasing<\/a>? Dies ist ein spezielles Produkt f\u00fcr Unternehmer, die Gewissheit wollen. Sie bestimmen die Laufzeit, die der Abschreibung und der Leasingdauer des Objekts entspricht. Der Zinssatz wird im Voraus festgelegt, so dass Sie einen festen Leasingbetrag pro Monat zahlen. Sie wissen also genau, woran Sie sind.<\/p>\n<h2>Finden Sie den passenden Firmenwagen f\u00fcr Ihren Bedarf<\/h2>\n<p>Einen Fiat Scudo gebraucht oder neu kaufen: Bei Van den Hurk finden Sie die L\u00f6sung, die perfekt zu Ihren gesch\u00e4ftlichen Anforderungen passt. Wir sind bereit, Ihnen zu helfen, die richtige Wahl zu treffen. Nehmen Sie f\u00fcr eine pers\u00f6nliche Beratung Kontakt mit uns auf, um unser aktuelles Angebot zu besprechen. Einen Fiat Scudo zu kaufen war noch nie so einfach.<\/p>\n<\/div><\/section>","protected":false},"excerpt":{"rendered":"","protected":false},"author":3,"featured_media":0,"parent":372075,"menu_order":0,"comment_status":"closed","ping_status":"closed","template":"","meta":{"_acf_changed":false,"_improvement_type_select":"improve_an_existing","_thumb_yes_seoaic":false,"_frame_yes_seoaic":false,"seoaic_generate_description":"","seoaic_improve_instructions_prompt":"","seoaic_rollback_content_improvement":"","seoaic_idea_thumbnail_generator":"","thumbnail_generated":false,"thumbnail_generate_prompt":"","seoaic_article_description":"","footnotes":""},"class_list":["post-402263","page","type-page","status-publish","hentry"],"acf":[],"yoast_head":"<!-- This site is optimized with the Yoast SEO plugin v27.5 - https:\/\/yoast.com\/product\/yoast-seo-wordpress\/ -->\n<title>Fiat Scudo occasion kopen? Kies voor service en kwaliteit<\/title>\n<meta name=\"description\" content=\"Op zoek naar een Fiat Scudo occasion voor jouw onderneming? Ontdek de diverse uitvoeringen en specificaties van dit model en vind de perfecte match.\" \/>\n<meta name=\"robots\" content=\"index, follow, max-snippet:-1, max-image-preview:large, max-video-preview:-1\" \/>\n<link rel=\"canonical\" href=\"https:\/\/www.vdhurk.nl\/de\/fiat-nutzfahrzeuge\/mercedes-5\/\" \/>\n<meta property=\"og:locale\" content=\"de_DE\" \/>\n<meta property=\"og:type\" content=\"article\" \/>\n<meta property=\"og:title\" content=\"Fiat Scudo occasion kopen? Kies voor service en kwaliteit\" \/>\n<meta property=\"og:description\" content=\"Op zoek naar een Fiat Scudo occasion voor jouw onderneming? Ontdek de diverse uitvoeringen en specificaties van dit model en vind de perfecte match.\" \/>\n<meta property=\"og:url\" content=\"https:\/\/www.vdhurk.nl\/de\/fiat-nutzfahrzeuge\/mercedes-5\/\" \/>\n<meta property=\"og:site_name\" content=\"Van den Hurk Bedrijfswagens\" \/>\n<meta name=\"twitter:card\" content=\"summary_large_image\" \/>\n<meta name=\"twitter:label1\" content=\"Gesch\u00e4tzte Lesezeit\" \/>\n\t<meta name=\"twitter:data1\" content=\"4\u00a0Minuten\" \/>\n<script type=\"application\/ld+json\" class=\"yoast-schema-graph\">{\"@context\":\"https:\\\/\\\/schema.org\",\"@graph\":[{\"@type\":\"WebPage\",\"@id\":\"https:\\\/\\\/www.vdhurk.nl\\\/fiat-bedrijfswagens\\\/scudo\\\/\",\"url\":\"https:\\\/\\\/www.vdhurk.nl\\\/fiat-bedrijfswagens\\\/scudo\\\/\",\"name\":\"Fiat Scudo occasion kopen? Kies voor service en kwaliteit\",\"isPartOf\":{\"@id\":\"https:\\\/\\\/www.vdhurk.nl\\\/#website\"},\"datePublished\":\"2024-09-05T08:46:12+00:00\",\"description\":\"Op zoek naar een Fiat Scudo occasion voor jouw onderneming? Ontdek de diverse uitvoeringen en specificaties van dit model en vind de perfecte match.\",\"breadcrumb\":{\"@id\":\"https:\\\/\\\/www.vdhurk.nl\\\/fiat-bedrijfswagens\\\/scudo\\\/#breadcrumb\"},\"inLanguage\":\"de\",\"potentialAction\":[{\"@type\":\"ReadAction\",\"target\":[\"https:\\\/\\\/www.vdhurk.nl\\\/fiat-bedrijfswagens\\\/scudo\\\/\"]}]},{\"@type\":\"BreadcrumbList\",\"@id\":\"https:\\\/\\\/www.vdhurk.nl\\\/fiat-bedrijfswagens\\\/scudo\\\/#breadcrumb\",\"itemListElement\":[{\"@type\":\"ListItem\",\"position\":1,\"name\":\"Home\",\"item\":\"https:\\\/\\\/www.vdhurk.nl\\\/home\\\/\"},{\"@type\":\"ListItem\",\"position\":2,\"name\":\"Fiat Bedrijfswagens\",\"item\":\"https:\\\/\\\/www.vdhurk.nl\\\/fiat-bedrijfswagens\\\/\"},{\"@type\":\"ListItem\",\"position\":3,\"name\":\"Fiat Scudo\"}]},{\"@type\":\"WebSite\",\"@id\":\"https:\\\/\\\/www.vdhurk.nl\\\/#website\",\"url\":\"https:\\\/\\\/www.vdhurk.nl\\\/\",\"name\":\"Van den Hurk Bedrijfswagens\",\"description\":\"Van den Hurk bedrijfswagens Helmond\",\"potentialAction\":[{\"@type\":\"SearchAction\",\"target\":{\"@type\":\"EntryPoint\",\"urlTemplate\":\"https:\\\/\\\/www.vdhurk.nl\\\/?s={search_term_string}\"},\"query-input\":{\"@type\":\"PropertyValueSpecification\",\"valueRequired\":true,\"valueName\":\"search_term_string\"}}],\"inLanguage\":\"de\"}]}<\/script>\n<!-- \/ Yoast SEO plugin. -->","yoast_head_json":{"title":"Kaufen Sie einen Fiat Scudo bei Gelegenheit? W\u00e4hlen Sie Service und Qualit\u00e4t","description":"Suchen Sie einen Fiat Scudo f\u00fcr Ihr Unternehmen? Entdecken Sie die verschiedenen Versionen und Spezifikationen dieses Modells und finden Sie das perfekte Angebot.","robots":{"index":"index","follow":"follow","max-snippet":"max-snippet:-1","max-image-preview":"max-image-preview:large","max-video-preview":"max-video-preview:-1"},"canonical":"https:\/\/www.vdhurk.nl\/de\/fiat-nutzfahrzeuge\/mercedes-5\/","og_locale":"de_DE","og_type":"article","og_title":"Fiat Scudo occasion kopen? Kies voor service en kwaliteit","og_description":"Op zoek naar een Fiat Scudo occasion voor jouw onderneming? Ontdek de diverse uitvoeringen en specificaties van dit model en vind de perfecte match.","og_url":"https:\/\/www.vdhurk.nl\/de\/fiat-nutzfahrzeuge\/mercedes-5\/","og_site_name":"Van den Hurk Bedrijfswagens","twitter_card":"summary_large_image","twitter_misc":{"Gesch\u00e4tzte Lesezeit":"4\u00a0Minuten"},"schema":{"@context":"https:\/\/schema.org","@graph":[{"@type":"WebPage","@id":"https:\/\/www.vdhurk.nl\/fiat-bedrijfswagens\/scudo\/","url":"https:\/\/www.vdhurk.nl\/fiat-bedrijfswagens\/scudo\/","name":"Kaufen Sie einen Fiat Scudo bei Gelegenheit? W\u00e4hlen Sie Service und Qualit\u00e4t","isPartOf":{"@id":"https:\/\/www.vdhurk.nl\/#website"},"datePublished":"2024-09-05T08:46:12+00:00","description":"Suchen Sie einen Fiat Scudo f\u00fcr Ihr Unternehmen? Entdecken Sie die verschiedenen Versionen und Spezifikationen dieses Modells und finden Sie das perfekte Angebot.","breadcrumb":{"@id":"https:\/\/www.vdhurk.nl\/fiat-bedrijfswagens\/scudo\/#breadcrumb"},"inLanguage":"de","potentialAction":[{"@type":"ReadAction","target":["https:\/\/www.vdhurk.nl\/fiat-bedrijfswagens\/scudo\/"]}]},{"@type":"BreadcrumbList","@id":"https:\/\/www.vdhurk.nl\/fiat-bedrijfswagens\/scudo\/#breadcrumb","itemListElement":[{"@type":"ListItem","position":1,"name":"Home","item":"https:\/\/www.vdhurk.nl\/home\/"},{"@type":"ListItem","position":2,"name":"Fiat Bedrijfswagens","item":"https:\/\/www.vdhurk.nl\/fiat-bedrijfswagens\/"},{"@type":"ListItem","position":3,"name":"Fiat Scudo"}]},{"@type":"WebSite","@id":"https:\/\/www.vdhurk.nl\/#website","url":"https:\/\/www.vdhurk.nl\/","name":"Van den Hurk Nutzfahrzeuge","description":"Van den Hurk Nutzfahrzeuge Helmond","potentialAction":[{"@type":"SearchAction","target":{"@type":"EntryPoint","urlTemplate":"https:\/\/www.vdhurk.nl\/?s={search_term_string}"},"query-input":{"@type":"PropertyValueSpecification","valueRequired":true,"valueName":"search_term_string"}}],"inLanguage":"de"}]}},"_links":{"self":[{"href":"https:\/\/www.vdhurk.nl\/de\/wp-json\/wp\/v2\/pages\/402263","targetHints":{"allow":["GET"]}}],"collection":[{"href":"https:\/\/www.vdhurk.nl\/de\/wp-json\/wp\/v2\/pages"}],"about":[{"href":"https:\/\/www.vdhurk.nl\/de\/wp-json\/wp\/v2\/types\/page"}],"author":[{"embeddable":true,"href":"https:\/\/www.vdhurk.nl\/de\/wp-json\/wp\/v2\/users\/3"}],"replies":[{"embeddable":true,"href":"https:\/\/www.vdhurk.nl\/de\/wp-json\/wp\/v2\/comments?post=402263"}],"version-history":[{"count":1,"href":"https:\/\/www.vdhurk.nl\/de\/wp-json\/wp\/v2\/pages\/402263\/revisions"}],"predecessor-version":[{"id":402264,"href":"https:\/\/www.vdhurk.nl\/de\/wp-json\/wp\/v2\/pages\/402263\/revisions\/402264"}],"up":[{"embeddable":true,"href":"https:\/\/www.vdhurk.nl\/de\/wp-json\/wp\/v2\/pages\/372075"}],"wp:attachment":[{"href":"https:\/\/www.vdhurk.nl\/de\/wp-json\/wp\/v2\/media?parent=402263"}],"curies":[{"name":"wp","href":"https:\/\/api.w.org\/{rel}","templated":true}]}}