{"id":402259,"date":"2024-09-05T10:37:44","date_gmt":"2024-09-05T08:37:44","guid":{"rendered":"https:\/\/www.vdhurk.nl\/?page_id=402259"},"modified":"2024-09-05T10:38:45","modified_gmt":"2024-09-05T08:38:45","slug":"mercedes-15","status":"publish","type":"page","link":"https:\/\/www.vdhurk.nl\/de\/fiat-bedrijfswagens\/talento\/","title":{"rendered":"Fiat Talento"},"content":{"rendered":"<section  class='av_textblock_section av-lu8gnh7d-4ac895489941e586c1d7c8cb72318135'  itemscope=\"itemscope\" itemtype=\"https:\/\/schema.org\/CreativeWork\" ><div class='avia_textblock'  itemprop=\"text\" ><h1>Der Fiat Talento: Was Sie wissen m\u00fcssen<\/h1>\n<p>Der Fiat Talento occasion ist auf jeden Fall eine \u00dcberlegung wert, wenn Sie auf der Suche nach einem gut funktionierenden Nutzfahrzeug sind. Dieses Modell ist ein moderner Transporter, den viele Unternehmen nutzen. Und das ist nicht verwunderlich: Dieser Transporter verf\u00fcgt \u00fcber ein umfassendes Sicherheitssystem, einen starken Motor und eine gro\u00dfe Ladekapazit\u00e4t. Kurzum, dieser Transporter hat alles, was Sie f\u00fcr Ihre gesch\u00e4ftlichen Anforderungen brauchen.<\/p>\n<\/div><\/section>\n\n<style type=\"text\/css\" data-created_by=\"avia_inline_auto\" id=\"style-css-av-lujjddpd-afa3d7a9eabd61123e643ed1228e781e\">\n#top .hr.hr-invisible.av-lujjddpd-afa3d7a9eabd61123e643ed1228e781e{\nheight:50px;\n}\n<\/style>\n<div  class='hr av-lujjddpd-afa3d7a9eabd61123e643ed1228e781e hr-invisible  avia-builder-el-1  el_after_av_textblock  el_before_av_codeblock'><span class='hr-inner'><span class=\"hr-inner-style\"><\/span><\/span><\/div>\n\n\n<style type=\"text\/css\" data-created_by=\"avia_inline_auto\" id=\"style-css-av-av_hr-3a876428eececa9d35452247ddb053af\">\n#top .hr.hr-invisible.av-av_hr-3a876428eececa9d35452247ddb053af{\nheight:50px;\n}\n<\/style>\n<div  class='hr av-av_hr-3a876428eececa9d35452247ddb053af hr-invisible  avia-builder-el-3  el_after_av_codeblock  el_before_av_textblock'><span class='hr-inner'><span class=\"hr-inner-style\"><\/span><\/span><\/div>\n<section  class='av_textblock_section av-lu8gow1e-300853e458ed741bd87d6cb78e55cc7a'  itemscope=\"itemscope\" itemtype=\"https:\/\/schema.org\/CreativeWork\" ><div class='avia_textblock'  itemprop=\"text\" ><h2>Merkmale des Talento<\/h2>\n<p>Die Marke <a href=\"https:\/\/www.vdhurk.nl\/de\/fiat-nutzfahrzeuge\/\">Fiat<\/a> hat viele zuverl\u00e4ssige und vielseitige Nutzfahrzeuge hergestellt, und der Talento ist da keine Ausnahme. Mehrere Fiat Talento-Modelle sind sowohl mit Standard- als auch mit Sonderausstattungen erh\u00e4ltlich, so dass er f\u00fcr jeden gewerblichen Nutzer geeignet ist. Der Talento ist bekannt f\u00fcr seine kompakte Gr\u00f6\u00dfe, die ein perfektes Gleichgewicht zwischen Man\u00f6vrierf\u00e4higkeit und Nutzlast erm\u00f6glicht. Das macht dieses Nutzfahrzeug perfekt f\u00fcr den Stadtverkehr.<\/p>\n<\/div><\/section>\n<div class='flex_column av-f64w1-da126f42b61613402309283c14245a25 av_one_half  avia-builder-el-5  el_after_av_textblock  el_before_av_one_third  first flex_column_div column-top-margin'   ><section  class='av_textblock_section av-lu8gpqre-73cc2c17e6a6497ba6e1b58af22bd9e8'  itemscope=\"itemscope\" itemtype=\"https:\/\/schema.org\/CreativeWork\" ><div class='avia_textblock'  itemprop=\"text\" ><h2><b>Welche Vorteile bringt dieses Fahrzeug mit sich?<\/b><\/h2>\n<p>Der Fiat Talento ist ein vielseitiges Nutzfahrzeug, das sich ideal f\u00fcr verschiedene Branchen eignet, z. B. f\u00fcr Bauunternehmen, Kurierdienste und Lieferunternehmen, die sich auf den Transport von Waren konzentrieren. Trotz seiner kompakten Gr\u00f6\u00dfe bietet der Talento einen \u00fcberraschend gro\u00dfz\u00fcgigen Laderaum, so dass auch gro\u00dfe Lasten m\u00fchelos transportiert werden k\u00f6nnen. Zudem sorgt der komfortable Innenraum daf\u00fcr, dass auch lange Strecken f\u00fcr den Fahrer kein Problem darstellen. Mit den verschiedenen verf\u00fcgbaren Optionen kann der Talento leicht auf die spezifischen Bed\u00fcrfnisse Ihres Unternehmens zugeschnitten werden, was diesen Transporter zu einer flexiblen und zuverl\u00e4ssigen Wahl macht.<\/p>\n<\/div><\/section><\/div>\n<div class='flex_column av-aldk9-ee694297f5c4032981677a02caab84d6 av_one_third  avia-builder-el-7  el_after_av_one_half  el_before_av_hr  flex_column_div column-top-margin'   ><style type=\"text\/css\" data-created_by=\"avia_inline_auto\" id=\"style-css-av-l1w9kpsf-4ec3fab772ec7a9adaa33cfc64ff0475\">\n.avia-image-container.av-l1w9kpsf-4ec3fab772ec7a9adaa33cfc64ff0475 .av-image-caption-overlay-center{\ncolor:#ffffff;\n}\n<\/style>\n<div  class='avia-image-container av-l1w9kpsf-4ec3fab772ec7a9adaa33cfc64ff0475 av-styling- avia-align-center  avia-builder-el-8  avia-builder-el-no-sibling'  itemprop=\"image\" itemscope=\"itemscope\" itemtype=\"https:\/\/schema.org\/ImageObject\" ><div class=\"avia-image-container-inner\"><div class=\"avia-image-overlay-wrap\"><img decoding=\"async\" class='wp-image-187 avia-img-lazy-loading-not-187 avia_image' src=\"https:\/\/www.vdhurk.nl\/wp-content\/uploads\/2022\/03\/Voorrad.png\" alt='' title='Lagerbestand'  height=\"758\" width=\"1135\"  itemprop=\"thumbnailUrl\" srcset=\"https:\/\/www.vdhurk.nl\/wp-content\/uploads\/2022\/03\/Voorrad.png 1135w, https:\/\/www.vdhurk.nl\/wp-content\/uploads\/2022\/03\/Voorrad-300x200.png 300w, https:\/\/www.vdhurk.nl\/wp-content\/uploads\/2022\/03\/Voorrad-1030x688.png 1030w, https:\/\/www.vdhurk.nl\/wp-content\/uploads\/2022\/03\/Voorrad-768x513.png 768w, https:\/\/www.vdhurk.nl\/wp-content\/uploads\/2022\/03\/Voorrad-18x12.png 18w, https:\/\/www.vdhurk.nl\/wp-content\/uploads\/2022\/03\/Voorrad-705x471.png 705w\" sizes=\"(max-width: 1135px) 100vw, 1135px\" \/><\/div><\/div><\/div><\/div>\n\n<style type=\"text\/css\" data-created_by=\"avia_inline_auto\" id=\"style-css-av-luqrjpjc-5a23a1fb5f94718ca85316a9df963e2f\">\n#top .hr.hr-invisible.av-luqrjpjc-5a23a1fb5f94718ca85316a9df963e2f{\nheight:50px;\n}\n<\/style>\n<div  class='hr av-luqrjpjc-5a23a1fb5f94718ca85316a9df963e2f hr-invisible  avia-builder-el-9  el_after_av_one_third  el_before_av_textblock'><span class='hr-inner'><span class=\"hr-inner-style\"><\/span><\/span><\/div>\n<section  class='av_textblock_section av-lu8gtjw7-4f3cee9304909518d86d2860d9d582dd'  itemscope=\"itemscope\" itemtype=\"https:\/\/schema.org\/CreativeWork\" ><div class='avia_textblock'  itemprop=\"text\" ><h2>Wie hoch sind die Preise?<\/h2>\n<p>M\u00f6chten Sie einen Fiat Talento kaufen? Dann wollen Sie nat\u00fcrlich mehr Informationen \u00fcber die Preise. Wir haben regelm\u00e4\u00dfig verschiedene Modelle im Angebot. Aufgrund der unterschiedlichen Versionen, des Baujahres und der Laufleistung k\u00f6nnen die Unternehmen variieren. Dennoch m\u00f6chten wir Ihnen einen Anhaltspunkt geben, welchen Preis Sie f\u00fcr einen Fiat Talento bezahlen werden. Im Allgemeinen m\u00fcssen Sie f\u00fcr einen neuen Fiat Talento mit einem Preis zwischen 25.000 und 35.000 Euro rechnen. Modelle aus zweiter Hand sind oft g\u00fcnstiger zu haben. Auch hier variiert der Preis je nach Baujahr, Kilometerstand und Zustand des Fahrzeugs. Im Allgemeinen liegen die Preise f\u00fcr einen Fiat Talento Gebrauchtwagen zwischen 15.000 und 25.000 Euro. Da sich unser Angebot st\u00e4ndig \u00e4ndert, empfehlen wir Ihnen, sich regelm\u00e4\u00dfig \u00fcber das aktuelle Angebot zu informieren.<\/p>\n<h2>Leasing eines Fiat Talento<\/h2>\n<p>Sie suchen einen Firmenwagen, wollen aber nicht gleich eine gro\u00dfe Investition t\u00e4tigen? Dann <a href=\"https:\/\/www.vdhurk.nl\/de\/finanzierungsleasing\/\">Finanzierungsleasing<\/a> eine empfehlenswerte Option. Bei dieser Option zahlen Sie das Fahrzeug in monatlichen Raten ab und es geht nach und nach in Ihr Eigentum \u00fcber. Sie zahlen jeden Monat einen festen Betrag und haben so keine unangenehmen Ausgaben. Am Ende des Leasingzeitraums sind Sie dann der vollst\u00e4ndige Eigent\u00fcmer des Nutzfahrzeugs.<\/p>\n<h2>Finden Sie das richtige Nutzfahrzeug<\/h2>\n<p>Sie m\u00f6chten einen Fiat Talento gebraucht oder neu kaufen? Bei Van den Hurk finden Sie die L\u00f6sung, die perfekt zu Ihren gesch\u00e4ftlichen Anforderungen passt. Unser Team ist immer bereit, Sie zu beraten, damit Sie die richtige Wahl treffen k\u00f6nnen. Nehmen Sie Kontakt mit uns auf, um unser aktuelles Angebot zu besprechen.<\/p>\n<\/div><\/section>","protected":false},"excerpt":{"rendered":"","protected":false},"author":3,"featured_media":0,"parent":372075,"menu_order":0,"comment_status":"closed","ping_status":"closed","template":"","meta":{"_acf_changed":false,"_improvement_type_select":"improve_an_existing","_thumb_yes_seoaic":false,"_frame_yes_seoaic":false,"seoaic_generate_description":"","seoaic_improve_instructions_prompt":"","seoaic_rollback_content_improvement":"","seoaic_idea_thumbnail_generator":"","thumbnail_generated":false,"thumbnail_generate_prompt":"","seoaic_article_description":"","footnotes":""},"class_list":["post-402259","page","type-page","status-publish","hentry"],"acf":[],"yoast_head":"<!-- This site is optimized with the Yoast SEO plugin v27.5 - https:\/\/yoast.com\/product\/yoast-seo-wordpress\/ -->\n<title>Fiat Talento occasion kopen? Bekijk ons actuele aanbod<\/title>\n<meta name=\"description\" content=\"Benieuwd of de Fiat Talento occasion geschikt is voor jouw zakelijke behoeften? Ontdek alle specificaties en maak een weloverwogen keuze.\" \/>\n<meta name=\"robots\" content=\"index, follow, max-snippet:-1, max-image-preview:large, max-video-preview:-1\" \/>\n<link rel=\"canonical\" href=\"https:\/\/www.vdhurk.nl\/de\/fiat-nutzfahrzeuge\/mercedes-15\/\" \/>\n<meta property=\"og:locale\" content=\"de_DE\" \/>\n<meta property=\"og:type\" content=\"article\" \/>\n<meta property=\"og:title\" content=\"Fiat Talento occasion kopen? Bekijk ons actuele aanbod\" \/>\n<meta property=\"og:description\" content=\"Benieuwd of de Fiat Talento occasion geschikt is voor jouw zakelijke behoeften? Ontdek alle specificaties en maak een weloverwogen keuze.\" \/>\n<meta property=\"og:url\" content=\"https:\/\/www.vdhurk.nl\/de\/fiat-nutzfahrzeuge\/mercedes-15\/\" \/>\n<meta property=\"og:site_name\" content=\"Van den Hurk Bedrijfswagens\" \/>\n<meta property=\"article:modified_time\" content=\"2024-09-05T08:38:45+00:00\" \/>\n<meta name=\"twitter:card\" content=\"summary_large_image\" \/>\n<meta name=\"twitter:label1\" content=\"Gesch\u00e4tzte Lesezeit\" \/>\n\t<meta name=\"twitter:data1\" content=\"4\u00a0Minuten\" \/>\n<script type=\"application\/ld+json\" class=\"yoast-schema-graph\">{\"@context\":\"https:\\\/\\\/schema.org\",\"@graph\":[{\"@type\":\"WebPage\",\"@id\":\"https:\\\/\\\/www.vdhurk.nl\\\/fiat-bedrijfswagens\\\/talento\\\/\",\"url\":\"https:\\\/\\\/www.vdhurk.nl\\\/fiat-bedrijfswagens\\\/talento\\\/\",\"name\":\"Fiat Talento occasion kopen? Bekijk ons actuele aanbod\",\"isPartOf\":{\"@id\":\"https:\\\/\\\/www.vdhurk.nl\\\/#website\"},\"datePublished\":\"2024-09-05T08:37:44+00:00\",\"dateModified\":\"2024-09-05T08:38:45+00:00\",\"description\":\"Benieuwd of de Fiat Talento occasion geschikt is voor jouw zakelijke behoeften? Ontdek alle specificaties en maak een weloverwogen keuze.\",\"breadcrumb\":{\"@id\":\"https:\\\/\\\/www.vdhurk.nl\\\/fiat-bedrijfswagens\\\/talento\\\/#breadcrumb\"},\"inLanguage\":\"de\",\"potentialAction\":[{\"@type\":\"ReadAction\",\"target\":[\"https:\\\/\\\/www.vdhurk.nl\\\/fiat-bedrijfswagens\\\/talento\\\/\"]}]},{\"@type\":\"BreadcrumbList\",\"@id\":\"https:\\\/\\\/www.vdhurk.nl\\\/fiat-bedrijfswagens\\\/talento\\\/#breadcrumb\",\"itemListElement\":[{\"@type\":\"ListItem\",\"position\":1,\"name\":\"Home\",\"item\":\"https:\\\/\\\/www.vdhurk.nl\\\/home\\\/\"},{\"@type\":\"ListItem\",\"position\":2,\"name\":\"Fiat Bedrijfswagens\",\"item\":\"https:\\\/\\\/www.vdhurk.nl\\\/fiat-bedrijfswagens\\\/\"},{\"@type\":\"ListItem\",\"position\":3,\"name\":\"Fiat Talento\"}]},{\"@type\":\"WebSite\",\"@id\":\"https:\\\/\\\/www.vdhurk.nl\\\/#website\",\"url\":\"https:\\\/\\\/www.vdhurk.nl\\\/\",\"name\":\"Van den Hurk Bedrijfswagens\",\"description\":\"Van den Hurk bedrijfswagens Helmond\",\"potentialAction\":[{\"@type\":\"SearchAction\",\"target\":{\"@type\":\"EntryPoint\",\"urlTemplate\":\"https:\\\/\\\/www.vdhurk.nl\\\/?s={search_term_string}\"},\"query-input\":{\"@type\":\"PropertyValueSpecification\",\"valueRequired\":true,\"valueName\":\"search_term_string\"}}],\"inLanguage\":\"de\"}]}<\/script>\n<!-- \/ Yoast SEO plugin. -->","yoast_head_json":{"title":"Kaufen Sie einen Fiat Talento? Sehen Sie sich unser aktuelles Angebot an","description":"Fragen Sie sich, ob der Fiat Talento occasion f\u00fcr Ihre gesch\u00e4ftlichen Anforderungen geeignet ist? Entdecken Sie alle Spezifikationen und treffen Sie eine fundierte Entscheidung.","robots":{"index":"index","follow":"follow","max-snippet":"max-snippet:-1","max-image-preview":"max-image-preview:large","max-video-preview":"max-video-preview:-1"},"canonical":"https:\/\/www.vdhurk.nl\/de\/fiat-nutzfahrzeuge\/mercedes-15\/","og_locale":"de_DE","og_type":"article","og_title":"Fiat Talento occasion kopen? Bekijk ons actuele aanbod","og_description":"Benieuwd of de Fiat Talento occasion geschikt is voor jouw zakelijke behoeften? Ontdek alle specificaties en maak een weloverwogen keuze.","og_url":"https:\/\/www.vdhurk.nl\/de\/fiat-nutzfahrzeuge\/mercedes-15\/","og_site_name":"Van den Hurk Bedrijfswagens","article_modified_time":"2024-09-05T08:38:45+00:00","twitter_card":"summary_large_image","twitter_misc":{"Gesch\u00e4tzte Lesezeit":"4\u00a0Minuten"},"schema":{"@context":"https:\/\/schema.org","@graph":[{"@type":"WebPage","@id":"https:\/\/www.vdhurk.nl\/fiat-bedrijfswagens\/talento\/","url":"https:\/\/www.vdhurk.nl\/fiat-bedrijfswagens\/talento\/","name":"Kaufen Sie einen Fiat Talento? Sehen Sie sich unser aktuelles Angebot an","isPartOf":{"@id":"https:\/\/www.vdhurk.nl\/#website"},"datePublished":"2024-09-05T08:37:44+00:00","dateModified":"2024-09-05T08:38:45+00:00","description":"Fragen Sie sich, ob der Fiat Talento occasion f\u00fcr Ihre gesch\u00e4ftlichen Anforderungen geeignet ist? Entdecken Sie alle Spezifikationen und treffen Sie eine fundierte Entscheidung.","breadcrumb":{"@id":"https:\/\/www.vdhurk.nl\/fiat-bedrijfswagens\/talento\/#breadcrumb"},"inLanguage":"de","potentialAction":[{"@type":"ReadAction","target":["https:\/\/www.vdhurk.nl\/fiat-bedrijfswagens\/talento\/"]}]},{"@type":"BreadcrumbList","@id":"https:\/\/www.vdhurk.nl\/fiat-bedrijfswagens\/talento\/#breadcrumb","itemListElement":[{"@type":"ListItem","position":1,"name":"Home","item":"https:\/\/www.vdhurk.nl\/home\/"},{"@type":"ListItem","position":2,"name":"Fiat Bedrijfswagens","item":"https:\/\/www.vdhurk.nl\/fiat-bedrijfswagens\/"},{"@type":"ListItem","position":3,"name":"Fiat Talento"}]},{"@type":"WebSite","@id":"https:\/\/www.vdhurk.nl\/#website","url":"https:\/\/www.vdhurk.nl\/","name":"Van den Hurk Nutzfahrzeuge","description":"Van den Hurk Nutzfahrzeuge Helmond","potentialAction":[{"@type":"SearchAction","target":{"@type":"EntryPoint","urlTemplate":"https:\/\/www.vdhurk.nl\/?s={search_term_string}"},"query-input":{"@type":"PropertyValueSpecification","valueRequired":true,"valueName":"search_term_string"}}],"inLanguage":"de"}]}},"_links":{"self":[{"href":"https:\/\/www.vdhurk.nl\/de\/wp-json\/wp\/v2\/pages\/402259","targetHints":{"allow":["GET"]}}],"collection":[{"href":"https:\/\/www.vdhurk.nl\/de\/wp-json\/wp\/v2\/pages"}],"about":[{"href":"https:\/\/www.vdhurk.nl\/de\/wp-json\/wp\/v2\/types\/page"}],"author":[{"embeddable":true,"href":"https:\/\/www.vdhurk.nl\/de\/wp-json\/wp\/v2\/users\/3"}],"replies":[{"embeddable":true,"href":"https:\/\/www.vdhurk.nl\/de\/wp-json\/wp\/v2\/comments?post=402259"}],"version-history":[{"count":3,"href":"https:\/\/www.vdhurk.nl\/de\/wp-json\/wp\/v2\/pages\/402259\/revisions"}],"predecessor-version":[{"id":402262,"href":"https:\/\/www.vdhurk.nl\/de\/wp-json\/wp\/v2\/pages\/402259\/revisions\/402262"}],"up":[{"embeddable":true,"href":"https:\/\/www.vdhurk.nl\/de\/wp-json\/wp\/v2\/pages\/372075"}],"wp:attachment":[{"href":"https:\/\/www.vdhurk.nl\/de\/wp-json\/wp\/v2\/media?parent=402259"}],"curies":[{"name":"wp","href":"https:\/\/api.w.org\/{rel}","templated":true}]}}