{"id":397532,"date":"2024-08-01T16:13:36","date_gmt":"2024-08-01T14:13:36","guid":{"rendered":"https:\/\/www.vdhurk.nl\/?page_id=397532"},"modified":"2024-08-01T16:13:36","modified_gmt":"2024-08-01T14:13:36","slug":"mercedes-22","status":"publish","type":"page","link":"https:\/\/www.vdhurk.nl\/de\/mercedes-bedrijfswagens\/citan\/","title":{"rendered":"Mercedes Citan"},"content":{"rendered":"<section  class='av_textblock_section av-lu8gnh7d-4ac895489941e586c1d7c8cb72318135'  itemscope=\"itemscope\" itemtype=\"https:\/\/schema.org\/CreativeWork\" ><div class='avia_textblock'  itemprop=\"text\" ><h1>Der Mercedes Citan im Einsatz als Nutzfahrzeug<\/h1>\n<p>Der Mercedes Citan occasion ist ein Transporter, der sich durch seine Vielseitigkeit und den Mercedes-Benz Komfort auszeichnet. Seit seiner Einf\u00fchrung wurde dieses Modell sowohl f\u00fcr den Stadtverkehr als auch f\u00fcr Langstrecken konzipiert. Daher bietet dieses Modell eine hervorragende Mischung aus Funktionalit\u00e4t und Fahrkomfort. Dies macht die hervorragende Mischung aus Funktionalit\u00e4t und Fahrkomfort aus. Das macht ihn zu einer beliebten Wahl f\u00fcr Unternehmer.<\/p>\n<\/div><\/section>\n\n<style type=\"text\/css\" data-created_by=\"avia_inline_auto\" id=\"style-css-av-lujjddpd-afa3d7a9eabd61123e643ed1228e781e\">\n#top .hr.hr-invisible.av-lujjddpd-afa3d7a9eabd61123e643ed1228e781e{\nheight:50px;\n}\n<\/style>\n<div  class='hr av-lujjddpd-afa3d7a9eabd61123e643ed1228e781e hr-invisible  avia-builder-el-1  el_after_av_textblock  el_before_av_codeblock'><span class='hr-inner'><span class=\"hr-inner-style\"><\/span><\/span><\/div>\n\n\n<style type=\"text\/css\" data-created_by=\"avia_inline_auto\" id=\"style-css-av-ah0xd-63338d9dc6b40410e22a712829c369d6\">\n#top .hr.hr-invisible.av-ah0xd-63338d9dc6b40410e22a712829c369d6{\nheight:50px;\n}\n<\/style>\n<div  class='hr av-ah0xd-63338d9dc6b40410e22a712829c369d6 hr-invisible  avia-builder-el-3  el_after_av_codeblock  el_before_av_textblock'><span class='hr-inner'><span class=\"hr-inner-style\"><\/span><\/span><\/div>\n<section  class='av_textblock_section av-lu8gow1e-300853e458ed741bd87d6cb78e55cc7a'  itemscope=\"itemscope\" itemtype=\"https:\/\/schema.org\/CreativeWork\" ><div class='avia_textblock'  itemprop=\"text\" ><h2>5 Gr\u00fcnde, warum der Mercedes Citan eine beliebte Wahl ist<\/h2>\n<p>Der Mercedes Citan ist eine beliebte Wahl, denn dieses Modell bietet mehrere Vorteile:<\/p>\n<ul>\n<li><strong>Verl\u00e4sslichkeit:<\/strong> Mercedes-Benz ist f\u00fcr seine hohe Qualit\u00e4t und damit f\u00fcr seine Zuverl\u00e4ssigkeit bekannt. Das gilt auch f\u00fcr den Citan. Bei diesem Modell k\u00f6nnen Sie eine lange Nutzungsdauer erwarten.<\/li>\n<li><strong>Kraftstoffeffizienz<\/strong>Der Citan wurde unter dem Gesichtspunkt der Kraftstoffeffizienz entwickelt. Das sorgt f\u00fcr niedrigere Betriebskosten. Das ist vor allem f\u00fcr Unternehmen von Vorteil, die viele und lange Strecken zur\u00fccklegen.<\/li>\n<li><strong>Viel Laderaum:<\/strong> Seine gro\u00dfe Ladekapazit\u00e4t und die M\u00f6glichkeit, den Innenraum individuell zu gestalten, sind besonders wertvoll f\u00fcr Unternehmen mit unterschiedlichen Logistikanforderungen.<\/li>\n<li><strong>Fahrkomfort und Sicherheitsmerkmale:<\/strong> Der Citan verbindet die Robustheit eines Nutzfahrzeugs mit dem Komfort eines Pkws. Das sorgt f\u00fcr ein angenehmes Fahrgef\u00fchl, auch auf langen Strecken. Dar\u00fcber hinaus ist der Citan mit Sicherheitsmerkmalen ausgestattet, die die Sicherheit des Fahrers und aller Passagiere gew\u00e4hrleisten.<\/li>\n<li><strong>Professionelles Auftreten:<\/strong> Ein Mercedes-Nutzfahrzeug strahlt Professionalit\u00e4t aus. F\u00fcr Unternehmen kann der Besitz eines Fahrzeugs einer renommierten Marke wie Mercedes-Benz zu einem positiven Image bei Kunden und Partnern beitragen.<\/li>\n<\/ul>\n<p>Diese Vorteile machen den Mercedes Citan zu einer beliebten Wahl f\u00fcr Unternehmen, die ein leistungsstarkes Nutzfahrzeug suchen.<\/p>\n<\/div><\/section>\n<div class='flex_column av-f64w1-da126f42b61613402309283c14245a25 av_one_half  avia-builder-el-5  el_after_av_textblock  el_before_av_one_third  first flex_column_div column-top-margin'   ><section  class='av_textblock_section av-lu8gpqre-73cc2c17e6a6497ba6e1b58af22bd9e8'  itemscope=\"itemscope\" itemtype=\"https:\/\/schema.org\/CreativeWork\" ><div class='avia_textblock'  itemprop=\"text\" ><h2>Der Innenraum des Mercedes Citan<\/h2>\n<p>Bei der Entwicklung des Mercedes Citan standen Komfort, Funktionalit\u00e4t und Fahrkomfort im Vordergrund. Das macht ihn zu einer attraktiven Option f\u00fcr Firmenkunden. Der Innenraum ist ergonomisch gestaltet und bietet maximalen Komfort. Die Sitze sind gut geformt und bieten Halt, was das Fahren von langen Strecken noch attraktiver macht. <a href=\"https:\/\/www.vdhurk.nl\/de\/nutzfahrzeuge\/mercedes\/\">Mercedes Nutzfahrzeuge<\/a> Im Innenraum werden hochwertige Materialien verwendet, die ein Gef\u00fchl von Luxus vermitteln. Der Innenraum bietet viel Platz und ist funktionell gestaltet. Es gibt viel Platz, was das Fahren erleichtert. Au\u00dferdem gibt es mehrere Ablagem\u00f6glichkeiten, um Dinge einfach zu verstauen.<\/p>\n<\/div><\/section><\/div><div class='flex_column av-aldk9-ee694297f5c4032981677a02caab84d6 av_one_third  avia-builder-el-7  el_after_av_one_half  el_before_av_hr  flex_column_div column-top-margin'   ><style type=\"text\/css\" data-created_by=\"avia_inline_auto\" id=\"style-css-av-l1w9kpsf-4ec3fab772ec7a9adaa33cfc64ff0475\">\n.avia-image-container.av-l1w9kpsf-4ec3fab772ec7a9adaa33cfc64ff0475 .av-image-caption-overlay-center{\ncolor:#ffffff;\n}\n<\/style>\n<div  class='avia-image-container av-l1w9kpsf-4ec3fab772ec7a9adaa33cfc64ff0475 av-styling- avia-align-center  avia-builder-el-8  avia-builder-el-no-sibling'  itemprop=\"image\" itemscope=\"itemscope\" itemtype=\"https:\/\/schema.org\/ImageObject\" ><div class=\"avia-image-container-inner\"><div class=\"avia-image-overlay-wrap\"><img decoding=\"async\" class='wp-image-187 avia-img-lazy-loading-not-187 avia_image' src=\"https:\/\/www.vdhurk.nl\/wp-content\/uploads\/2022\/03\/Voorrad.png\" alt='' title='Lagerbestand'  height=\"758\" width=\"1135\"  itemprop=\"thumbnailUrl\" srcset=\"https:\/\/www.vdhurk.nl\/wp-content\/uploads\/2022\/03\/Voorrad.png 1135w, https:\/\/www.vdhurk.nl\/wp-content\/uploads\/2022\/03\/Voorrad-300x200.png 300w, https:\/\/www.vdhurk.nl\/wp-content\/uploads\/2022\/03\/Voorrad-1030x688.png 1030w, https:\/\/www.vdhurk.nl\/wp-content\/uploads\/2022\/03\/Voorrad-768x513.png 768w, https:\/\/www.vdhurk.nl\/wp-content\/uploads\/2022\/03\/Voorrad-18x12.png 18w, https:\/\/www.vdhurk.nl\/wp-content\/uploads\/2022\/03\/Voorrad-705x471.png 705w\" sizes=\"(max-width: 1135px) 100vw, 1135px\" \/><\/div><\/div><\/div><\/div><\/p>\n\n<style type=\"text\/css\" data-created_by=\"avia_inline_auto\" id=\"style-css-av-luqrjpjc-5a23a1fb5f94718ca85316a9df963e2f\">\n#top .hr.hr-invisible.av-luqrjpjc-5a23a1fb5f94718ca85316a9df963e2f{\nheight:50px;\n}\n<\/style>\n<div  class='hr av-luqrjpjc-5a23a1fb5f94718ca85316a9df963e2f hr-invisible  avia-builder-el-9  el_after_av_one_third  el_before_av_textblock'><span class='hr-inner'><span class=\"hr-inner-style\"><\/span><\/span><\/div>\n<section  class='av_textblock_section av-lu8gtjw7-4f3cee9304909518d86d2860d9d582dd'  itemscope=\"itemscope\" itemtype=\"https:\/\/schema.org\/CreativeWork\" ><div class='avia_textblock'  itemprop=\"text\" ><h2>Kauf eines Mercedes Citan: Welche \u00dcberlegungen sollten Sie anstellen?<\/h2>\n<p>Der Kauf eines Mercedes Citan ist eine kluge Investition f\u00fcr Unternehmen. Erw\u00e4gen Sie den Kauf dieses Modells? Dann ist es gut, wenn Sie einige Aspekte ber\u00fccksichtigen. Wof\u00fcr werden Sie den Firmenwagen nutzen, wie oft und f\u00fcr welche Strecken? Au\u00dferdem sollten Sie sich entscheiden, ob Sie ein neues oder ein gebrauchtes Nutzfahrzeug kaufen m\u00f6chten. Wir bieten beide Optionen an. Sie sind sich nicht sicher, was am besten zu Ihren gesch\u00e4ftlichen Anforderungen passt? Das ist kein Problem. Wir beraten Sie gerne.<\/p>\n<h2>Leasing eines Mercedes Citan<\/h2>\n<p>Leasing ist eine h\u00e4ufig genutzte Finanzierungsoption bei Van den Hurk f\u00fcr Unternehmen, die ein Nutzfahrzeug kaufen m\u00f6chten, aber nicht den gesamten Betrag auf einmal zahlen wollen. Mit unserem <a href=\"https:\/\/www.vdhurk.nl\/de\/finanzierungsleasing\/\">Finanzierungsleasing<\/a> Im Rahmen eines Leasingvertrags nehmen Sie das Nutzfahrzeug in Gebrauch und zahlen einen monatlichen Leasingbetrag. Am Ende des Leasingzeitraums werden Sie Eigent\u00fcmer des Nutzfahrzeugs.<\/p>\n<h2>Einrichtungen<\/h2>\n<p>Der Mercedes Citan ist ein vielseitiger und zuverl\u00e4ssiger Transporter, der \u00fcber zahlreiche Sicherheits- und Komfortfunktionen verf\u00fcgt. Dazu geh\u00f6ren eine Einparkkamera, Toter-Winkel-Erkennung, Verkehrszeichenerkennung, Kollisionsvermeidung und Fahrspurassistent. Au\u00dferdem m\u00fcssen Sie sich an hei\u00dfen Sommertagen keine Sorgen machen. Denn der Dienstwagen ist mit einer Klimaanlage ausgestattet. Dar\u00fcber hinaus profitieren Sie von weiteren Funktionen wie Infotainmentsystemen und USB-Anschl\u00fcssen.<\/p>\n<h2><b>W\u00e4hlen Sie ein gut funktionierendes Nutzfahrzeug<\/b><\/h2>\n<p>Wenn Sie auf der Suche nach einem Nutzfahrzeug sind, ist der Mercedes Citan eine ausgezeichnete Wahl. Mit seiner robusten Konstruktion, dem ger\u00e4umigen Ladevolumen und dem komfortablen Innenraum bietet der Citan eine gute Mischung aus Funktionalit\u00e4t und Fahrkomfort.<\/p>\n<\/div><\/section>","protected":false},"excerpt":{"rendered":"","protected":false},"author":3,"featured_media":0,"parent":370573,"menu_order":0,"comment_status":"closed","ping_status":"closed","template":"","meta":{"_acf_changed":false,"_improvement_type_select":"improve_an_existing","_thumb_yes_seoaic":false,"_frame_yes_seoaic":false,"seoaic_generate_description":"","seoaic_improve_instructions_prompt":"","seoaic_rollback_content_improvement":"","seoaic_idea_thumbnail_generator":"","thumbnail_generated":false,"thumbnail_generate_prompt":"","seoaic_article_description":"","footnotes":""},"class_list":["post-397532","page","type-page","status-publish","hentry"],"acf":[],"yoast_head":"<!-- This site is optimized with the Yoast SEO plugin v27.5 - https:\/\/yoast.com\/product\/yoast-seo-wordpress\/ -->\n<title>Ontdek alles wat je wilt weten over de Mercedes Citan occasion<\/title>\n<meta name=\"description\" content=\"Meer weten over de Mercedes Citan occasion? Ontdek alle specificaties van dit model en kijk of het bij jouw zakelijke behoeften aansluit.\" \/>\n<meta name=\"robots\" content=\"index, follow, max-snippet:-1, max-image-preview:large, max-video-preview:-1\" \/>\n<link rel=\"canonical\" href=\"https:\/\/www.vdhurk.nl\/de\/mercedes-9\/mercedes-22\/\" \/>\n<meta property=\"og:locale\" content=\"de_DE\" \/>\n<meta property=\"og:type\" content=\"article\" \/>\n<meta property=\"og:title\" content=\"Ontdek alles wat je wilt weten over de Mercedes Citan occasion\" \/>\n<meta property=\"og:description\" content=\"Meer weten over de Mercedes Citan occasion? Ontdek alle specificaties van dit model en kijk of het bij jouw zakelijke behoeften aansluit.\" \/>\n<meta property=\"og:url\" content=\"https:\/\/www.vdhurk.nl\/de\/mercedes-9\/mercedes-22\/\" \/>\n<meta property=\"og:site_name\" content=\"Van den Hurk Bedrijfswagens\" \/>\n<meta name=\"twitter:card\" content=\"summary_large_image\" \/>\n<meta name=\"twitter:label1\" content=\"Gesch\u00e4tzte Lesezeit\" \/>\n\t<meta name=\"twitter:data1\" content=\"5\u00a0Minuten\" \/>\n<script type=\"application\/ld+json\" class=\"yoast-schema-graph\">{\"@context\":\"https:\\\/\\\/schema.org\",\"@graph\":[{\"@type\":\"WebPage\",\"@id\":\"https:\\\/\\\/www.vdhurk.nl\\\/mercedes-bedrijfswagens\\\/citan\\\/\",\"url\":\"https:\\\/\\\/www.vdhurk.nl\\\/mercedes-bedrijfswagens\\\/citan\\\/\",\"name\":\"Ontdek alles wat je wilt weten over de Mercedes Citan occasion\",\"isPartOf\":{\"@id\":\"https:\\\/\\\/www.vdhurk.nl\\\/#website\"},\"datePublished\":\"2024-08-01T14:13:36+00:00\",\"description\":\"Meer weten over de Mercedes Citan occasion? Ontdek alle specificaties van dit model en kijk of het bij jouw zakelijke behoeften aansluit.\",\"breadcrumb\":{\"@id\":\"https:\\\/\\\/www.vdhurk.nl\\\/mercedes-bedrijfswagens\\\/citan\\\/#breadcrumb\"},\"inLanguage\":\"de\",\"potentialAction\":[{\"@type\":\"ReadAction\",\"target\":[\"https:\\\/\\\/www.vdhurk.nl\\\/mercedes-bedrijfswagens\\\/citan\\\/\"]}]},{\"@type\":\"BreadcrumbList\",\"@id\":\"https:\\\/\\\/www.vdhurk.nl\\\/mercedes-bedrijfswagens\\\/citan\\\/#breadcrumb\",\"itemListElement\":[{\"@type\":\"ListItem\",\"position\":1,\"name\":\"Home\",\"item\":\"https:\\\/\\\/www.vdhurk.nl\\\/home\\\/\"},{\"@type\":\"ListItem\",\"position\":2,\"name\":\"Mercedes Bedrijfswagens\",\"item\":\"https:\\\/\\\/www.vdhurk.nl\\\/mercedes-bedrijfswagens\\\/\"},{\"@type\":\"ListItem\",\"position\":3,\"name\":\"Mercedes Citan\"}]},{\"@type\":\"WebSite\",\"@id\":\"https:\\\/\\\/www.vdhurk.nl\\\/#website\",\"url\":\"https:\\\/\\\/www.vdhurk.nl\\\/\",\"name\":\"Van den Hurk Bedrijfswagens\",\"description\":\"Van den Hurk bedrijfswagens Helmond\",\"potentialAction\":[{\"@type\":\"SearchAction\",\"target\":{\"@type\":\"EntryPoint\",\"urlTemplate\":\"https:\\\/\\\/www.vdhurk.nl\\\/?s={search_term_string}\"},\"query-input\":{\"@type\":\"PropertyValueSpecification\",\"valueRequired\":true,\"valueName\":\"search_term_string\"}}],\"inLanguage\":\"de\"}]}<\/script>\n<!-- \/ Yoast SEO plugin. -->","yoast_head_json":{"title":"Erfahren Sie alles, was Sie \u00fcber den Mercedes Citan Gebrauchtwagen wissen m\u00fcssen","description":"M\u00f6chten Sie mehr \u00fcber den Mercedes Citan erfahren? Entdecken Sie alle Spezifikationen dieses Modells und sehen Sie, ob es zu Ihren gesch\u00e4ftlichen Anforderungen passt.","robots":{"index":"index","follow":"follow","max-snippet":"max-snippet:-1","max-image-preview":"max-image-preview:large","max-video-preview":"max-video-preview:-1"},"canonical":"https:\/\/www.vdhurk.nl\/de\/mercedes-9\/mercedes-22\/","og_locale":"de_DE","og_type":"article","og_title":"Ontdek alles wat je wilt weten over de Mercedes Citan occasion","og_description":"Meer weten over de Mercedes Citan occasion? Ontdek alle specificaties van dit model en kijk of het bij jouw zakelijke behoeften aansluit.","og_url":"https:\/\/www.vdhurk.nl\/de\/mercedes-9\/mercedes-22\/","og_site_name":"Van den Hurk Bedrijfswagens","twitter_card":"summary_large_image","twitter_misc":{"Gesch\u00e4tzte Lesezeit":"5\u00a0Minuten"},"schema":{"@context":"https:\/\/schema.org","@graph":[{"@type":"WebPage","@id":"https:\/\/www.vdhurk.nl\/mercedes-bedrijfswagens\/citan\/","url":"https:\/\/www.vdhurk.nl\/mercedes-bedrijfswagens\/citan\/","name":"Erfahren Sie alles, was Sie \u00fcber den Mercedes Citan Gebrauchtwagen wissen m\u00fcssen","isPartOf":{"@id":"https:\/\/www.vdhurk.nl\/#website"},"datePublished":"2024-08-01T14:13:36+00:00","description":"M\u00f6chten Sie mehr \u00fcber den Mercedes Citan erfahren? Entdecken Sie alle Spezifikationen dieses Modells und sehen Sie, ob es zu Ihren gesch\u00e4ftlichen Anforderungen passt.","breadcrumb":{"@id":"https:\/\/www.vdhurk.nl\/mercedes-bedrijfswagens\/citan\/#breadcrumb"},"inLanguage":"de","potentialAction":[{"@type":"ReadAction","target":["https:\/\/www.vdhurk.nl\/mercedes-bedrijfswagens\/citan\/"]}]},{"@type":"BreadcrumbList","@id":"https:\/\/www.vdhurk.nl\/mercedes-bedrijfswagens\/citan\/#breadcrumb","itemListElement":[{"@type":"ListItem","position":1,"name":"Home","item":"https:\/\/www.vdhurk.nl\/home\/"},{"@type":"ListItem","position":2,"name":"Mercedes Bedrijfswagens","item":"https:\/\/www.vdhurk.nl\/mercedes-bedrijfswagens\/"},{"@type":"ListItem","position":3,"name":"Mercedes Citan"}]},{"@type":"WebSite","@id":"https:\/\/www.vdhurk.nl\/#website","url":"https:\/\/www.vdhurk.nl\/","name":"Van den Hurk Nutzfahrzeuge","description":"Van den Hurk Nutzfahrzeuge Helmond","potentialAction":[{"@type":"SearchAction","target":{"@type":"EntryPoint","urlTemplate":"https:\/\/www.vdhurk.nl\/?s={search_term_string}"},"query-input":{"@type":"PropertyValueSpecification","valueRequired":true,"valueName":"search_term_string"}}],"inLanguage":"de"}]}},"_links":{"self":[{"href":"https:\/\/www.vdhurk.nl\/de\/wp-json\/wp\/v2\/pages\/397532","targetHints":{"allow":["GET"]}}],"collection":[{"href":"https:\/\/www.vdhurk.nl\/de\/wp-json\/wp\/v2\/pages"}],"about":[{"href":"https:\/\/www.vdhurk.nl\/de\/wp-json\/wp\/v2\/types\/page"}],"author":[{"embeddable":true,"href":"https:\/\/www.vdhurk.nl\/de\/wp-json\/wp\/v2\/users\/3"}],"replies":[{"embeddable":true,"href":"https:\/\/www.vdhurk.nl\/de\/wp-json\/wp\/v2\/comments?post=397532"}],"version-history":[{"count":2,"href":"https:\/\/www.vdhurk.nl\/de\/wp-json\/wp\/v2\/pages\/397532\/revisions"}],"predecessor-version":[{"id":397535,"href":"https:\/\/www.vdhurk.nl\/de\/wp-json\/wp\/v2\/pages\/397532\/revisions\/397535"}],"up":[{"embeddable":true,"href":"https:\/\/www.vdhurk.nl\/de\/wp-json\/wp\/v2\/pages\/370573"}],"wp:attachment":[{"href":"https:\/\/www.vdhurk.nl\/de\/wp-json\/wp\/v2\/media?parent=397532"}],"curies":[{"name":"wp","href":"https:\/\/api.w.org\/{rel}","templated":true}]}}