{"id":397527,"date":"2024-08-01T15:27:32","date_gmt":"2024-08-01T13:27:32","guid":{"rendered":"https:\/\/www.vdhurk.nl\/?page_id=397527"},"modified":"2024-08-01T15:27:32","modified_gmt":"2024-08-01T13:27:32","slug":"mercedes-16","status":"publish","type":"page","link":"https:\/\/www.vdhurk.nl\/de\/volkswagen-bedrijfswagens\/crafter\/","title":{"rendered":"Volkswagen Crafter"},"content":{"rendered":"<section  class='av_textblock_section av-lu8gnh7d-4ac895489941e586c1d7c8cb72318135'  itemscope=\"itemscope\" itemtype=\"https:\/\/schema.org\/CreativeWork\" ><div class='avia_textblock'  itemprop=\"text\" ><h1>Erfahren Sie mehr \u00fcber den Volkswagen Crafter<\/h1>\n<p>Der Volkswagen Crafter occasion ist ein vielseitiges und zuverl\u00e4ssiges Nutzfahrzeug auf dem Markt. Dieses Modell bietet ein gutes Gleichgewicht zwischen Qualit\u00e4t und Leistung. Das macht ihn zu einer ausgezeichneten Wahl sowohl f\u00fcr kleine Unternehmen als auch f\u00fcr gro\u00dfe Konzerne. Der Transporter eignet sich au\u00dferdem f\u00fcr eine Vielzahl von Anforderungen. Informieren Sie sich \u00fcber die technischen Daten dieses Modells und finden Sie heraus, ob es zu Ihren gesch\u00e4ftlichen Anforderungen passt.<\/p>\n<\/div><\/section>\n\n<style type=\"text\/css\" data-created_by=\"avia_inline_auto\" id=\"style-css-av-lujjddpd-afa3d7a9eabd61123e643ed1228e781e\">\n#top .hr.hr-invisible.av-lujjddpd-afa3d7a9eabd61123e643ed1228e781e{\nheight:50px;\n}\n<\/style>\n<div  class='hr av-lujjddpd-afa3d7a9eabd61123e643ed1228e781e hr-invisible  avia-builder-el-1  el_after_av_textblock  el_before_av_codeblock'><span class='hr-inner'><span class=\"hr-inner-style\"><\/span><\/span><\/div>\n\n\n<style type=\"text\/css\" data-created_by=\"avia_inline_auto\" id=\"style-css-av-ah0xd-63338d9dc6b40410e22a712829c369d6\">\n#top .hr.hr-invisible.av-ah0xd-63338d9dc6b40410e22a712829c369d6{\nheight:50px;\n}\n<\/style>\n<div  class='hr av-ah0xd-63338d9dc6b40410e22a712829c369d6 hr-invisible  avia-builder-el-3  el_after_av_codeblock  el_before_av_buttonrow'><span class='hr-inner'><span class=\"hr-inner-style\"><\/span><\/span><\/div>\n<div  class='avia-buttonrow-wrap av-lycy2l1u-efac69e9f010a0319d432a3a571c80d4 avia-buttonrow-center  avia-builder-el-4  el_after_av_hr  el_before_av_hr'>\n\n<style type=\"text\/css\" data-created_by=\"avia_inline_auto\" id=\"style-css-av-lycy2co6-22057a7660c2e2b6ad429eb4ac0b5619\">\n#top #wrap_all .avia-button.av-lycy2co6-22057a7660c2e2b6ad429eb4ac0b5619{\nmargin-bottom:5px;\nmargin-right:3px;\nmargin-left:3px;\n}\n<\/style>\n<a href='https:\/\/www.vdhurk.nl\/de\/nutzfahrzeuge\/#HctRCoAgEEXRvcx3tAA3E6ZTmNrI04yI9t7g5z1wX8qMSIa6pFhvu_NJE2XxnBQd7NYYKgLPWB-1gnDUueslUkYsxaIFd6XAMJ6ro-8H'  class='avia-button av-lycy2co6-22057a7660c2e2b6ad429eb4ac0b5619 avia-icon_select-yes-right-icon avia-size-x-large avia-color-theme-color'  ><span class='avia_iconbox_title' >Sind Sie neugierig auf die gesamte Palette der Volkswagen Crafter Nutzfahrzeuge? Schauen Sie doch einfach mal rein!<\/span><span class='avia_button_icon avia_button_icon_right' aria-hidden='true' data-av_icon='\ue871' data-av_iconfont='entypo-fontello'><\/span><\/a>\n<\/div>\n\n<style type=\"text\/css\" data-created_by=\"avia_inline_auto\" id=\"style-css-av-5os5nsu-fdb3cafc4aea70f22b364d176f4b3a1b\">\n#top .hr.hr-invisible.av-5os5nsu-fdb3cafc4aea70f22b364d176f4b3a1b{\nheight:50px;\n}\n<\/style>\n<div  class='hr av-5os5nsu-fdb3cafc4aea70f22b364d176f4b3a1b hr-invisible  avia-builder-el-5  el_after_av_buttonrow  el_before_av_textblock'><span class='hr-inner'><span class=\"hr-inner-style\"><\/span><\/span><\/div>\n<section  class='av_textblock_section av-lu8gow1e-300853e458ed741bd87d6cb78e55cc7a'  itemscope=\"itemscope\" itemtype=\"https:\/\/schema.org\/CreativeWork\" ><div class='avia_textblock'  itemprop=\"text\" ><h2>Warum ist dieses Modell bei den Unternehmen so beliebt?<\/h2>\n<p>Das Modell ist aufgrund seiner Vielseitigkeit und Zuverl\u00e4ssigkeit bei vielen Unternehmen sehr beliebt. Der Volkswagen Crafter bietet eine gro\u00dfe Ladekapazit\u00e4t und verschiedene Konfigurationsm\u00f6glichkeiten. Dies macht ihn auch f\u00fcr eine Vielzahl von gesch\u00e4ftlichen Anforderungen geeignet. Dar\u00fcber hinaus ist der Crafter bekannt f\u00fcr seine langlebige deutsche Technik und die geringen Wartungskosten. Das macht ihn zu einer langfristigen und kosteneffizienten L\u00f6sung f\u00fcr Unternehmen.<\/p>\n<h2>7 Leistungen<\/h2>\n<p>Der Volkswagen Crafter bietet mehrere einzigartige Vorteile, die zu seiner Beliebtheit beitragen:<\/p>\n<ul>\n<li><strong>Ger\u00e4umiger Laderaum:<\/strong> Dieses Modell ist mit unterschiedlich gro\u00dfen Lader\u00e4umen erh\u00e4ltlich. Dies erm\u00f6glicht den Transport gro\u00dfer Mengen an G\u00fctern oder sperriger Ausr\u00fcstung.<\/li>\n<li><strong>Vielseitigkeit:<\/strong> Der Crafter ist in verschiedenen Ausf\u00fchrungen erh\u00e4ltlich. Dadurch eignet sich das Modell f\u00fcr verschiedene Branchen, von Transport und Logistik bis hin zu Bau und Dienstleistungen.<\/li>\n<li><strong>Sicherheitssysteme<\/strong>Der Crafter ist mit modernen Sicherheitsmerkmalen ausgestattet, die die Sicherheit von Fahrer und Passagieren erh\u00f6hen.<\/li>\n<li><strong>Komfort<\/strong>Die Kabine dieses Modells ist f\u00fcr lange Fahrten ausgelegt und bietet bequeme Sitze. Dies tr\u00e4gt zu einem angenehmen Fahrgef\u00fchl f\u00fcr den Fahrer bei.<\/li>\n<li><strong>Verl\u00e4sslichkeit und Langlebigkeit:<\/strong> Volkswagen ist bekannt f\u00fcr seine solide deutsche Technik. Der Crafter ist da keine Ausnahme. Das Modell ist f\u00fcr den t\u00e4glichen Gebrauch gebaut und wird lange Zeit halten.<\/li>\n<\/ul>\n<p>All diese Vorteile machen den Volkswagen Crafter zu einer hervorragenden Wahl f\u00fcr Unternehmen, die ein zuverl\u00e4ssiges, vielseitiges und effizientes Nutzfahrzeug suchen.<\/p>\n<\/div><\/section>\n<div class='flex_column av-f64w1-da126f42b61613402309283c14245a25 av_one_half  avia-builder-el-7  el_after_av_textblock  el_before_av_one_third  first flex_column_div column-top-margin'   ><section  class='av_textblock_section av-lu8gpqre-73cc2c17e6a6497ba6e1b58af22bd9e8'  itemscope=\"itemscope\" itemtype=\"https:\/\/schema.org\/CreativeWork\" ><div class='avia_textblock'  itemprop=\"text\" ><h2>Volkswagen Crafter kaufen<\/h2>\n<p>Der Kauf eines Volkswagen Crafter will gut \u00fcberlegt sein. Bevor Sie ein Nutzfahrzeug kaufen, sollten Sie sich \u00fcberlegen, wof\u00fcr Sie es nutzen wollen. Ben\u00f6tigen Sie daf\u00fcr einen gro\u00dfen Laderaum, oder reicht eine kleine Version aus? W\u00e4hlen Sie auch die richtige Konfiguration je nach Ihren Gesch\u00e4ftsaktivit\u00e4ten. Au\u00dferdem sollten Sie sich \u00fcberlegen, ob Sie ein neues Modell kaufen oder einen Volkswagen Crafter aus zweiter Hand erwerben m\u00f6chten. Noch nicht entschieden? Dann stehen wir Ihnen gerne beratend zur Seite.<\/p>\n<\/div><\/section><\/div><div class='flex_column av-aldk9-ee694297f5c4032981677a02caab84d6 av_one_third  avia-builder-el-9  el_after_av_one_half  el_before_av_hr  flex_column_div column-top-margin'   ><style type=\"text\/css\" data-created_by=\"avia_inline_auto\" id=\"style-css-av-l1w9kpsf-4ec3fab772ec7a9adaa33cfc64ff0475\">\n.avia-image-container.av-l1w9kpsf-4ec3fab772ec7a9adaa33cfc64ff0475 .av-image-caption-overlay-center{\ncolor:#ffffff;\n}\n<\/style>\n<div  class='avia-image-container av-l1w9kpsf-4ec3fab772ec7a9adaa33cfc64ff0475 av-styling- avia-align-center  avia-builder-el-10  avia-builder-el-no-sibling'  itemprop=\"image\" itemscope=\"itemscope\" itemtype=\"https:\/\/schema.org\/ImageObject\" ><div class=\"avia-image-container-inner\"><div class=\"avia-image-overlay-wrap\"><img decoding=\"async\" class='wp-image-187 avia-img-lazy-loading-not-187 avia_image' src=\"https:\/\/www.vdhurk.nl\/wp-content\/uploads\/2022\/03\/Voorrad.png\" alt='' title='Lagerbestand'  height=\"758\" width=\"1135\"  itemprop=\"thumbnailUrl\" srcset=\"https:\/\/www.vdhurk.nl\/wp-content\/uploads\/2022\/03\/Voorrad.png 1135w, https:\/\/www.vdhurk.nl\/wp-content\/uploads\/2022\/03\/Voorrad-300x200.png 300w, https:\/\/www.vdhurk.nl\/wp-content\/uploads\/2022\/03\/Voorrad-1030x688.png 1030w, https:\/\/www.vdhurk.nl\/wp-content\/uploads\/2022\/03\/Voorrad-768x513.png 768w, https:\/\/www.vdhurk.nl\/wp-content\/uploads\/2022\/03\/Voorrad-18x12.png 18w, https:\/\/www.vdhurk.nl\/wp-content\/uploads\/2022\/03\/Voorrad-705x471.png 705w\" sizes=\"(max-width: 1135px) 100vw, 1135px\" \/><\/div><\/div><\/div><\/div><\/p>\n\n<style type=\"text\/css\" data-created_by=\"avia_inline_auto\" id=\"style-css-av-luqrjpjc-5a23a1fb5f94718ca85316a9df963e2f\">\n#top .hr.hr-invisible.av-luqrjpjc-5a23a1fb5f94718ca85316a9df963e2f{\nheight:50px;\n}\n<\/style>\n<div  class='hr av-luqrjpjc-5a23a1fb5f94718ca85316a9df963e2f hr-invisible  avia-builder-el-11  el_after_av_one_third  el_before_av_textblock'><span class='hr-inner'><span class=\"hr-inner-style\"><\/span><\/span><\/div>\n<section  class='av_textblock_section av-lu8gtjw7-4f3cee9304909518d86d2860d9d582dd'  itemscope=\"itemscope\" itemtype=\"https:\/\/schema.org\/CreativeWork\" ><div class='avia_textblock'  itemprop=\"text\" ><h2>Leasing eines Volkswagen Crafter<\/h2>\n<p><a href=\"https:\/\/www.vdhurk.nl\/de\/finanzierungsleasing\/\">Finanzierungsleasing<\/a> bei Van den Hurk ist eine beliebte Finanzierungsoption f\u00fcr Unternehmen, die ein Nutzfahrzeug wie den Volkswagen Crafter kaufen m\u00f6chten, ohne diesen Betrag auf einmal bezahlen zu m\u00fcssen. Unser Finanzierungsleasing ist eine Form der Finanzierung, bei der Sie ein Nutzfahrzeug \u00fcbernehmen und daf\u00fcr eine monatliche Leasingrate zahlen. Am Ende der Leasingdauer werden Sie selbst zum Eigent\u00fcmer des Fahrzeugs.<\/p>\n<h2>Innenausstattung und Komfort<\/h2>\n<p>Der Innenraum des Volkswagen Crafter ist f\u00fcr lange und bequeme Fahrten ausgelegt. Die ergonomischen Sitze sind verstellbar und bieten guten Halt. Die ger\u00e4umige Kabine bietet viel Kopf- und Beinfreiheit und tr\u00e4gt so zum Gesamtkomfort f\u00fcr Fahrer und Passagiere bei. Die Kabine ist mit verschiedenen Ablagem\u00f6glichkeiten ausgestattet. Denken Sie an gro\u00dfe T\u00fcrtaschen, Ablagef\u00e4cher und zus\u00e4tzlichen Stauraum. So bleibt die Kabine \u00fcbersichtlich und organisiert.<\/p>\n<h2>Sicherheitseinrichtungen<\/h2>\n<p>Der Volkswagen Crafter verf\u00fcgt \u00fcber eine Reihe von Sicherheitseinrichtungen, die sowohl den Fahrer als auch die Passagiere sch\u00fctzen. Diese modernen Systeme sind darauf ausgelegt, Unf\u00e4lle zu verhindern und die Folgen eines Unfalls zu minimieren. Auf diese Weise k\u00f6nnen Sie sicher auf der Stra\u00dfe unterwegs sein.<\/p>\n<h2>Entscheiden Sie sich f\u00fcr Qualit\u00e4t<\/h2>\n<p>Mit seiner Vielseitigkeit, Zuverl\u00e4ssigkeit und umfangreichen Sicherheitsausstattung ist der Volkswagen Crafter die ideale Wahl f\u00fcr Unternehmen, die ein effizientes Nutzfahrzeug suchen. Ob beim Transport gro\u00dfer Lasten, bei der Erledigung verschiedener Gesch\u00e4ftsaufgaben oder beim Komfort auf langen Fahrten, der Crafter garantiert Qualit\u00e4t und Leistung.<\/p>\n<\/div><\/section>","protected":false},"excerpt":{"rendered":"","protected":false},"author":3,"featured_media":0,"parent":372079,"menu_order":0,"comment_status":"closed","ping_status":"closed","template":"","meta":{"_acf_changed":false,"_improvement_type_select":"improve_an_existing","_thumb_yes_seoaic":false,"_frame_yes_seoaic":false,"seoaic_generate_description":"","seoaic_improve_instructions_prompt":"","seoaic_rollback_content_improvement":"","seoaic_idea_thumbnail_generator":"","thumbnail_generated":false,"thumbnail_generate_prompt":"","seoaic_article_description":"","footnotes":""},"class_list":["post-397527","page","type-page","status-publish","hentry"],"acf":[],"yoast_head":"<!-- This site is optimized with the Yoast SEO plugin v27.5 - https:\/\/yoast.com\/product\/yoast-seo-wordpress\/ -->\n<title>Een Volkswagen Crafter occasion kopen of leasen<\/title>\n<meta name=\"description\" content=\"Ben je op zoek naar een bedrijfsvoertuig? Dan is de Volkswagen Crafter occasion een mogelijkheid Ontdek of deze auto past bij jouw zakelijke behoefte.\" \/>\n<meta name=\"robots\" content=\"index, follow, max-snippet:-1, max-image-preview:large, max-video-preview:-1\" \/>\n<link rel=\"canonical\" href=\"https:\/\/www.vdhurk.nl\/de\/mercedes-13\/mercedes-16\/\" \/>\n<meta property=\"og:locale\" content=\"de_DE\" \/>\n<meta property=\"og:type\" content=\"article\" \/>\n<meta property=\"og:title\" content=\"Een Volkswagen Crafter occasion kopen of leasen\" \/>\n<meta property=\"og:description\" content=\"Ben je op zoek naar een bedrijfsvoertuig? Dan is de Volkswagen Crafter occasion een mogelijkheid Ontdek of deze auto past bij jouw zakelijke behoefte.\" \/>\n<meta property=\"og:url\" content=\"https:\/\/www.vdhurk.nl\/de\/mercedes-13\/mercedes-16\/\" \/>\n<meta property=\"og:site_name\" content=\"Van den Hurk Bedrijfswagens\" \/>\n<meta name=\"twitter:card\" content=\"summary_large_image\" \/>\n<meta name=\"twitter:label1\" content=\"Gesch\u00e4tzte Lesezeit\" \/>\n\t<meta name=\"twitter:data1\" content=\"5\u00a0Minuten\" \/>\n<script type=\"application\/ld+json\" class=\"yoast-schema-graph\">{\"@context\":\"https:\\\/\\\/schema.org\",\"@graph\":[{\"@type\":\"WebPage\",\"@id\":\"https:\\\/\\\/www.vdhurk.nl\\\/volkswagen-bedrijfswagens\\\/crafter\\\/\",\"url\":\"https:\\\/\\\/www.vdhurk.nl\\\/volkswagen-bedrijfswagens\\\/crafter\\\/\",\"name\":\"Een Volkswagen Crafter occasion kopen of leasen\",\"isPartOf\":{\"@id\":\"https:\\\/\\\/www.vdhurk.nl\\\/#website\"},\"datePublished\":\"2024-08-01T13:27:32+00:00\",\"description\":\"Ben je op zoek naar een bedrijfsvoertuig? Dan is de Volkswagen Crafter occasion een mogelijkheid Ontdek of deze auto past bij jouw zakelijke behoefte.\",\"breadcrumb\":{\"@id\":\"https:\\\/\\\/www.vdhurk.nl\\\/volkswagen-bedrijfswagens\\\/crafter\\\/#breadcrumb\"},\"inLanguage\":\"de\",\"potentialAction\":[{\"@type\":\"ReadAction\",\"target\":[\"https:\\\/\\\/www.vdhurk.nl\\\/volkswagen-bedrijfswagens\\\/crafter\\\/\"]}]},{\"@type\":\"BreadcrumbList\",\"@id\":\"https:\\\/\\\/www.vdhurk.nl\\\/volkswagen-bedrijfswagens\\\/crafter\\\/#breadcrumb\",\"itemListElement\":[{\"@type\":\"ListItem\",\"position\":1,\"name\":\"Home\",\"item\":\"https:\\\/\\\/www.vdhurk.nl\\\/home\\\/\"},{\"@type\":\"ListItem\",\"position\":2,\"name\":\"Volkswagen Bedrijfswagens\",\"item\":\"https:\\\/\\\/www.vdhurk.nl\\\/volkswagen-bedrijfswagens\\\/\"},{\"@type\":\"ListItem\",\"position\":3,\"name\":\"Volkswagen Crafter\"}]},{\"@type\":\"WebSite\",\"@id\":\"https:\\\/\\\/www.vdhurk.nl\\\/#website\",\"url\":\"https:\\\/\\\/www.vdhurk.nl\\\/\",\"name\":\"Van den Hurk Bedrijfswagens\",\"description\":\"Van den Hurk bedrijfswagens Helmond\",\"potentialAction\":[{\"@type\":\"SearchAction\",\"target\":{\"@type\":\"EntryPoint\",\"urlTemplate\":\"https:\\\/\\\/www.vdhurk.nl\\\/?s={search_term_string}\"},\"query-input\":{\"@type\":\"PropertyValueSpecification\",\"valueRequired\":true,\"valueName\":\"search_term_string\"}}],\"inLanguage\":\"de\"}]}<\/script>\n<!-- \/ Yoast SEO plugin. -->","yoast_head_json":{"title":"Volkswagen Crafter Gebrauchtwagen kaufen oder leasen","description":"Sind Sie auf der Suche nach einem Nutzfahrzeug? Dann ist der Volkswagen Crafter eine Option. Finden Sie heraus, ob dieses Auto zu Ihren gesch\u00e4ftlichen Anforderungen passt.","robots":{"index":"index","follow":"follow","max-snippet":"max-snippet:-1","max-image-preview":"max-image-preview:large","max-video-preview":"max-video-preview:-1"},"canonical":"https:\/\/www.vdhurk.nl\/de\/mercedes-13\/mercedes-16\/","og_locale":"de_DE","og_type":"article","og_title":"Een Volkswagen Crafter occasion kopen of leasen","og_description":"Ben je op zoek naar een bedrijfsvoertuig? Dan is de Volkswagen Crafter occasion een mogelijkheid Ontdek of deze auto past bij jouw zakelijke behoefte.","og_url":"https:\/\/www.vdhurk.nl\/de\/mercedes-13\/mercedes-16\/","og_site_name":"Van den Hurk Bedrijfswagens","twitter_card":"summary_large_image","twitter_misc":{"Gesch\u00e4tzte Lesezeit":"5\u00a0Minuten"},"schema":{"@context":"https:\/\/schema.org","@graph":[{"@type":"WebPage","@id":"https:\/\/www.vdhurk.nl\/volkswagen-bedrijfswagens\/crafter\/","url":"https:\/\/www.vdhurk.nl\/volkswagen-bedrijfswagens\/crafter\/","name":"Volkswagen Crafter Gebrauchtwagen kaufen oder leasen","isPartOf":{"@id":"https:\/\/www.vdhurk.nl\/#website"},"datePublished":"2024-08-01T13:27:32+00:00","description":"Sind Sie auf der Suche nach einem Nutzfahrzeug? Dann ist der Volkswagen Crafter eine Option. Finden Sie heraus, ob dieses Auto zu Ihren gesch\u00e4ftlichen Anforderungen passt.","breadcrumb":{"@id":"https:\/\/www.vdhurk.nl\/volkswagen-bedrijfswagens\/crafter\/#breadcrumb"},"inLanguage":"de","potentialAction":[{"@type":"ReadAction","target":["https:\/\/www.vdhurk.nl\/volkswagen-bedrijfswagens\/crafter\/"]}]},{"@type":"BreadcrumbList","@id":"https:\/\/www.vdhurk.nl\/volkswagen-bedrijfswagens\/crafter\/#breadcrumb","itemListElement":[{"@type":"ListItem","position":1,"name":"Home","item":"https:\/\/www.vdhurk.nl\/home\/"},{"@type":"ListItem","position":2,"name":"Volkswagen Bedrijfswagens","item":"https:\/\/www.vdhurk.nl\/volkswagen-bedrijfswagens\/"},{"@type":"ListItem","position":3,"name":"Volkswagen Crafter"}]},{"@type":"WebSite","@id":"https:\/\/www.vdhurk.nl\/#website","url":"https:\/\/www.vdhurk.nl\/","name":"Van den Hurk Nutzfahrzeuge","description":"Van den Hurk Nutzfahrzeuge Helmond","potentialAction":[{"@type":"SearchAction","target":{"@type":"EntryPoint","urlTemplate":"https:\/\/www.vdhurk.nl\/?s={search_term_string}"},"query-input":{"@type":"PropertyValueSpecification","valueRequired":true,"valueName":"search_term_string"}}],"inLanguage":"de"}]}},"_links":{"self":[{"href":"https:\/\/www.vdhurk.nl\/de\/wp-json\/wp\/v2\/pages\/397527","targetHints":{"allow":["GET"]}}],"collection":[{"href":"https:\/\/www.vdhurk.nl\/de\/wp-json\/wp\/v2\/pages"}],"about":[{"href":"https:\/\/www.vdhurk.nl\/de\/wp-json\/wp\/v2\/types\/page"}],"author":[{"embeddable":true,"href":"https:\/\/www.vdhurk.nl\/de\/wp-json\/wp\/v2\/users\/3"}],"replies":[{"embeddable":true,"href":"https:\/\/www.vdhurk.nl\/de\/wp-json\/wp\/v2\/comments?post=397527"}],"version-history":[{"count":2,"href":"https:\/\/www.vdhurk.nl\/de\/wp-json\/wp\/v2\/pages\/397527\/revisions"}],"predecessor-version":[{"id":397529,"href":"https:\/\/www.vdhurk.nl\/de\/wp-json\/wp\/v2\/pages\/397527\/revisions\/397529"}],"up":[{"embeddable":true,"href":"https:\/\/www.vdhurk.nl\/de\/wp-json\/wp\/v2\/pages\/372079"}],"wp:attachment":[{"href":"https:\/\/www.vdhurk.nl\/de\/wp-json\/wp\/v2\/media?parent=397527"}],"curies":[{"name":"wp","href":"https:\/\/api.w.org\/{rel}","templated":true}]}}