{"id":397524,"date":"2024-08-01T15:19:48","date_gmt":"2024-08-01T13:19:48","guid":{"rendered":"https:\/\/www.vdhurk.nl\/?page_id=397524"},"modified":"2024-08-01T15:19:48","modified_gmt":"2024-08-01T13:19:48","slug":"mercedes-3","status":"publish","type":"page","link":"https:\/\/www.vdhurk.nl\/de\/ford-bedrijfswagens\/transit\/","title":{"rendered":"Ford Transit"},"content":{"rendered":"<section  class='av_textblock_section av-lu8gnh7d-4ac895489941e586c1d7c8cb72318135'  itemscope=\"itemscope\" itemtype=\"https:\/\/schema.org\/CreativeWork\" ><div class='avia_textblock'  itemprop=\"text\" ><h1>Der Ford Transit Gebrauchtwagen: alles, was Sie wissen m\u00fcssen<\/h1>\n<p>Sie suchen ein Nutzfahrzeug? Dann ist der Ford Transit occasion eine der vielen M\u00f6glichkeiten. Es handelt sich um ein vielseitiges Fahrzeug, das sich im Laufe der Jahre einen hervorragenden Ruf f\u00fcr seine Funktionalit\u00e4ten erworben hat. Lesen Sie weiter und erfahren Sie mehr \u00fcber seine Spezifikationen und Vorteile, damit Sie eine fundierte Entscheidung treffen k\u00f6nnen.<\/p>\n<\/div><\/section>\n\n<style type=\"text\/css\" data-created_by=\"avia_inline_auto\" id=\"style-css-av-lujjddpd-afa3d7a9eabd61123e643ed1228e781e\">\n#top .hr.hr-invisible.av-lujjddpd-afa3d7a9eabd61123e643ed1228e781e{\nheight:50px;\n}\n<\/style>\n<div  class='hr av-lujjddpd-afa3d7a9eabd61123e643ed1228e781e hr-invisible  avia-builder-el-1  el_after_av_textblock  el_before_av_codeblock'><span class='hr-inner'><span class=\"hr-inner-style\"><\/span><\/span><\/div>\n\n\n<style type=\"text\/css\" data-created_by=\"avia_inline_auto\" id=\"style-css-av-ah0xd-63338d9dc6b40410e22a712829c369d6\">\n#top .hr.hr-invisible.av-ah0xd-63338d9dc6b40410e22a712829c369d6{\nheight:50px;\n}\n<\/style>\n<div  class='hr av-ah0xd-63338d9dc6b40410e22a712829c369d6 hr-invisible  avia-builder-el-3  el_after_av_codeblock  el_before_av_buttonrow'><span class='hr-inner'><span class=\"hr-inner-style\"><\/span><\/span><\/div>\n<div  class='avia-buttonrow-wrap av-lycy2l1u-efac69e9f010a0319d432a3a571c80d4 avia-buttonrow-center  avia-builder-el-4  el_after_av_hr  el_before_av_hr'>\n\n<style type=\"text\/css\" data-created_by=\"avia_inline_auto\" id=\"style-css-av-lycy2co6-8f2299fe1206a496ca2b75fca013669b\">\n#top #wrap_all .avia-button.av-lycy2co6-8f2299fe1206a496ca2b75fca013669b{\nmargin-bottom:5px;\nmargin-right:3px;\nmargin-left:3px;\n}\n<\/style>\n<a href='https:\/\/www.vdhurk.nl\/de\/nutzfahrzeuge\/#HctBCoAwDETRu2QtHqCXKbWdRbSaMqmCiHe3uPwP_iM7uMXdCmrMiTR3UCFBOtPh2mUSYwGXe1ijrj5fYzFrf8SW2DWfVcFQ4FneDw'  class='avia-button av-lycy2co6-8f2299fe1206a496ca2b75fca013669b avia-icon_select-yes-right-icon avia-size-x-large avia-color-theme-color'  ><span class='avia_iconbox_title' >Sind Sie neugierig auf die gesamte Palette der Ford Transit-Nutzfahrzeuge? Schauen Sie doch einfach mal rein!<\/span><span class='avia_button_icon avia_button_icon_right' aria-hidden='true' data-av_icon='\ue871' data-av_iconfont='entypo-fontello'><\/span><\/a>\n<\/div>\n\n<style type=\"text\/css\" data-created_by=\"avia_inline_auto\" id=\"style-css-av-5os5nsu-fdb3cafc4aea70f22b364d176f4b3a1b\">\n#top .hr.hr-invisible.av-5os5nsu-fdb3cafc4aea70f22b364d176f4b3a1b{\nheight:50px;\n}\n<\/style>\n<div  class='hr av-5os5nsu-fdb3cafc4aea70f22b364d176f4b3a1b hr-invisible  avia-builder-el-5  el_after_av_buttonrow  el_before_av_textblock'><span class='hr-inner'><span class=\"hr-inner-style\"><\/span><\/span><\/div>\n<section  class='av_textblock_section av-lu8gow1e-300853e458ed741bd87d6cb78e55cc7a'  itemscope=\"itemscope\" itemtype=\"https:\/\/schema.org\/CreativeWork\" ><div class='avia_textblock'  itemprop=\"text\" ><h2><b>Warum sind die Ford Transit-Modelle so beliebt?<\/b><\/h2>\n<p>Der Ford Transit ist aus mehreren Gr\u00fcnden eine beliebte Wahl, sowohl als Neuwagen als auch aus zweiter Hand. Die Hauptgr\u00fcnde, warum sich Menschen f\u00fcr dieses Modell entscheiden, sind folgende:<\/p>\n<ul>\n<li><strong>Verl\u00e4sslichkeit und Langlebigkeit:<\/strong> Dieses Modell ist bekannt f\u00fcr seine robuste Bauqualit\u00e4t und Zuverl\u00e4ssigkeit. Dadurch ist dieses Fahrzeug f\u00fcr den t\u00e4glichen Einsatz geeignet, was f\u00fcr viele Organisationen und Unternehmen wichtig ist.<\/li>\n<li><strong>Vielseitigkeit<\/strong>Das Fahrzeug ist in verschiedenen Ausf\u00fchrungen erh\u00e4ltlich. Das bedeutet, dass dieses Modell f\u00fcr fast jeden gesch\u00e4ftlichen Bedarf geeignet ist: von der Personenbef\u00f6rderung bis zum Transport von schweren oder gro\u00dfen Lasten.<\/li>\n<li><strong>Sehr viel Platz:<\/strong> Einer seiner vielen Vorteile ist sein gro\u00dfer Laderaum und seine hohe Nutzlast. Dies ist ideal f\u00fcr Unternehmen, die viel mit dem Transport von Materialien und Waren zu tun haben.<\/li>\n<li><strong>Hoher Fahrkomfort:<\/strong> Obwohl dieses Modell relativ gro\u00df ist, bietet es hohen Fahrkomfort. Das Modell verf\u00fcgt \u00fcber verschiedene Sicherheitsfunktionen und bequeme Sitze.<\/li>\n<li><strong>Kosteneffizienz<\/strong>Ford Transit: Ein gebrauchter Ford Transit bietet ein ausgezeichnetes Preis-Leistungs-Verh\u00e4ltnis. Occasionen sind oft deutlich billiger als neue Modelle, w\u00e4hrend immer noch gut funktionieren.<\/li>\n<li><strong>Kraftstoffeffizienz<\/strong>Moderne Modelle sind mit Blick auf Effizienz entwickelt worden. Die verf\u00fcgbaren Motoren bieten ein gutes Gleichgewicht zwischen Leistung und Kraftstoffverbrauch. Dies tr\u00e4gt dazu bei, die Betriebskosten niedrig zu halten.<\/li>\n<\/ul>\n<p>All diese Faktoren tragen zur Beliebtheit dieses Fahrzeugs bei.<\/p>\n<\/div><\/section>\n<div class='flex_column av-f64w1-da126f42b61613402309283c14245a25 av_one_half  avia-builder-el-7  el_after_av_textblock  el_before_av_one_third  first flex_column_div column-top-margin'   ><section  class='av_textblock_section av-lu8gpqre-73cc2c17e6a6497ba6e1b58af22bd9e8'  itemscope=\"itemscope\" itemtype=\"https:\/\/schema.org\/CreativeWork\" ><div class='avia_textblock'  itemprop=\"text\" ><h2>Sicherheitseinrichtungen<\/h2>\n<p>Der Ford Transit verf\u00fcgt \u00fcber eine Reihe von Sicherheitsmerkmalen, die sowohl den Fahrer als auch die Fahrg\u00e4ste sch\u00fctzen. So verf\u00fcgt dieses Modell zum Beispiel \u00fcber einen adaptiven Tempomat. Dieses System passt die Geschwindigkeit automatisch an, um einen sicheren Abstand zum vorausfahrenden Fahrzeug einzuhalten. Au\u00dferdem verf\u00fcgt dieses Fahrzeug \u00fcber einen Fahrspurassistenten. Dieser hilft Ihnen, die Spur zu halten. Dar\u00fcber hinaus profitieren Sie auch von der automatischen Notbremsung. Dabei handelt es sich um ein System, das m\u00f6gliche Kollisionen mit anderen Fahrzeugen oder Fu\u00dfg\u00e4ngern erkennt. So k\u00f6nnen Unf\u00e4lle vermieden werden. Das Fahrzeug verf\u00fcgt au\u00dferdem \u00fcber weitere Sicherheitsfunktionen wie Toter-Winkel-Warner, Airbags und mehr.<\/p>\n<\/div><\/section><\/div><div class='flex_column av-aldk9-ee694297f5c4032981677a02caab84d6 av_one_third  avia-builder-el-9  el_after_av_one_half  el_before_av_hr  flex_column_div column-top-margin'   ><style type=\"text\/css\" data-created_by=\"avia_inline_auto\" id=\"style-css-av-l1w9kpsf-4ec3fab772ec7a9adaa33cfc64ff0475\">\n.avia-image-container.av-l1w9kpsf-4ec3fab772ec7a9adaa33cfc64ff0475 .av-image-caption-overlay-center{\ncolor:#ffffff;\n}\n<\/style>\n<div  class='avia-image-container av-l1w9kpsf-4ec3fab772ec7a9adaa33cfc64ff0475 av-styling- avia-align-center  avia-builder-el-10  avia-builder-el-no-sibling'  itemprop=\"image\" itemscope=\"itemscope\" itemtype=\"https:\/\/schema.org\/ImageObject\" ><div class=\"avia-image-container-inner\"><div class=\"avia-image-overlay-wrap\"><img decoding=\"async\" class='wp-image-187 avia-img-lazy-loading-not-187 avia_image' src=\"https:\/\/www.vdhurk.nl\/wp-content\/uploads\/2022\/03\/Voorrad.png\" alt='' title='Lagerbestand'  height=\"758\" width=\"1135\"  itemprop=\"thumbnailUrl\" srcset=\"https:\/\/www.vdhurk.nl\/wp-content\/uploads\/2022\/03\/Voorrad.png 1135w, https:\/\/www.vdhurk.nl\/wp-content\/uploads\/2022\/03\/Voorrad-300x200.png 300w, https:\/\/www.vdhurk.nl\/wp-content\/uploads\/2022\/03\/Voorrad-1030x688.png 1030w, https:\/\/www.vdhurk.nl\/wp-content\/uploads\/2022\/03\/Voorrad-768x513.png 768w, https:\/\/www.vdhurk.nl\/wp-content\/uploads\/2022\/03\/Voorrad-18x12.png 18w, https:\/\/www.vdhurk.nl\/wp-content\/uploads\/2022\/03\/Voorrad-705x471.png 705w\" sizes=\"(max-width: 1135px) 100vw, 1135px\" \/><\/div><\/div><\/div><\/div><\/p>\n\n<style type=\"text\/css\" data-created_by=\"avia_inline_auto\" id=\"style-css-av-luqrjpjc-5a23a1fb5f94718ca85316a9df963e2f\">\n#top .hr.hr-invisible.av-luqrjpjc-5a23a1fb5f94718ca85316a9df963e2f{\nheight:50px;\n}\n<\/style>\n<div  class='hr av-luqrjpjc-5a23a1fb5f94718ca85316a9df963e2f hr-invisible  avia-builder-el-11  el_after_av_one_third  el_before_av_textblock'><span class='hr-inner'><span class=\"hr-inner-style\"><\/span><\/span><\/div>\n<section  class='av_textblock_section av-lu8gtjw7-4f3cee9304909518d86d2860d9d582dd'  itemscope=\"itemscope\" itemtype=\"https:\/\/schema.org\/CreativeWork\" ><div class='avia_textblock'  itemprop=\"text\" ><h2><b>Spezifikationen und Merkmale<\/b><\/h2>\n<p>Innerhalb des Transit-Modells gibt es verschiedene Typen. Denken Sie zum Beispiel an eine Anh\u00e4ngelast von 2.800 kg, 4 Typen f\u00fcr ein hohes zul\u00e4ssiges Gesamtgewicht, Schalt- oder Automatikgetriebe, Vorder- oder Hinterradantrieb, von L2H2 bis L4H3. Auf diese Weise ist f\u00fcr jeden etwas dabei und Sie finden immer einen Typ, der Ihren Erwartungen entspricht.<\/p>\n<h2><b>Ford Transit: gebraucht und neu erh\u00e4ltlich<\/b><\/h2>\n<p>Je nach Gesch\u00e4ftsbedarf k\u00f6nnen Sie pr\u00fcfen, ob ein neues Modell oder ein gebrauchtes Nutzfahrzeug den gr\u00f6\u00dften Nutzen bringt. Ein neues Modell ist oft mit neueren Funktionen ausgestattet, hat aber oft auch einen h\u00f6heren Preis. Auf der anderen Seite bieten wir gebrauchte Nutzfahrzeuge an. Dies ist aufgrund des niedrigeren Preises oft eine attraktive Option. Die Entscheidung f\u00fcr ein neues oder ein gebrauchtes Modell h\u00e4ngt von mehreren Faktoren ab, z. B. dem Budget, den betrieblichen Anforderungen und der gew\u00fcnschten Lebensdauer. Sie sind sich nicht sicher, welches die beste Wahl f\u00fcr Sie ist? Wir helfen Ihnen gerne weiter.<\/p>\n<h2><b>Die M\u00f6glichkeit, einen Ford Transit zu leasen<\/b><\/h2>\n<p>Sie k\u00f6nnen sich nat\u00fcrlich f\u00fcr einen Ford Transit entscheiden, aber bei Van den Hurk bieten wir auch <a href=\"https:\/\/www.vdhurk.nl\/de\/finanzierungsleasing\/\">Finanzierungsleasing<\/a> zu. Auf diese Weise k\u00f6nnen die Unternehmen die Kosten f\u00fcr ein Nutzfahrzeug \u00fcber einen l\u00e4ngeren Zeitraum verteilen, so dass sie nicht eine gro\u00dfe Investition auf einmal t\u00e4tigen m\u00fcssen. Ziehen Sie Finanzierungsleasing in Betracht? Dann beraten wir Sie gerne und individuell. So k\u00f6nnen Sie sicher sein, dass Sie die beste Wahl treffen.<\/p>\n<h2><b>W\u00e4hlen Sie ein zuverl\u00e4ssiges Fahrzeug<\/b><\/h2>\n<p>Der Ford Transit ist aufgrund seiner Vielseitigkeit und seiner komfortablen und sicheren Ausstattung nach wie vor eine gute Wahl f\u00fcr Unternehmen. Ganz gleich, ob Sie sich f\u00fcr ein neues oder ein gebrauchtes Modell entscheiden, wir von Van den Hurk helfen Ihnen gerne, das ideale Fahrzeug f\u00fcr Ihre gesch\u00e4ftlichen Anforderungen zu finden.<\/p>\n<\/div><\/section>","protected":false},"excerpt":{"rendered":"","protected":false},"author":3,"featured_media":0,"parent":513,"menu_order":0,"comment_status":"closed","ping_status":"closed","template":"","meta":{"_acf_changed":false,"_improvement_type_select":"improve_an_existing","_thumb_yes_seoaic":false,"_frame_yes_seoaic":false,"seoaic_generate_description":"","seoaic_improve_instructions_prompt":"","seoaic_rollback_content_improvement":"","seoaic_idea_thumbnail_generator":"","thumbnail_generated":false,"thumbnail_generate_prompt":"","seoaic_article_description":"","footnotes":""},"class_list":["post-397524","page","type-page","status-publish","hentry"],"acf":[],"yoast_head":"<!-- This site is optimized with the Yoast SEO plugin v27.3 - https:\/\/yoast.com\/product\/yoast-seo-wordpress\/ -->\n<title>Ontdek alles over de Ford Transit occasion<\/title>\n<meta name=\"description\" content=\"Op zoek naar een bedrijfswagen? Dan is de Ford Transit ocassion een uitstekende optie. Ontdek de specificaties van dit model en kijk of het geschikt is.\" \/>\n<meta name=\"robots\" content=\"index, follow, max-snippet:-1, max-image-preview:large, max-video-preview:-1\" \/>\n<link rel=\"canonical\" href=\"https:\/\/www.vdhurk.nl\/de\/ford-nutzfahrzeuge\/mercedes-3\/\" \/>\n<meta property=\"og:locale\" content=\"de_DE\" \/>\n<meta property=\"og:type\" content=\"article\" \/>\n<meta property=\"og:title\" content=\"Ontdek alles over de Ford Transit occasion\" \/>\n<meta property=\"og:description\" content=\"Op zoek naar een bedrijfswagen? Dan is de Ford Transit ocassion een uitstekende optie. Ontdek de specificaties van dit model en kijk of het geschikt is.\" \/>\n<meta property=\"og:url\" content=\"https:\/\/www.vdhurk.nl\/de\/ford-nutzfahrzeuge\/mercedes-3\/\" \/>\n<meta property=\"og:site_name\" content=\"Van den Hurk Bedrijfswagens\" \/>\n<meta name=\"twitter:card\" content=\"summary_large_image\" \/>\n<meta name=\"twitter:label1\" content=\"Gesch\u00e4tzte Lesezeit\" \/>\n\t<meta name=\"twitter:data1\" content=\"6\u00a0Minuten\" \/>\n<script type=\"application\/ld+json\" class=\"yoast-schema-graph\">{\"@context\":\"https:\\\/\\\/schema.org\",\"@graph\":[{\"@type\":\"WebPage\",\"@id\":\"https:\\\/\\\/www.vdhurk.nl\\\/ford-bedrijfswagens\\\/transit\\\/\",\"url\":\"https:\\\/\\\/www.vdhurk.nl\\\/ford-bedrijfswagens\\\/transit\\\/\",\"name\":\"Ontdek alles over de Ford Transit occasion\",\"isPartOf\":{\"@id\":\"https:\\\/\\\/www.vdhurk.nl\\\/#website\"},\"datePublished\":\"2024-08-01T13:19:48+00:00\",\"description\":\"Op zoek naar een bedrijfswagen? Dan is de Ford Transit ocassion een uitstekende optie. Ontdek de specificaties van dit model en kijk of het geschikt is.\",\"breadcrumb\":{\"@id\":\"https:\\\/\\\/www.vdhurk.nl\\\/ford-bedrijfswagens\\\/transit\\\/#breadcrumb\"},\"inLanguage\":\"de\",\"potentialAction\":[{\"@type\":\"ReadAction\",\"target\":[\"https:\\\/\\\/www.vdhurk.nl\\\/ford-bedrijfswagens\\\/transit\\\/\"]}]},{\"@type\":\"BreadcrumbList\",\"@id\":\"https:\\\/\\\/www.vdhurk.nl\\\/ford-bedrijfswagens\\\/transit\\\/#breadcrumb\",\"itemListElement\":[{\"@type\":\"ListItem\",\"position\":1,\"name\":\"Home\",\"item\":\"https:\\\/\\\/www.vdhurk.nl\\\/home\\\/\"},{\"@type\":\"ListItem\",\"position\":2,\"name\":\"Ford Bedrijfswagens\",\"item\":\"https:\\\/\\\/www.vdhurk.nl\\\/ford-bedrijfswagens\\\/\"},{\"@type\":\"ListItem\",\"position\":3,\"name\":\"Ford Transit\"}]},{\"@type\":\"WebSite\",\"@id\":\"https:\\\/\\\/www.vdhurk.nl\\\/#website\",\"url\":\"https:\\\/\\\/www.vdhurk.nl\\\/\",\"name\":\"Van den Hurk Bedrijfswagens\",\"description\":\"Van den Hurk bedrijfswagens Helmond\",\"potentialAction\":[{\"@type\":\"SearchAction\",\"target\":{\"@type\":\"EntryPoint\",\"urlTemplate\":\"https:\\\/\\\/www.vdhurk.nl\\\/?s={search_term_string}\"},\"query-input\":{\"@type\":\"PropertyValueSpecification\",\"valueRequired\":true,\"valueName\":\"search_term_string\"}}],\"inLanguage\":\"de\"}]}<\/script>\n<!-- \/ Yoast SEO plugin. -->","yoast_head_json":{"title":"Erfahren Sie alles \u00fcber den Ford Transit Gebrauchtwagen","description":"Sie suchen ein Nutzfahrzeug? Dann ist der Ford Transit ocassion eine ausgezeichnete Wahl. Informieren Sie sich \u00fcber die Spezifikationen dieses Modells und sehen Sie, ob es geeignet ist.","robots":{"index":"index","follow":"follow","max-snippet":"max-snippet:-1","max-image-preview":"max-image-preview:large","max-video-preview":"max-video-preview:-1"},"canonical":"https:\/\/www.vdhurk.nl\/de\/ford-nutzfahrzeuge\/mercedes-3\/","og_locale":"de_DE","og_type":"article","og_title":"Ontdek alles over de Ford Transit occasion","og_description":"Op zoek naar een bedrijfswagen? Dan is de Ford Transit ocassion een uitstekende optie. Ontdek de specificaties van dit model en kijk of het geschikt is.","og_url":"https:\/\/www.vdhurk.nl\/de\/ford-nutzfahrzeuge\/mercedes-3\/","og_site_name":"Van den Hurk Bedrijfswagens","twitter_card":"summary_large_image","twitter_misc":{"Gesch\u00e4tzte Lesezeit":"6\u00a0Minuten"},"schema":{"@context":"https:\/\/schema.org","@graph":[{"@type":"WebPage","@id":"https:\/\/www.vdhurk.nl\/ford-bedrijfswagens\/transit\/","url":"https:\/\/www.vdhurk.nl\/ford-bedrijfswagens\/transit\/","name":"Erfahren Sie alles \u00fcber den Ford Transit Gebrauchtwagen","isPartOf":{"@id":"https:\/\/www.vdhurk.nl\/#website"},"datePublished":"2024-08-01T13:19:48+00:00","description":"Sie suchen ein Nutzfahrzeug? Dann ist der Ford Transit ocassion eine ausgezeichnete Wahl. Informieren Sie sich \u00fcber die Spezifikationen dieses Modells und sehen Sie, ob es geeignet ist.","breadcrumb":{"@id":"https:\/\/www.vdhurk.nl\/ford-bedrijfswagens\/transit\/#breadcrumb"},"inLanguage":"de","potentialAction":[{"@type":"ReadAction","target":["https:\/\/www.vdhurk.nl\/ford-bedrijfswagens\/transit\/"]}]},{"@type":"BreadcrumbList","@id":"https:\/\/www.vdhurk.nl\/ford-bedrijfswagens\/transit\/#breadcrumb","itemListElement":[{"@type":"ListItem","position":1,"name":"Home","item":"https:\/\/www.vdhurk.nl\/home\/"},{"@type":"ListItem","position":2,"name":"Ford Bedrijfswagens","item":"https:\/\/www.vdhurk.nl\/ford-bedrijfswagens\/"},{"@type":"ListItem","position":3,"name":"Ford Transit"}]},{"@type":"WebSite","@id":"https:\/\/www.vdhurk.nl\/#website","url":"https:\/\/www.vdhurk.nl\/","name":"Van den Hurk Nutzfahrzeuge","description":"Van den Hurk Nutzfahrzeuge Helmond","potentialAction":[{"@type":"SearchAction","target":{"@type":"EntryPoint","urlTemplate":"https:\/\/www.vdhurk.nl\/?s={search_term_string}"},"query-input":{"@type":"PropertyValueSpecification","valueRequired":true,"valueName":"search_term_string"}}],"inLanguage":"de"}]}},"_links":{"self":[{"href":"https:\/\/www.vdhurk.nl\/de\/wp-json\/wp\/v2\/pages\/397524","targetHints":{"allow":["GET"]}}],"collection":[{"href":"https:\/\/www.vdhurk.nl\/de\/wp-json\/wp\/v2\/pages"}],"about":[{"href":"https:\/\/www.vdhurk.nl\/de\/wp-json\/wp\/v2\/types\/page"}],"author":[{"embeddable":true,"href":"https:\/\/www.vdhurk.nl\/de\/wp-json\/wp\/v2\/users\/3"}],"replies":[{"embeddable":true,"href":"https:\/\/www.vdhurk.nl\/de\/wp-json\/wp\/v2\/comments?post=397524"}],"version-history":[{"count":2,"href":"https:\/\/www.vdhurk.nl\/de\/wp-json\/wp\/v2\/pages\/397524\/revisions"}],"predecessor-version":[{"id":397526,"href":"https:\/\/www.vdhurk.nl\/de\/wp-json\/wp\/v2\/pages\/397524\/revisions\/397526"}],"up":[{"embeddable":true,"href":"https:\/\/www.vdhurk.nl\/de\/wp-json\/wp\/v2\/pages\/513"}],"wp:attachment":[{"href":"https:\/\/www.vdhurk.nl\/de\/wp-json\/wp\/v2\/media?parent=397524"}],"curies":[{"name":"wp","href":"https:\/\/api.w.org\/{rel}","templated":true}]}}