{"id":393643,"date":"2024-07-08T14:24:33","date_gmt":"2024-07-08T12:24:33","guid":{"rendered":"https:\/\/www.vdhurk.nl\/?page_id=393643"},"modified":"2024-07-08T14:24:33","modified_gmt":"2024-07-08T12:24:33","slug":"transporter","status":"publish","type":"page","link":"https:\/\/www.vdhurk.nl\/de\/volkswagen-bedrijfswagens\/transporter\/","title":{"rendered":"Volkswagen Transporter"},"content":{"rendered":"<section  class='av_textblock_section av-lu8gnh7d-4ac895489941e586c1d7c8cb72318135'  itemscope=\"itemscope\" itemtype=\"https:\/\/schema.org\/CreativeWork\" ><div class='avia_textblock'  itemprop=\"text\" ><h1>Alles, was Sie \u00fcber den Volkswagen Transporter wissen wollen<\/h1>\n<p>In der Welt der Nutzfahrzeuge ist der Volkswagen Transporter eine beliebte Wahl. Seit Jahren ist dieses Modell f\u00fcr seine Zuverl\u00e4ssigkeit und Vielseitigkeit bekannt. Durch seine robuste Qualit\u00e4t besticht dieses Modell nicht nur durch sein Aussehen, sondern auch durch seine praktischen Eigenschaften. Dadurch ist dieses Nutzfahrzeug f\u00fcr den gesch\u00e4ftlichen Einsatz bestens geeignet. Auch wenn Sie viel unterwegs sind, ist dieses Modell eine ausgezeichnete Wahl.<\/p>\n<\/div><\/section>\n\n<style type=\"text\/css\" data-created_by=\"avia_inline_auto\" id=\"style-css-av-lujjddpd-afa3d7a9eabd61123e643ed1228e781e\">\n#top .hr.hr-invisible.av-lujjddpd-afa3d7a9eabd61123e643ed1228e781e{\nheight:50px;\n}\n<\/style>\n<div  class='hr av-lujjddpd-afa3d7a9eabd61123e643ed1228e781e hr-invisible  avia-builder-el-1  el_after_av_textblock  el_before_av_codeblock'><span class='hr-inner'><span class=\"hr-inner-style\"><\/span><\/span><\/div>\n\n\n<style type=\"text\/css\" data-created_by=\"avia_inline_auto\" id=\"style-css-av-82y21t7-4622d153891c0528813f731a57d2f010\">\n#top .hr.hr-invisible.av-82y21t7-4622d153891c0528813f731a57d2f010{\nheight:50px;\n}\n<\/style>\n<div  class='hr av-82y21t7-4622d153891c0528813f731a57d2f010 hr-invisible  avia-builder-el-3  el_after_av_codeblock  el_before_av_buttonrow'><span class='hr-inner'><span class=\"hr-inner-style\"><\/span><\/span><\/div>\n<div  class='avia-buttonrow-wrap av-lycyeosk-3a5d84609b38731678ab01a141ddd2c6 avia-buttonrow-center  avia-builder-el-4  el_after_av_hr  el_before_av_hr'>\n\n<style type=\"text\/css\" data-created_by=\"avia_inline_auto\" id=\"style-css-av-lycyehd9-8b81d1ba0c97b1c601641cfcf82e6f50\">\n#top #wrap_all .avia-button.av-lycyehd9-8b81d1ba0c97b1c601641cfcf82e6f50{\nmargin-bottom:5px;\nmargin-right:3px;\nmargin-left:3px;\n}\n<\/style>\n<a href='https:\/\/www.vdhurk.nl\/de\/nutzfahrzeuge\/#HcxRCoAgEEXRrcR8RwtoM2L6CEsbeWNFRHsv-rxwuLcUcHVFI7ILnlQzMEFGOTSvdvoZW9foN6vKBkovyghO10cq02LD8R1U6x-uerYU9pzAMcKCPC8'  class='avia-button av-lycyehd9-8b81d1ba0c97b1c601641cfcf82e6f50 avia-icon_select-yes-right-icon avia-size-x-large avia-color-theme-color'  ><span class='avia_iconbox_title' >Sind Sie neugierig auf die gesamte Palette der Volkswagen Transporter Nutzfahrzeuge? Schauen Sie doch einfach mal rein!<\/span><span class='avia_button_icon avia_button_icon_right' aria-hidden='true' data-av_icon='\ue871' data-av_iconfont='entypo-fontello'><\/span><\/a>\n<\/div>\n\n<style type=\"text\/css\" data-created_by=\"avia_inline_auto\" id=\"style-css-av-ah0xd-63338d9dc6b40410e22a712829c369d6\">\n#top .hr.hr-invisible.av-ah0xd-63338d9dc6b40410e22a712829c369d6{\nheight:50px;\n}\n<\/style>\n<div  class='hr av-ah0xd-63338d9dc6b40410e22a712829c369d6 hr-invisible  avia-builder-el-5  el_after_av_buttonrow  el_before_av_textblock'><span class='hr-inner'><span class=\"hr-inner-style\"><\/span><\/span><\/div>\n<section  class='av_textblock_section av-lu8gow1e-300853e458ed741bd87d6cb78e55cc7a'  itemscope=\"itemscope\" itemtype=\"https:\/\/schema.org\/CreativeWork\" ><div class='avia_textblock'  itemprop=\"text\" ><h2>6 Gr\u00fcnde f\u00fcr Unternehmer, einen Volkswagen Transporter zu kaufen<\/h2>\n<p>Als Volkswagen Transporter-H\u00e4ndler wissen wir, dass dieses Modell f\u00fcr den gesch\u00e4ftlichen Einsatz sehr beliebt ist. Die Beliebtheit dieses Modells ist zum Teil darauf zur\u00fcckzuf\u00fchren:<\/p>\n<ul>\n<li><strong>Vielseitigkeit<\/strong>: Dieses Modell ist f\u00fcr verschiedene gesch\u00e4ftliche Anforderungen konzipiert. Das Nutzfahrzeug eignet sich zum Beispiel f\u00fcr den Transport von Waren und Personen. Der Transporter bietet L\u00f6sungen f\u00fcr verschiedene Anwendungen.<\/li>\n<li><strong>Robuste Bauqualit\u00e4t<\/strong>Der Transporter ist f\u00fcr seine solide Konstruktion und Langlebigkeit bekannt. Das Modell ist so konzipiert, dass es schweren Lasten standh\u00e4lt. Das macht das Nutzfahrzeug unter verschiedenen Bedingungen zuverl\u00e4ssig.<\/li>\n<li><strong>Leistungsstarke Effizienz<\/strong>Volkswagens sind bekannt f\u00fcr ihre leistungsstarken und effizienten Motoren. Das macht die Fahrzeuge auch unter schwerer Last laufruhig und reaktionsschnell. Die Modelle sind so konstruiert, dass sie sparsam sind und gleichzeitig gen\u00fcgend Leistung f\u00fcr unterschiedliche Einsatzzwecke bieten.<\/li>\n<li><strong>Bequeme Nutzung<\/strong>Die Innenausstattung des Modells ist auf Komfort und Bequemlichkeit ausgerichtet. Das Modell verf\u00fcgt \u00fcber ergonomische Sitze, gute Ablagem\u00f6glichkeiten und fortschrittliche technische Funktionen. Dadurch bietet dieses Modell ein angenehmes Fahrerlebnis f\u00fcr alle Fahrer und Passagiere.<\/li>\n<li><strong>Technologie<\/strong>Dieses Modell ist mit einer Reihe von technischen Merkmalen ausgestattet. Dazu geh\u00f6ren Infotainmentsysteme, Fahrerassistenzsysteme und Konnektivit\u00e4tsoptionen. Diese Technologien sorgen f\u00fcr mehr Komfort und Bequemlichkeit und tragen zur Sicherheit des Fahrzeugs bei.<br \/>\n<strong>Sicherheitseinrichtungen<\/strong>Sicherheit: Die Marke achtet sehr auf die Sicherheit. So wurden beispielsweise Funktionen wie ein fortschrittlicher Bremsassistent, ein adaptiver Tempomat und vieles mehr entwickelt. Diese Funktionen unterst\u00fctzen den Fahrer und sorgen f\u00fcr die Sicherheit der Passagiere, auch unter schwierigen Bedingungen.<\/li>\n<\/ul>\n<p>All diese Eigenschaften machen die Volkswagen Transporter Modelle zu einer beliebten Wahl f\u00fcr gesch\u00e4ftliche Zwecke.<\/p>\n<\/div><\/section>\n<div class='flex_column av-f64w1-da126f42b61613402309283c14245a25 av_one_half  avia-builder-el-7  el_after_av_textblock  el_before_av_one_third  first flex_column_div column-top-margin'   ><section  class='av_textblock_section av-lu8gpqre-73cc2c17e6a6497ba6e1b58af22bd9e8'  itemscope=\"itemscope\" itemtype=\"https:\/\/schema.org\/CreativeWork\" ><div class='avia_textblock'  itemprop=\"text\" ><h2><b>Warum sollten Sie sich f\u00fcr ein gebrauchtes Modell entscheiden?<\/b><\/h2>\n<p>In unserem Angebot finden Sie einen Volkswagen Transporter aus zweiter Hand, der einwandfrei funktioniert. Trotz der Tatsache, dass unsere Modelle schon einmal benutzt wurden, tun sie genau das, was sie tun sollen. Au\u00dferdem bietet ein gebrauchtes Modell viele Vorteile, angefangen bei der Kostenersparnis. Im Allgemeinen sind gebrauchte Modelle billiger als neue Modelle. Sie sparen also eine Menge beim Kaufpreis. Au\u00dferdem verlieren Neufahrzeuge schnell ihren Wert. Mit einem gebrauchten Transporter vermeiden Sie einen gro\u00dfen Teil dieses Wertverlustes.<\/p>\n<\/div><\/section><\/div>\n<div class='flex_column av-aldk9-ee694297f5c4032981677a02caab84d6 av_one_third  avia-builder-el-9  el_after_av_one_half  el_before_av_hr  flex_column_div column-top-margin'   ><style type=\"text\/css\" data-created_by=\"avia_inline_auto\" id=\"style-css-av-l1w9kpsf-4ec3fab772ec7a9adaa33cfc64ff0475\">\n.avia-image-container.av-l1w9kpsf-4ec3fab772ec7a9adaa33cfc64ff0475 .av-image-caption-overlay-center{\ncolor:#ffffff;\n}\n<\/style>\n<div  class='avia-image-container av-l1w9kpsf-4ec3fab772ec7a9adaa33cfc64ff0475 av-styling- avia-align-center  avia-builder-el-10  avia-builder-el-no-sibling'  itemprop=\"image\" itemscope=\"itemscope\" itemtype=\"https:\/\/schema.org\/ImageObject\" ><div class=\"avia-image-container-inner\"><div class=\"avia-image-overlay-wrap\"><img decoding=\"async\" class='wp-image-187 avia-img-lazy-loading-not-187 avia_image' src=\"https:\/\/www.vdhurk.nl\/wp-content\/uploads\/2022\/03\/Voorrad.png\" alt='' title='Lagerbestand'  height=\"758\" width=\"1135\"  itemprop=\"thumbnailUrl\" srcset=\"https:\/\/www.vdhurk.nl\/wp-content\/uploads\/2022\/03\/Voorrad.png 1135w, https:\/\/www.vdhurk.nl\/wp-content\/uploads\/2022\/03\/Voorrad-300x200.png 300w, https:\/\/www.vdhurk.nl\/wp-content\/uploads\/2022\/03\/Voorrad-1030x688.png 1030w, https:\/\/www.vdhurk.nl\/wp-content\/uploads\/2022\/03\/Voorrad-768x513.png 768w, https:\/\/www.vdhurk.nl\/wp-content\/uploads\/2022\/03\/Voorrad-18x12.png 18w, https:\/\/www.vdhurk.nl\/wp-content\/uploads\/2022\/03\/Voorrad-705x471.png 705w\" sizes=\"(max-width: 1135px) 100vw, 1135px\" \/><\/div><\/div><\/div><\/div>\n\n<style type=\"text\/css\" data-created_by=\"avia_inline_auto\" id=\"style-css-av-luqrjpjc-5a23a1fb5f94718ca85316a9df963e2f\">\n#top .hr.hr-invisible.av-luqrjpjc-5a23a1fb5f94718ca85316a9df963e2f{\nheight:50px;\n}\n<\/style>\n<div  class='hr av-luqrjpjc-5a23a1fb5f94718ca85316a9df963e2f hr-invisible  avia-builder-el-11  el_after_av_one_third  el_before_av_textblock'><span class='hr-inner'><span class=\"hr-inner-style\"><\/span><\/span><\/div>\n<section  class='av_textblock_section av-lu8gtjw7-4f3cee9304909518d86d2860d9d582dd'  itemscope=\"itemscope\" itemtype=\"https:\/\/schema.org\/CreativeWork\" ><div class='avia_textblock'  itemprop=\"text\" ><h2>Leasing eines Volkswagen Transporters<\/h2>\n<p>Wir von Van den Hurk bieten Ihnen mehr als nur den Kauf von Nutzfahrzeugen. Sie k\u00f6nnen es auch leasen. Dies ist speziell f\u00fcr Gesch\u00e4ftskunden gedacht, die Sicherheit w\u00fcnschen. Der Vorteil eines <a href=\"https:\/\/www.vdhurk.nl\/de\/finanzierungsleasing\/#top\">Firmenwagenleasing<\/a> ist, dass Sie keine eigenen finanziellen Mittel einsetzen m\u00fcssen. Das liegt daran, dass die Finanzierung getrennt von Ihrer sonstigen Unternehmensfinanzierung erfolgt. M\u00f6chten Sie mehr \u00fcber Leasing wissen? Wir erz\u00e4hlen Ihnen gerne mehr dar\u00fcber.<\/p>\n<h2><b>Die Geschichte dieses Modells<\/b><\/h2>\n<h3><b>Startpunkt des Transporters<\/b><\/h3>\n<p>Die Geschichte des Volkswagen Transporters ist eine Geschichte der Innovation, Vielseitigkeit und Langlebigkeit, die bis ins 20. Jahrhundert zur\u00fcckreicht. Jahrhundert zur\u00fcckreicht. Damals erkannte Volkswagen den Bedarf an einem vielseitigen Nutzfahrzeug, das die wachsende Nachfrage nach Transportm\u00f6glichkeiten befriedigen konnte. In der Folge entwickelte sich das Fahrzeug schnell zu einem beliebten Modell.<\/p>\n<h3><b>Entwicklungen in den folgenden Jahren<\/b><\/h3>\n<p>In den Jahren nach der Geburt des Volkswagen Transporters folgten viele Weiterentwicklungen und Verbesserungen. Neue Modelle wurden entwickelt, um mit den sich \u00e4ndernden Marktanforderungen und dem technischen Fortschritt Schritt zu halten. So blieben die Modelle bei den gewerblichen Nutzern beliebt.<\/p>\n<h3><strong>Der Firmenwagen heute<\/strong><\/h3>\n<p>Heute ist der Volkswagen Transporter nach wie vor eine der beliebtesten Entscheidungen f\u00fcr Menschen jeden Alters und jeder Herkunft. Unternehmer entscheiden sich f\u00fcr dieses Modell, weil es eine zuverl\u00e4ssige und langfristige Wahl ist. Mit seiner reichen Geschichte bleibt dieses Modell eine Ikone der Mobilit\u00e4t und Freiheit.<\/p>\n<\/div><\/section>","protected":false},"excerpt":{"rendered":"","protected":false},"author":3,"featured_media":0,"parent":372079,"menu_order":0,"comment_status":"closed","ping_status":"closed","template":"","meta":{"_acf_changed":false,"_improvement_type_select":"improve_an_existing","_thumb_yes_seoaic":false,"_frame_yes_seoaic":false,"seoaic_generate_description":"","seoaic_improve_instructions_prompt":"","seoaic_rollback_content_improvement":"","seoaic_idea_thumbnail_generator":"","thumbnail_generated":false,"thumbnail_generate_prompt":"","seoaic_article_description":"","footnotes":""},"class_list":["post-393643","page","type-page","status-publish","hentry"],"acf":[],"yoast_head":"<!-- This site is optimized with the Yoast SEO plugin v27.5 - https:\/\/yoast.com\/product\/yoast-seo-wordpress\/ -->\n<title>Vind jouw geschikte Volkswagen Transporter occasion<\/title>\n<meta name=\"description\" content=\"Op zoek naar een goed werkende Volkswagen Transporter occasion? Bekijk dan ons actuele aanbod en ontdek de verschillende mogelijkheden.\" \/>\n<meta name=\"robots\" content=\"index, follow, max-snippet:-1, max-image-preview:large, max-video-preview:-1\" \/>\n<link rel=\"canonical\" href=\"https:\/\/www.vdhurk.nl\/de\/mercedes-13\/transporter\/\" \/>\n<meta property=\"og:locale\" content=\"de_DE\" \/>\n<meta property=\"og:type\" content=\"article\" \/>\n<meta property=\"og:title\" content=\"Vind jouw geschikte Volkswagen Transporter occasion\" \/>\n<meta property=\"og:description\" content=\"Op zoek naar een goed werkende Volkswagen Transporter occasion? Bekijk dan ons actuele aanbod en ontdek de verschillende mogelijkheden.\" \/>\n<meta property=\"og:url\" content=\"https:\/\/www.vdhurk.nl\/de\/mercedes-13\/transporter\/\" \/>\n<meta property=\"og:site_name\" content=\"Van den Hurk Bedrijfswagens\" \/>\n<meta name=\"twitter:card\" content=\"summary_large_image\" \/>\n<meta name=\"twitter:label1\" content=\"Gesch\u00e4tzte Lesezeit\" \/>\n\t<meta name=\"twitter:data1\" content=\"6\u00a0Minuten\" \/>\n<script type=\"application\/ld+json\" class=\"yoast-schema-graph\">{\"@context\":\"https:\\\/\\\/schema.org\",\"@graph\":[{\"@type\":\"WebPage\",\"@id\":\"https:\\\/\\\/www.vdhurk.nl\\\/volkswagen-bedrijfswagens\\\/transporter\\\/\",\"url\":\"https:\\\/\\\/www.vdhurk.nl\\\/volkswagen-bedrijfswagens\\\/transporter\\\/\",\"name\":\"Vind jouw geschikte Volkswagen Transporter occasion\",\"isPartOf\":{\"@id\":\"https:\\\/\\\/www.vdhurk.nl\\\/#website\"},\"datePublished\":\"2024-07-08T12:24:33+00:00\",\"description\":\"Op zoek naar een goed werkende Volkswagen Transporter occasion? Bekijk dan ons actuele aanbod en ontdek de verschillende mogelijkheden.\",\"breadcrumb\":{\"@id\":\"https:\\\/\\\/www.vdhurk.nl\\\/volkswagen-bedrijfswagens\\\/transporter\\\/#breadcrumb\"},\"inLanguage\":\"de\",\"potentialAction\":[{\"@type\":\"ReadAction\",\"target\":[\"https:\\\/\\\/www.vdhurk.nl\\\/volkswagen-bedrijfswagens\\\/transporter\\\/\"]}]},{\"@type\":\"BreadcrumbList\",\"@id\":\"https:\\\/\\\/www.vdhurk.nl\\\/volkswagen-bedrijfswagens\\\/transporter\\\/#breadcrumb\",\"itemListElement\":[{\"@type\":\"ListItem\",\"position\":1,\"name\":\"Home\",\"item\":\"https:\\\/\\\/www.vdhurk.nl\\\/home\\\/\"},{\"@type\":\"ListItem\",\"position\":2,\"name\":\"Volkswagen Bedrijfswagens\",\"item\":\"https:\\\/\\\/www.vdhurk.nl\\\/volkswagen-bedrijfswagens\\\/\"},{\"@type\":\"ListItem\",\"position\":3,\"name\":\"Volkswagen Transporter\"}]},{\"@type\":\"WebSite\",\"@id\":\"https:\\\/\\\/www.vdhurk.nl\\\/#website\",\"url\":\"https:\\\/\\\/www.vdhurk.nl\\\/\",\"name\":\"Van den Hurk Bedrijfswagens\",\"description\":\"Van den Hurk bedrijfswagens Helmond\",\"potentialAction\":[{\"@type\":\"SearchAction\",\"target\":{\"@type\":\"EntryPoint\",\"urlTemplate\":\"https:\\\/\\\/www.vdhurk.nl\\\/?s={search_term_string}\"},\"query-input\":{\"@type\":\"PropertyValueSpecification\",\"valueRequired\":true,\"valueName\":\"search_term_string\"}}],\"inLanguage\":\"de\"}]}<\/script>\n<!-- \/ Yoast SEO plugin. -->","yoast_head_json":{"title":"Finden Sie Ihren passenden Volkswagen Transporter Gebrauchtwagen","description":"Sie suchen einen gut funktionierenden Volkswagen Transporter Gebrauchtwagen? Dann werfen Sie einen Blick auf unser aktuelles Angebot und entdecken Sie die verschiedenen M\u00f6glichkeiten.","robots":{"index":"index","follow":"follow","max-snippet":"max-snippet:-1","max-image-preview":"max-image-preview:large","max-video-preview":"max-video-preview:-1"},"canonical":"https:\/\/www.vdhurk.nl\/de\/mercedes-13\/transporter\/","og_locale":"de_DE","og_type":"article","og_title":"Vind jouw geschikte Volkswagen Transporter occasion","og_description":"Op zoek naar een goed werkende Volkswagen Transporter occasion? Bekijk dan ons actuele aanbod en ontdek de verschillende mogelijkheden.","og_url":"https:\/\/www.vdhurk.nl\/de\/mercedes-13\/transporter\/","og_site_name":"Van den Hurk Bedrijfswagens","twitter_card":"summary_large_image","twitter_misc":{"Gesch\u00e4tzte Lesezeit":"6\u00a0Minuten"},"schema":{"@context":"https:\/\/schema.org","@graph":[{"@type":"WebPage","@id":"https:\/\/www.vdhurk.nl\/volkswagen-bedrijfswagens\/transporter\/","url":"https:\/\/www.vdhurk.nl\/volkswagen-bedrijfswagens\/transporter\/","name":"Finden Sie Ihren passenden Volkswagen Transporter Gebrauchtwagen","isPartOf":{"@id":"https:\/\/www.vdhurk.nl\/#website"},"datePublished":"2024-07-08T12:24:33+00:00","description":"Sie suchen einen gut funktionierenden Volkswagen Transporter Gebrauchtwagen? Dann werfen Sie einen Blick auf unser aktuelles Angebot und entdecken Sie die verschiedenen M\u00f6glichkeiten.","breadcrumb":{"@id":"https:\/\/www.vdhurk.nl\/volkswagen-bedrijfswagens\/transporter\/#breadcrumb"},"inLanguage":"de","potentialAction":[{"@type":"ReadAction","target":["https:\/\/www.vdhurk.nl\/volkswagen-bedrijfswagens\/transporter\/"]}]},{"@type":"BreadcrumbList","@id":"https:\/\/www.vdhurk.nl\/volkswagen-bedrijfswagens\/transporter\/#breadcrumb","itemListElement":[{"@type":"ListItem","position":1,"name":"Home","item":"https:\/\/www.vdhurk.nl\/home\/"},{"@type":"ListItem","position":2,"name":"Volkswagen Bedrijfswagens","item":"https:\/\/www.vdhurk.nl\/volkswagen-bedrijfswagens\/"},{"@type":"ListItem","position":3,"name":"Volkswagen Transporter"}]},{"@type":"WebSite","@id":"https:\/\/www.vdhurk.nl\/#website","url":"https:\/\/www.vdhurk.nl\/","name":"Van den Hurk Nutzfahrzeuge","description":"Van den Hurk Nutzfahrzeuge Helmond","potentialAction":[{"@type":"SearchAction","target":{"@type":"EntryPoint","urlTemplate":"https:\/\/www.vdhurk.nl\/?s={search_term_string}"},"query-input":{"@type":"PropertyValueSpecification","valueRequired":true,"valueName":"search_term_string"}}],"inLanguage":"de"}]}},"_links":{"self":[{"href":"https:\/\/www.vdhurk.nl\/de\/wp-json\/wp\/v2\/pages\/393643","targetHints":{"allow":["GET"]}}],"collection":[{"href":"https:\/\/www.vdhurk.nl\/de\/wp-json\/wp\/v2\/pages"}],"about":[{"href":"https:\/\/www.vdhurk.nl\/de\/wp-json\/wp\/v2\/types\/page"}],"author":[{"embeddable":true,"href":"https:\/\/www.vdhurk.nl\/de\/wp-json\/wp\/v2\/users\/3"}],"replies":[{"embeddable":true,"href":"https:\/\/www.vdhurk.nl\/de\/wp-json\/wp\/v2\/comments?post=393643"}],"version-history":[{"count":5,"href":"https:\/\/www.vdhurk.nl\/de\/wp-json\/wp\/v2\/pages\/393643\/revisions"}],"predecessor-version":[{"id":393653,"href":"https:\/\/www.vdhurk.nl\/de\/wp-json\/wp\/v2\/pages\/393643\/revisions\/393653"}],"up":[{"embeddable":true,"href":"https:\/\/www.vdhurk.nl\/de\/wp-json\/wp\/v2\/pages\/372079"}],"wp:attachment":[{"href":"https:\/\/www.vdhurk.nl\/de\/wp-json\/wp\/v2\/media?parent=393643"}],"curies":[{"name":"wp","href":"https:\/\/api.w.org\/{rel}","templated":true}]}}