{"id":393610,"date":"2024-07-08T13:58:13","date_gmt":"2024-07-08T11:58:13","guid":{"rendered":"https:\/\/www.vdhurk.nl\/?page_id=393610"},"modified":"2024-07-08T14:22:13","modified_gmt":"2024-07-08T12:22:13","slug":"mercedes-4","status":"publish","type":"page","link":"https:\/\/www.vdhurk.nl\/de\/volkswagen-bedrijfswagens\/caddy\/","title":{"rendered":"Volkswagen Caddy"},"content":{"rendered":"<section  class='av_textblock_section av-lu8gnh7d-4ac895489941e586c1d7c8cb72318135'  itemscope=\"itemscope\" itemtype=\"https:\/\/schema.org\/CreativeWork\" ><div class='avia_textblock'  itemprop=\"text\" ><h1>Alles, was Sie \u00fcber den Volkswagen Caddy wissen m\u00fcssen<\/h1>\n<p>Der Volkswagen Caddy ist seit langem eines der beliebtesten und vielseitigsten Nutzfahrzeuge auf dem Markt. Dieses Modell hat sich einen guten Ruf bei Unternehmen und Unternehmern erworben. Diese Gelegenheit bietet viele Qualit\u00e4ten zu einem erschwinglichen Preis. Flexibilit\u00e4t und Langlebigkeit vereinen sich in ihm. Entdecken Sie die vielen Spezifikationen und Vorteile dieses Modells.<\/p>\n<\/div><\/section>\n\n<style type=\"text\/css\" data-created_by=\"avia_inline_auto\" id=\"style-css-av-lujjddpd-afa3d7a9eabd61123e643ed1228e781e\">\n#top .hr.hr-invisible.av-lujjddpd-afa3d7a9eabd61123e643ed1228e781e{\nheight:50px;\n}\n<\/style>\n<div  class='hr av-lujjddpd-afa3d7a9eabd61123e643ed1228e781e hr-invisible  avia-builder-el-1  el_after_av_textblock  el_before_av_codeblock'><span class='hr-inner'><span class=\"hr-inner-style\"><\/span><\/span><\/div>\n\n\n<style type=\"text\/css\" data-created_by=\"avia_inline_auto\" id=\"style-css-av-av_hr-3a876428eececa9d35452247ddb053af\">\n#top .hr.hr-invisible.av-av_hr-3a876428eececa9d35452247ddb053af{\nheight:50px;\n}\n<\/style>\n<div  class='hr av-av_hr-3a876428eececa9d35452247ddb053af hr-invisible  avia-builder-el-3  el_after_av_codeblock  el_before_av_buttonrow'><span class='hr-inner'><span class=\"hr-inner-style\"><\/span><\/span><\/div>\n<div  class='avia-buttonrow-wrap av-lycyckhz-a0207ca1bb187f2978bad44a1bbc9abf avia-buttonrow-center  avia-builder-el-4  el_after_av_hr  el_before_av_hr'>\n\n<style type=\"text\/css\" data-created_by=\"avia_inline_auto\" id=\"style-css-av-lycyc0c8-09cd1f79e4080d9a7583e09e93f1a2c7\">\n#top #wrap_all .avia-button.av-lycyc0c8-09cd1f79e4080d9a7583e09e93f1a2c7{\nmargin-bottom:5px;\nmargin-right:3px;\nmargin-left:3px;\n}\n<\/style>\n<a href='https:\/\/www.vdhurk.nl\/de\/nutzfahrzeuge\/#HctLCoAwDEXRrUjG4gLcTKlJkNpqyosfRNy7xeHlcB9aFTmsJloCR8DcFUlppNNK9ivOunUcRW7qySCK6W5YkRYfzvaa1T9CjdgTHyUpRlFnej8'  class='avia-button av-lycyc0c8-09cd1f79e4080d9a7583e09e93f1a2c7 avia-icon_select-yes-right-icon avia-size-x-large avia-color-theme-color'  ><span class='avia_iconbox_title' >Sind Sie neugierig auf die gesamte Palette der Volkswagen Caddy Nutzfahrzeuge? Schauen Sie doch einfach mal rein!<\/span><span class='avia_button_icon avia_button_icon_right' aria-hidden='true' data-av_icon='\ue871' data-av_iconfont='entypo-fontello'><\/span><\/a>\n<\/div>\n\n<style type=\"text\/css\" data-created_by=\"avia_inline_auto\" id=\"style-css-av-ah0xd-63338d9dc6b40410e22a712829c369d6\">\n#top .hr.hr-invisible.av-ah0xd-63338d9dc6b40410e22a712829c369d6{\nheight:50px;\n}\n<\/style>\n<div  class='hr av-ah0xd-63338d9dc6b40410e22a712829c369d6 hr-invisible  avia-builder-el-5  el_after_av_buttonrow  el_before_av_textblock'><span class='hr-inner'><span class=\"hr-inner-style\"><\/span><\/span><\/div>\n<section  class='av_textblock_section av-lu8gow1e-300853e458ed741bd87d6cb78e55cc7a'  itemscope=\"itemscope\" itemtype=\"https:\/\/schema.org\/CreativeWork\" ><div class='avia_textblock'  itemprop=\"text\" ><h2>5 Vorteile der Volkswagen Caddy Modelle<\/h2>\n<p>Die Entscheidung f\u00fcr einen Volkswagen Caddy Gebrauchtwagen bringt mehrere Vorteile mit sich:<\/p>\n<ul>\n<li><strong>Erschwinglichkeit<\/strong>Sie profitieren bei einem Gebrauchtwagen oft von einem g\u00fcnstigeren Preis als bei einem neuen Modell. Wenn Sie sich f\u00fcr einen Volkswagen Caddy entscheiden, profitieren Sie gleichzeitig von einem Qualit\u00e4tsfahrzeug.<\/li>\n<li><strong>Verl\u00e4sslichkeit<\/strong>: Volkswagen ist bekannt f\u00fcr seine zuverl\u00e4ssigen Fahrzeuge. Der Caddy hat eine gute Wartungshistorie, so dass Sie einem Nutzfahrzeug vertrauen k\u00f6nnen.<\/li>\n<li><strong>Vielseitigkeit und Platz:<\/strong> Dieses Modell bietet einen ger\u00e4umigen Innenraum und einen vielseitigen Laderaum. Dadurch eignet sich dieses Modell sehr gut f\u00fcr verschiedene Anwendungen, wie den Transport von Waren und Werkzeugen.<\/li>\n<li><strong>Solide Verarbeitungsqualit\u00e4t<\/strong>: Volkswagen ist bekannt f\u00fcr seine erstklassige Bauqualit\u00e4t und Verarbeitung. Bei diesem Modell profitieren Sie von Konstruktion und Langlebigkeit.<\/li>\n<li><strong>Verf\u00fcgbarkeit von Optionen<\/strong>: Beim Kauf eines gebrauchten Volkswagen Caddy haben Sie oft die Wahl zwischen verschiedenen Konfigurationen. So haben Sie die M\u00f6glichkeit, ein Fahrzeug zu finden, das ganz Ihren Bed\u00fcrfnissen und Vorlieben entspricht.<\/li>\n<\/ul>\n<p>Dieses Modell bietet somit eine hervorragende Kombination aus Wertigkeit, Zuverl\u00e4ssigkeit und Vielseitigkeit. Dies macht das Nutzfahrzeug zu einer attraktiven Option f\u00fcr verschiedene Nutzer.<\/p>\n<\/div><\/section>\n<div class='flex_column av-f64w1-da126f42b61613402309283c14245a25 av_one_half  avia-builder-el-7  el_after_av_textblock  el_before_av_one_third  first flex_column_div column-top-margin'   ><section  class='av_textblock_section av-lu8gpqre-73cc2c17e6a6497ba6e1b58af22bd9e8'  itemscope=\"itemscope\" itemtype=\"https:\/\/schema.org\/CreativeWork\" ><div class='avia_textblock'  itemprop=\"text\" ><h2>3 Gr\u00fcnde, ein gebrauchtes Modell einem neuen Nutzfahrzeug vorzuziehen<\/h2>\n<p>Der Kauf eines Volkswagen Caddy aus zweiter Hand ist oft g\u00fcnstiger als ein neues Modell. Warum das so ist? Wir listen die wichtigsten Gr\u00fcnde f\u00fcr Sie auf:<\/p>\n<ul>\n<li><strong>Preis<\/strong>: Ein gebrauchtes Modell ist preislich g\u00fcnstiger. So k\u00f6nnen Sie bei den Anschaffungskosten sparen.<\/li>\n<li><strong>Wertverluste<\/strong>Ein Neuwagen verliert schnell seinen Wert. Bei einem gebrauchten Modell hat jemand anderes bereits f\u00fcr diesen anf\u00e4nglichen Wertverlust bezahlt. Daher m\u00fcssen Sie weniger Wertverlust in Kauf nehmen.<\/li>\n<li><strong>\u00c4quivalente Qualit\u00e4t<\/strong>Moderne Autos sind f\u00fcr die Ewigkeit gebaut. Ein gebrauchtes Modell aus unserem Angebot ist immer noch in ausgezeichnetem Zustand und liefert immer noch zuverl\u00e4ssige Leistung. Bei entsprechender Pflege und Wartung kann ein gebrauchtes Nutzfahrzeug viele Jahre lang halten.<\/li>\n<\/ul>\n<p>Kurzum, der Kauf eines Volkswagen Caddy als Gebrauchtmodell bietet viele Vorteile.<\/p>\n<\/div><\/section><\/div>\n<div class='flex_column av-aldk9-ee694297f5c4032981677a02caab84d6 av_one_third  avia-builder-el-9  el_after_av_one_half  el_before_av_hr  flex_column_div column-top-margin'   ><style type=\"text\/css\" data-created_by=\"avia_inline_auto\" id=\"style-css-av-l1w9kpsf-4ec3fab772ec7a9adaa33cfc64ff0475\">\n.avia-image-container.av-l1w9kpsf-4ec3fab772ec7a9adaa33cfc64ff0475 .av-image-caption-overlay-center{\ncolor:#ffffff;\n}\n<\/style>\n<div  class='avia-image-container av-l1w9kpsf-4ec3fab772ec7a9adaa33cfc64ff0475 av-styling- avia-align-center  avia-builder-el-10  avia-builder-el-no-sibling'  itemprop=\"image\" itemscope=\"itemscope\" itemtype=\"https:\/\/schema.org\/ImageObject\" ><div class=\"avia-image-container-inner\"><div class=\"avia-image-overlay-wrap\"><img decoding=\"async\" class='wp-image-187 avia-img-lazy-loading-not-187 avia_image' src=\"https:\/\/www.vdhurk.nl\/wp-content\/uploads\/2022\/03\/Voorrad.png\" alt='' title='Lagerbestand'  height=\"758\" width=\"1135\"  itemprop=\"thumbnailUrl\" srcset=\"https:\/\/www.vdhurk.nl\/wp-content\/uploads\/2022\/03\/Voorrad.png 1135w, https:\/\/www.vdhurk.nl\/wp-content\/uploads\/2022\/03\/Voorrad-300x200.png 300w, https:\/\/www.vdhurk.nl\/wp-content\/uploads\/2022\/03\/Voorrad-1030x688.png 1030w, https:\/\/www.vdhurk.nl\/wp-content\/uploads\/2022\/03\/Voorrad-768x513.png 768w, https:\/\/www.vdhurk.nl\/wp-content\/uploads\/2022\/03\/Voorrad-18x12.png 18w, https:\/\/www.vdhurk.nl\/wp-content\/uploads\/2022\/03\/Voorrad-705x471.png 705w\" sizes=\"(max-width: 1135px) 100vw, 1135px\" \/><\/div><\/div><\/div><\/div>\n\n<style type=\"text\/css\" data-created_by=\"avia_inline_auto\" id=\"style-css-av-luqrjpjc-5a23a1fb5f94718ca85316a9df963e2f\">\n#top .hr.hr-invisible.av-luqrjpjc-5a23a1fb5f94718ca85316a9df963e2f{\nheight:50px;\n}\n<\/style>\n<div  class='hr av-luqrjpjc-5a23a1fb5f94718ca85316a9df963e2f hr-invisible  avia-builder-el-11  el_after_av_one_third  el_before_av_textblock'><span class='hr-inner'><span class=\"hr-inner-style\"><\/span><\/span><\/div>\n<section  class='av_textblock_section av-lu8gtjw7-4f3cee9304909518d86d2860d9d582dd'  itemscope=\"itemscope\" itemtype=\"https:\/\/schema.org\/CreativeWork\" ><div class='avia_textblock'  itemprop=\"text\" ><h2>Ein Schaltgetriebe oder eine Automatik: Was ist Ihnen lieber?<\/h2>\n<p>Wir bei Van den Hurk finden es wichtig, dass f\u00fcr jeden etwas dabei ist. Deshalb bieten wir verschiedene Modelle von Volkswagen an. Auch den Volkswagen Caddy finden Sie in verschiedenen Ausf\u00fchrungen. Sie k\u00f6nnen zwischen Getriebe oder Automatik w\u00e4hlen.<\/p>\n<h2>Alles, was Sie \u00fcber unser Familienunternehmen wissen m\u00f6chten<\/h2>\n<p>Van den Hurk ist ein echtes Familienunternehmen, das 1965 von Jan van den Hurk gegr\u00fcndet wurde. Seine S\u00f6hne k\u00fcmmerten sich um die Expansion des Unternehmens. Derzeit konzentrieren wir uns mit einem Team von 35 Mitarbeitern auf den Verkauf von ma\u00dfgeschneiderten Nutzfahrzeugen. Innerhalb des Sortiments finden Sie alle Arten von Nutzfahrzeugen aller Marken und Typen. Dadurch haben unsere Kunden viele M\u00f6glichkeiten und es gibt immer etwas dazwischen, das ihren W\u00fcnschen und Bed\u00fcrfnissen entspricht.<\/p>\n<h2>Optionen f\u00fcr Finanzierungsleasing<\/h2>\n<p>Wir machen das Leasing eines Firmenwagens m\u00f6glich. Dies ist speziell f\u00fcr Unternehmer gedacht, die Komfort und Sicherheit w\u00fcnschen. Bei uns <a href=\"https:\/\/www.vdhurk.nl\/de\/finanzierungsleasing\/\">Finanzierungsleasing <\/a>Sie m\u00fcssen keine eigenen finanziellen Mittel einsetzen. Die Finanzierung erfolgt getrennt von allen anderen Finanzierungen Ihres Unternehmens. Sie entscheiden \u00fcber die Laufzeit, die Ihrer Abschreibung und der Leasingdauer entspricht. Sie zahlen Zinsen f\u00fcr Ihren Leasingvertrag, die im Voraus festgelegt werden, so dass Sie einen monatlichen Leasingbetrag erhalten. So wissen Sie immer, woran Sie sind.<\/p>\n<h2><b>Profitieren Sie von unserem Stock Alert<\/b><\/h2>\n<p>Wir bieten Ihnen stets einen gro\u00dfen Bestand an verschiedenen Nutzfahrzeugen aller Marken. Suchen Sie ein<a href=\"https:\/\/www.vdhurk.nl\/de\/mercedes-13\/\"> Volkswagen Nutzfahrzeug <\/a>Und Ihr Traumauto ist nicht dabei? Das kann nat\u00fcrlich passieren. Auch bei einer gro\u00dfen Auswahl kann es vorkommen, dass der passende Firmenwagen nicht vorr\u00e4tig ist. Machen Sie sich keine Sorgen, denn Sie k\u00f6nnen uns Ihre W\u00fcnsche \u00fcber unser <a href=\"https:\/\/www.vdhurk.nl\/de\/aktienalarm\/\">Aktienalarm<\/a>. Unser Einkaufsteam sucht dann in Ihrem Auftrag nach dem richtigen Nutzfahrzeug f\u00fcr Ihre Bed\u00fcrfnisse.<\/p>\n<\/div><\/section>","protected":false},"excerpt":{"rendered":"","protected":false},"author":3,"featured_media":0,"parent":372079,"menu_order":0,"comment_status":"closed","ping_status":"closed","template":"","meta":{"_acf_changed":false,"_improvement_type_select":"improve_an_existing","_thumb_yes_seoaic":false,"_frame_yes_seoaic":false,"seoaic_generate_description":"","seoaic_improve_instructions_prompt":"","seoaic_rollback_content_improvement":"","seoaic_idea_thumbnail_generator":"","thumbnail_generated":false,"thumbnail_generate_prompt":"","seoaic_article_description":"","footnotes":""},"class_list":["post-393610","page","type-page","status-publish","hentry"],"acf":[],"yoast_head":"<!-- This site is optimized with the Yoast SEO plugin v27.5 - https:\/\/yoast.com\/product\/yoast-seo-wordpress\/ -->\n<title>Ontdek alles over de Volkswagen Caddy occasion<\/title>\n<meta name=\"description\" content=\"Op zoek naar een betrouwbare Volkswagen Caddy occasion? Bekijk dan alle mogelijkheden binnen ons aanbod en vind de perfecte bedrijfswagen.\" \/>\n<meta name=\"robots\" content=\"index, follow, max-snippet:-1, max-image-preview:large, max-video-preview:-1\" \/>\n<link rel=\"canonical\" href=\"https:\/\/www.vdhurk.nl\/de\/mercedes-13\/mercedes-4\/\" \/>\n<meta property=\"og:locale\" content=\"de_DE\" \/>\n<meta property=\"og:type\" content=\"article\" \/>\n<meta property=\"og:title\" content=\"Ontdek alles over de Volkswagen Caddy occasion\" \/>\n<meta property=\"og:description\" content=\"Op zoek naar een betrouwbare Volkswagen Caddy occasion? Bekijk dan alle mogelijkheden binnen ons aanbod en vind de perfecte bedrijfswagen.\" \/>\n<meta property=\"og:url\" content=\"https:\/\/www.vdhurk.nl\/de\/mercedes-13\/mercedes-4\/\" \/>\n<meta property=\"og:site_name\" content=\"Van den Hurk Bedrijfswagens\" \/>\n<meta property=\"article:modified_time\" content=\"2024-07-08T12:22:13+00:00\" \/>\n<meta name=\"twitter:card\" content=\"summary_large_image\" \/>\n<meta name=\"twitter:label1\" content=\"Gesch\u00e4tzte Lesezeit\" \/>\n\t<meta name=\"twitter:data1\" content=\"6\u00a0Minuten\" \/>\n<script type=\"application\/ld+json\" class=\"yoast-schema-graph\">{\"@context\":\"https:\\\/\\\/schema.org\",\"@graph\":[{\"@type\":\"WebPage\",\"@id\":\"https:\\\/\\\/www.vdhurk.nl\\\/volkswagen-bedrijfswagens\\\/caddy\\\/\",\"url\":\"https:\\\/\\\/www.vdhurk.nl\\\/volkswagen-bedrijfswagens\\\/caddy\\\/\",\"name\":\"Ontdek alles over de Volkswagen Caddy occasion\",\"isPartOf\":{\"@id\":\"https:\\\/\\\/www.vdhurk.nl\\\/#website\"},\"datePublished\":\"2024-07-08T11:58:13+00:00\",\"dateModified\":\"2024-07-08T12:22:13+00:00\",\"description\":\"Op zoek naar een betrouwbare Volkswagen Caddy occasion? Bekijk dan alle mogelijkheden binnen ons aanbod en vind de perfecte bedrijfswagen.\",\"breadcrumb\":{\"@id\":\"https:\\\/\\\/www.vdhurk.nl\\\/volkswagen-bedrijfswagens\\\/caddy\\\/#breadcrumb\"},\"inLanguage\":\"de\",\"potentialAction\":[{\"@type\":\"ReadAction\",\"target\":[\"https:\\\/\\\/www.vdhurk.nl\\\/volkswagen-bedrijfswagens\\\/caddy\\\/\"]}]},{\"@type\":\"BreadcrumbList\",\"@id\":\"https:\\\/\\\/www.vdhurk.nl\\\/volkswagen-bedrijfswagens\\\/caddy\\\/#breadcrumb\",\"itemListElement\":[{\"@type\":\"ListItem\",\"position\":1,\"name\":\"Home\",\"item\":\"https:\\\/\\\/www.vdhurk.nl\\\/home\\\/\"},{\"@type\":\"ListItem\",\"position\":2,\"name\":\"Volkswagen Bedrijfswagens\",\"item\":\"https:\\\/\\\/www.vdhurk.nl\\\/volkswagen-bedrijfswagens\\\/\"},{\"@type\":\"ListItem\",\"position\":3,\"name\":\"Volkswagen Caddy\"}]},{\"@type\":\"WebSite\",\"@id\":\"https:\\\/\\\/www.vdhurk.nl\\\/#website\",\"url\":\"https:\\\/\\\/www.vdhurk.nl\\\/\",\"name\":\"Van den Hurk Bedrijfswagens\",\"description\":\"Van den Hurk bedrijfswagens Helmond\",\"potentialAction\":[{\"@type\":\"SearchAction\",\"target\":{\"@type\":\"EntryPoint\",\"urlTemplate\":\"https:\\\/\\\/www.vdhurk.nl\\\/?s={search_term_string}\"},\"query-input\":{\"@type\":\"PropertyValueSpecification\",\"valueRequired\":true,\"valueName\":\"search_term_string\"}}],\"inLanguage\":\"de\"}]}<\/script>\n<!-- \/ Yoast SEO plugin. -->","yoast_head_json":{"title":"Erfahren Sie alles \u00fcber den Volkswagen Caddy","description":"Sie suchen einen zuverl\u00e4ssigen Volkswagen Caddy Gebrauchtwagen? Dann schauen Sie sich alle Optionen in unserem Angebot an und finden Sie das perfekte Nutzfahrzeug.","robots":{"index":"index","follow":"follow","max-snippet":"max-snippet:-1","max-image-preview":"max-image-preview:large","max-video-preview":"max-video-preview:-1"},"canonical":"https:\/\/www.vdhurk.nl\/de\/mercedes-13\/mercedes-4\/","og_locale":"de_DE","og_type":"article","og_title":"Ontdek alles over de Volkswagen Caddy occasion","og_description":"Op zoek naar een betrouwbare Volkswagen Caddy occasion? Bekijk dan alle mogelijkheden binnen ons aanbod en vind de perfecte bedrijfswagen.","og_url":"https:\/\/www.vdhurk.nl\/de\/mercedes-13\/mercedes-4\/","og_site_name":"Van den Hurk Bedrijfswagens","article_modified_time":"2024-07-08T12:22:13+00:00","twitter_card":"summary_large_image","twitter_misc":{"Gesch\u00e4tzte Lesezeit":"6\u00a0Minuten"},"schema":{"@context":"https:\/\/schema.org","@graph":[{"@type":"WebPage","@id":"https:\/\/www.vdhurk.nl\/volkswagen-bedrijfswagens\/caddy\/","url":"https:\/\/www.vdhurk.nl\/volkswagen-bedrijfswagens\/caddy\/","name":"Erfahren Sie alles \u00fcber den Volkswagen Caddy","isPartOf":{"@id":"https:\/\/www.vdhurk.nl\/#website"},"datePublished":"2024-07-08T11:58:13+00:00","dateModified":"2024-07-08T12:22:13+00:00","description":"Sie suchen einen zuverl\u00e4ssigen Volkswagen Caddy Gebrauchtwagen? Dann schauen Sie sich alle Optionen in unserem Angebot an und finden Sie das perfekte Nutzfahrzeug.","breadcrumb":{"@id":"https:\/\/www.vdhurk.nl\/volkswagen-bedrijfswagens\/caddy\/#breadcrumb"},"inLanguage":"de","potentialAction":[{"@type":"ReadAction","target":["https:\/\/www.vdhurk.nl\/volkswagen-bedrijfswagens\/caddy\/"]}]},{"@type":"BreadcrumbList","@id":"https:\/\/www.vdhurk.nl\/volkswagen-bedrijfswagens\/caddy\/#breadcrumb","itemListElement":[{"@type":"ListItem","position":1,"name":"Home","item":"https:\/\/www.vdhurk.nl\/home\/"},{"@type":"ListItem","position":2,"name":"Volkswagen Bedrijfswagens","item":"https:\/\/www.vdhurk.nl\/volkswagen-bedrijfswagens\/"},{"@type":"ListItem","position":3,"name":"Volkswagen Caddy"}]},{"@type":"WebSite","@id":"https:\/\/www.vdhurk.nl\/#website","url":"https:\/\/www.vdhurk.nl\/","name":"Van den Hurk Nutzfahrzeuge","description":"Van den Hurk Nutzfahrzeuge Helmond","potentialAction":[{"@type":"SearchAction","target":{"@type":"EntryPoint","urlTemplate":"https:\/\/www.vdhurk.nl\/?s={search_term_string}"},"query-input":{"@type":"PropertyValueSpecification","valueRequired":true,"valueName":"search_term_string"}}],"inLanguage":"de"}]}},"_links":{"self":[{"href":"https:\/\/www.vdhurk.nl\/de\/wp-json\/wp\/v2\/pages\/393610","targetHints":{"allow":["GET"]}}],"collection":[{"href":"https:\/\/www.vdhurk.nl\/de\/wp-json\/wp\/v2\/pages"}],"about":[{"href":"https:\/\/www.vdhurk.nl\/de\/wp-json\/wp\/v2\/types\/page"}],"author":[{"embeddable":true,"href":"https:\/\/www.vdhurk.nl\/de\/wp-json\/wp\/v2\/users\/3"}],"replies":[{"embeddable":true,"href":"https:\/\/www.vdhurk.nl\/de\/wp-json\/wp\/v2\/comments?post=393610"}],"version-history":[{"count":5,"href":"https:\/\/www.vdhurk.nl\/de\/wp-json\/wp\/v2\/pages\/393610\/revisions"}],"predecessor-version":[{"id":393650,"href":"https:\/\/www.vdhurk.nl\/de\/wp-json\/wp\/v2\/pages\/393610\/revisions\/393650"}],"up":[{"embeddable":true,"href":"https:\/\/www.vdhurk.nl\/de\/wp-json\/wp\/v2\/pages\/372079"}],"wp:attachment":[{"href":"https:\/\/www.vdhurk.nl\/de\/wp-json\/wp\/v2\/media?parent=393610"}],"curies":[{"name":"wp","href":"https:\/\/api.w.org\/{rel}","templated":true}]}}