{"id":393278,"date":"2024-07-05T10:23:05","date_gmt":"2024-07-05T08:23:05","guid":{"rendered":"https:\/\/www.vdhurk.nl\/?page_id=393278"},"modified":"2024-07-08T14:20:17","modified_gmt":"2024-07-08T12:20:17","slug":"mercedes-20","status":"publish","type":"page","link":"https:\/\/www.vdhurk.nl\/de\/mercedes-bedrijfswagens\/vito\/","title":{"rendered":"Mercedes Vito"},"content":{"rendered":"<section  class='av_textblock_section av-lu8gnh7d-4ac895489941e586c1d7c8cb72318135'  itemscope=\"itemscope\" itemtype=\"https:\/\/schema.org\/CreativeWork\" ><div class='avia_textblock'  itemprop=\"text\" ><h1>Alles, was Sie \u00fcber den Mercedes Benz Vito wissen m\u00f6chten<\/h1>\n<p>Der Mercedes Vito occasion ist ein vielseitiges Nutzfahrzeug, das seit vielen Jahren bei Gesch\u00e4ftsleuten beliebt ist. Dieses Modell bietet verschiedene praktische Funktionen und ist auf die Bed\u00fcrfnisse von Unternehmen zugeschnitten. Dank verschiedener fortschrittlicher Technologien bleibt dieses Modell auch als Gebrauchtfahrzeug eine wertvolle Investition.<\/p>\n<\/div><\/section>\n\n<style type=\"text\/css\" data-created_by=\"avia_inline_auto\" id=\"style-css-av-lujjddpd-afa3d7a9eabd61123e643ed1228e781e\">\n#top .hr.hr-invisible.av-lujjddpd-afa3d7a9eabd61123e643ed1228e781e{\nheight:50px;\n}\n<\/style>\n<div  class='hr av-lujjddpd-afa3d7a9eabd61123e643ed1228e781e hr-invisible  avia-builder-el-1  el_after_av_textblock  el_before_av_codeblock'><span class='hr-inner'><span class=\"hr-inner-style\"><\/span><\/span><\/div>\n\n\n<style type=\"text\/css\" data-created_by=\"avia_inline_auto\" id=\"style-css-av-ah0xd-63338d9dc6b40410e22a712829c369d6\">\n#top .hr.hr-invisible.av-ah0xd-63338d9dc6b40410e22a712829c369d6{\nheight:50px;\n}\n<\/style>\n<div  class='hr av-ah0xd-63338d9dc6b40410e22a712829c369d6 hr-invisible  avia-builder-el-3  el_after_av_codeblock  el_before_av_buttonrow'><span class='hr-inner'><span class=\"hr-inner-style\"><\/span><\/span><\/div>\n<div  class='avia-buttonrow-wrap av-lycy2l1u-efac69e9f010a0319d432a3a571c80d4 avia-buttonrow-center  avia-builder-el-4  el_after_av_hr  el_before_av_hr'>\n\n<style type=\"text\/css\" data-created_by=\"avia_inline_auto\" id=\"style-css-av-lycy2co6-74b47d0012f7523fa8b311cf9f8637f3\">\n#top #wrap_all .avia-button.av-lycy2co6-74b47d0012f7523fa8b311cf9f8637f3{\nmargin-bottom:5px;\nmargin-right:3px;\nmargin-left:3px;\n}\n<\/style>\n<a href='https:\/\/www.vdhurk.nl\/de\/nutzfahrzeuge\/#HYxBDoAgDAT_0rP6AD5jBPZQBUsKkqjx71ZPm5lk9qYM3ch9ExBRR4_9ooGyRCTznZsYikaoP00U5bVO3SqR8sNcFm0cjsRQZxeBnhc'  class='avia-button av-lycy2co6-74b47d0012f7523fa8b311cf9f8637f3 avia-icon_select-yes-right-icon avia-size-x-large avia-color-theme-color'  ><span class='avia_iconbox_title' >Sind Sie neugierig auf die gesamte Palette der Mercedes Vito Nutzfahrzeuge? Schauen Sie doch einfach mal rein!<\/span><span class='avia_button_icon avia_button_icon_right' aria-hidden='true' data-av_icon='\ue871' data-av_iconfont='entypo-fontello'><\/span><\/a>\n<\/div>\n\n<style type=\"text\/css\" data-created_by=\"avia_inline_auto\" id=\"style-css-av-av_hr-3a876428eececa9d35452247ddb053af\">\n#top .hr.hr-invisible.av-av_hr-3a876428eececa9d35452247ddb053af{\nheight:50px;\n}\n<\/style>\n<div  class='hr av-av_hr-3a876428eececa9d35452247ddb053af hr-invisible  avia-builder-el-5  el_after_av_buttonrow  el_before_av_textblock'><span class='hr-inner'><span class=\"hr-inner-style\"><\/span><\/span><\/div>\n<section  class='av_textblock_section av-lu8gow1e-300853e458ed741bd87d6cb78e55cc7a'  itemscope=\"itemscope\" itemtype=\"https:\/\/schema.org\/CreativeWork\" ><div class='avia_textblock'  itemprop=\"text\" ><h2>5 Gr\u00fcnde f\u00fcr die Beliebtheit dieses Modells<\/h2>\n<p>Der Mercedes Vito zeichnet sich auf dem Nutzfahrzeugmarkt durch eine Reihe von Vorteilen aus:<\/p>\n<ul>\n<li><strong>Zuverl\u00e4ssigkeit der Marke<\/strong>Mercedes ist bekannt f\u00fcr seine Zuverl\u00e4ssigkeit und die Qualit\u00e4t seiner Produkte.<\/li>\n<li><strong>Qualit\u00e4t der Konstruktion<\/strong>Vito: Der Vito ist f\u00fcr intensive Nutzung gebaut. Das garantiert eine lange Lebensdauer und langfristig geringere Wartungskosten.<\/li>\n<li><strong>Komfort<\/strong>Dieses Modell zeichnet sich durch bequeme Sitze und eine fortschrittliche Federung aus. Dar\u00fcber hinaus ist die benutzerfreundliche Kabine mit einem Auge f\u00fcr Ergonomie gestaltet. Das macht lange Fahrten weniger erm\u00fcdend.<\/li>\n<li><strong>Vielseitigkeit<\/strong>Vito: Der Vito ist in verschiedenen Konfigurationen erh\u00e4ltlich. Verschiedene Optionen und Zubeh\u00f6rteile stehen zur Verf\u00fcgung, um das Nutzfahrzeug ganz auf Ihre gesch\u00e4ftlichen Bed\u00fcrfnisse zuzuschneiden. Dazu geh\u00f6ren Laderaumausstattungen und technische Optionen wie Fahrerassistenzsysteme und Sicherheitssysteme.<\/li>\n<li><strong>Ausgezeichnete Sicherheitsmerkmale<\/strong>Dieses Modell ist mit fortschrittlichen Sicherheitssystemen ausgestattet. Dazu geh\u00f6ren ein aktiver Bremsassistent, ein Toter-Winkel-Warner und eine M\u00fcdigkeitserkennung. Sie alle tragen zur Sicherheit von Fahrer und Beifahrer bei.<\/li>\n<\/ul>\n<p><strong>Die Vorteile eines Gebrauchtfahrzeugs gegen\u00fcber einem neuen Nutzfahrzeug<\/strong><br \/>\nWenn Sie sich f\u00fcr einen Mercedes Vito aus zweiter Hand entscheiden, profitieren Sie von einer Reihe von Vorteilen:<\/p>\n<ul>\n<li><strong>Kosteneinsparungen<\/strong>Gebrauchte Nutzfahrzeuge sind deutlich g\u00fcnstiger als ein neues Modell.<\/li>\n<li><strong>Weniger betroffen von Wertverlusten<\/strong>: Neue Nutzfahrzeuge verlieren ihren Wert schneller. Bei einem gebrauchten Modell ist dieser Verlust bereits weitgehend aufgefangen worden. Daher ist der Wertverlust langsamer.<\/li>\n<li><strong>Zuverl\u00e4ssig<\/strong>Unsere Nutzfahrzeuge sind gut gewartet und funktionieren einwandfrei, obwohl es sich um gebrauchte Modelle handelt.<\/li>\n<\/ul>\n<\/div><\/section>\n<div class='flex_column av-f64w1-da126f42b61613402309283c14245a25 av_one_half  avia-builder-el-7  el_after_av_textblock  el_before_av_one_third  first flex_column_div column-top-margin'   ><section  class='av_textblock_section av-lu8gpqre-73cc2c17e6a6497ba6e1b58af22bd9e8'  itemscope=\"itemscope\" itemtype=\"https:\/\/schema.org\/CreativeWork\" ><div class='avia_textblock'  itemprop=\"text\" ><h2>Kauf eines Mercedes Vito: Was ist zu beachten?<\/h2>\n<p>Der Kauf eines gebrauchten Mercedes Vito ist eine kluge Investition f\u00fcr Unternehmer. Erw\u00e4gen Sie den Kauf dieses Modells? Dann ist es ratsam, einige Aspekte zu ber\u00fccksichtigen. Denken Sie zum Beispiel dar\u00fcber nach, wie Sie den Firmenwagen nutzen wollen. Werden Sie den Vito f\u00fcr Waren, Personen oder eine Kombination aus beidem nutzen? Au\u00dferdem ist es sinnvoll, alle Finanzierungsm\u00f6glichkeiten zu pr\u00fcfen. Ist es vorteilhafter, den Vito zu kaufen, oder ist es vielleicht kl\u00fcger, sich f\u00fcr ein Leasing zu entscheiden? Sollten Sie das Fahrzeug kaufen wollen, ist es ratsam, sich auch Gedanken \u00fcber eine geeignete Versicherung zu machen, zum Beispiel.<\/p>\n<\/div><\/section><\/div>\n<div class='flex_column av-aldk9-ee694297f5c4032981677a02caab84d6 av_one_third  avia-builder-el-9  el_after_av_one_half  el_before_av_hr  flex_column_div column-top-margin'   ><style type=\"text\/css\" data-created_by=\"avia_inline_auto\" id=\"style-css-av-l1w9kpsf-4ec3fab772ec7a9adaa33cfc64ff0475\">\n.avia-image-container.av-l1w9kpsf-4ec3fab772ec7a9adaa33cfc64ff0475 .av-image-caption-overlay-center{\ncolor:#ffffff;\n}\n<\/style>\n<div  class='avia-image-container av-l1w9kpsf-4ec3fab772ec7a9adaa33cfc64ff0475 av-styling- avia-align-center  avia-builder-el-10  avia-builder-el-no-sibling'  itemprop=\"image\" itemscope=\"itemscope\" itemtype=\"https:\/\/schema.org\/ImageObject\" ><div class=\"avia-image-container-inner\"><div class=\"avia-image-overlay-wrap\"><img decoding=\"async\" class='wp-image-187 avia-img-lazy-loading-not-187 avia_image' src=\"https:\/\/www.vdhurk.nl\/wp-content\/uploads\/2022\/03\/Voorrad.png\" alt='' title='Lagerbestand'  height=\"758\" width=\"1135\"  itemprop=\"thumbnailUrl\" srcset=\"https:\/\/www.vdhurk.nl\/wp-content\/uploads\/2022\/03\/Voorrad.png 1135w, https:\/\/www.vdhurk.nl\/wp-content\/uploads\/2022\/03\/Voorrad-300x200.png 300w, https:\/\/www.vdhurk.nl\/wp-content\/uploads\/2022\/03\/Voorrad-1030x688.png 1030w, https:\/\/www.vdhurk.nl\/wp-content\/uploads\/2022\/03\/Voorrad-768x513.png 768w, https:\/\/www.vdhurk.nl\/wp-content\/uploads\/2022\/03\/Voorrad-18x12.png 18w, https:\/\/www.vdhurk.nl\/wp-content\/uploads\/2022\/03\/Voorrad-705x471.png 705w\" sizes=\"(max-width: 1135px) 100vw, 1135px\" \/><\/div><\/div><\/div><\/div>\n\n<style type=\"text\/css\" data-created_by=\"avia_inline_auto\" id=\"style-css-av-luqrjpjc-5a23a1fb5f94718ca85316a9df963e2f\">\n#top .hr.hr-invisible.av-luqrjpjc-5a23a1fb5f94718ca85316a9df963e2f{\nheight:50px;\n}\n<\/style>\n<div  class='hr av-luqrjpjc-5a23a1fb5f94718ca85316a9df963e2f hr-invisible  avia-builder-el-11  el_after_av_one_third  el_before_av_textblock'><span class='hr-inner'><span class=\"hr-inner-style\"><\/span><\/span><\/div>\n<section  class='av_textblock_section av-lu8gtjw7-4f3cee9304909518d86d2860d9d582dd'  itemscope=\"itemscope\" itemtype=\"https:\/\/schema.org\/CreativeWork\" ><div class='avia_textblock'  itemprop=\"text\" ><h2>Leasing eines Mercedes Vito: welche Vorteile gibt es?<\/h2>\n<p>Bevor Sie einen Firmenwagen kaufen, sollten Sie sich \u00fcberlegen, was f\u00fcr Sie die g\u00fcnstigste L\u00f6sung ist. Bei Van den Hurk k\u00f6nnen Sie sich auch f\u00fcr ein Finanzierungsleasing entscheiden. Der Vorteil ist, dass Sie planbare monatliche Zahlungen haben, ohne viel Geld auf einmal auszugeben. Au\u00dferdem erleiden Sie hier weniger Wertverlust. Alles in allem hat das Leasing eines Firmenwagens viele Vorteile. Wollen Sie mehr wissen? Lesen Sie alles \u00fcber <a href=\"https:\/\/www.vdhurk.nl\/de\/finanzierungsleasing\/\">Finanzierungsleasing<\/a>.<\/p>\n<h2>Als unabh\u00e4ngiger H\u00e4ndler bieten wir verschiedene Modelle an<\/h2>\n<p>In unserem Angebot finden Sie verschiedene Versionen des Mercedes Vito. So k\u00f6nnen sich die Modelle zum Beispiel im Baujahr und im Preis unterscheiden. Auch die Ausstattung der einzelnen Transporter ist unterschiedlich. Anhand der verschiedenen Optionen k\u00f6nnen Sie leicht erkennen, wo Ihre Bed\u00fcrfnisse liegen. Alle unsere Vito-Modelle sind automatisch.<\/p>\n<h2>Entdecken Sie die verschiedenen M\u00f6glichkeiten<\/h2>\n<p>Wir bei Van den Hurk wissen, dass jeder Unternehmer seine eigenen Bed\u00fcrfnisse hat, wenn es um Nutzfahrzeuge geht. Deshalb bieten wir verschiedene Optionen an. Jedes Nutzfahrzeug ist mit fortschrittlichen Sicherheitsmerkmalen ausgestattet. Alle unsere Firmenwagen werden sorgf\u00e4ltig ausgew\u00e4hlt und gut gewartet. So k\u00f6nnen Sie sich auf ein zuverl\u00e4ssiges und langlebiges Nutzfahrzeug verlassen. Erkunden Sie das gesamte Angebot und finden Sie das Modell, das genau Ihren gesch\u00e4ftlichen Anforderungen entspricht.<\/p>\n<\/div><\/section>","protected":false},"excerpt":{"rendered":"","protected":false},"author":3,"featured_media":0,"parent":370573,"menu_order":0,"comment_status":"closed","ping_status":"closed","template":"","meta":{"_acf_changed":false,"_improvement_type_select":"improve_an_existing","_thumb_yes_seoaic":false,"_frame_yes_seoaic":false,"seoaic_generate_description":"","seoaic_improve_instructions_prompt":"","seoaic_rollback_content_improvement":"","seoaic_idea_thumbnail_generator":"","thumbnail_generated":false,"thumbnail_generate_prompt":"","seoaic_article_description":"","footnotes":""},"class_list":["post-393278","page","type-page","status-publish","hentry"],"acf":[],"yoast_head":"<!-- This site is optimized with the Yoast SEO plugin v27.5 - https:\/\/yoast.com\/product\/yoast-seo-wordpress\/ -->\n<title>Vind de perfecte Mercedes Vito occasion voor jouw behoeften<\/title>\n<meta name=\"description\" content=\"Op zoek naar een goed werkende Mercedes Vito occasion? Deze vind je gegarandeerd binnen ons aanbod. Bekijk de mogelijkheden.\" \/>\n<meta name=\"robots\" content=\"index, follow, max-snippet:-1, max-image-preview:large, max-video-preview:-1\" \/>\n<link rel=\"canonical\" href=\"https:\/\/www.vdhurk.nl\/de\/mercedes-9\/mercedes-20\/\" \/>\n<meta property=\"og:locale\" content=\"de_DE\" \/>\n<meta property=\"og:type\" content=\"article\" \/>\n<meta property=\"og:title\" content=\"Vind de perfecte Mercedes Vito occasion voor jouw behoeften\" \/>\n<meta property=\"og:description\" content=\"Op zoek naar een goed werkende Mercedes Vito occasion? Deze vind je gegarandeerd binnen ons aanbod. Bekijk de mogelijkheden.\" \/>\n<meta property=\"og:url\" content=\"https:\/\/www.vdhurk.nl\/de\/mercedes-9\/mercedes-20\/\" \/>\n<meta property=\"og:site_name\" content=\"Van den Hurk Bedrijfswagens\" \/>\n<meta property=\"article:modified_time\" content=\"2024-07-08T12:20:17+00:00\" \/>\n<meta name=\"twitter:card\" content=\"summary_large_image\" \/>\n<meta name=\"twitter:label1\" content=\"Gesch\u00e4tzte Lesezeit\" \/>\n\t<meta name=\"twitter:data1\" content=\"5\u00a0Minuten\" \/>\n<script type=\"application\/ld+json\" class=\"yoast-schema-graph\">{\"@context\":\"https:\\\/\\\/schema.org\",\"@graph\":[{\"@type\":\"WebPage\",\"@id\":\"https:\\\/\\\/www.vdhurk.nl\\\/mercedes-bedrijfswagens\\\/vito\\\/\",\"url\":\"https:\\\/\\\/www.vdhurk.nl\\\/mercedes-bedrijfswagens\\\/vito\\\/\",\"name\":\"Vind de perfecte Mercedes Vito occasion voor jouw behoeften\",\"isPartOf\":{\"@id\":\"https:\\\/\\\/www.vdhurk.nl\\\/#website\"},\"datePublished\":\"2024-07-05T08:23:05+00:00\",\"dateModified\":\"2024-07-08T12:20:17+00:00\",\"description\":\"Op zoek naar een goed werkende Mercedes Vito occasion? Deze vind je gegarandeerd binnen ons aanbod. Bekijk de mogelijkheden.\",\"breadcrumb\":{\"@id\":\"https:\\\/\\\/www.vdhurk.nl\\\/mercedes-bedrijfswagens\\\/vito\\\/#breadcrumb\"},\"inLanguage\":\"de\",\"potentialAction\":[{\"@type\":\"ReadAction\",\"target\":[\"https:\\\/\\\/www.vdhurk.nl\\\/mercedes-bedrijfswagens\\\/vito\\\/\"]}]},{\"@type\":\"BreadcrumbList\",\"@id\":\"https:\\\/\\\/www.vdhurk.nl\\\/mercedes-bedrijfswagens\\\/vito\\\/#breadcrumb\",\"itemListElement\":[{\"@type\":\"ListItem\",\"position\":1,\"name\":\"Home\",\"item\":\"https:\\\/\\\/www.vdhurk.nl\\\/home\\\/\"},{\"@type\":\"ListItem\",\"position\":2,\"name\":\"Mercedes Bedrijfswagens\",\"item\":\"https:\\\/\\\/www.vdhurk.nl\\\/mercedes-bedrijfswagens\\\/\"},{\"@type\":\"ListItem\",\"position\":3,\"name\":\"Mercedes Vito\"}]},{\"@type\":\"WebSite\",\"@id\":\"https:\\\/\\\/www.vdhurk.nl\\\/#website\",\"url\":\"https:\\\/\\\/www.vdhurk.nl\\\/\",\"name\":\"Van den Hurk Bedrijfswagens\",\"description\":\"Van den Hurk bedrijfswagens Helmond\",\"potentialAction\":[{\"@type\":\"SearchAction\",\"target\":{\"@type\":\"EntryPoint\",\"urlTemplate\":\"https:\\\/\\\/www.vdhurk.nl\\\/?s={search_term_string}\"},\"query-input\":{\"@type\":\"PropertyValueSpecification\",\"valueRequired\":true,\"valueName\":\"search_term_string\"}}],\"inLanguage\":\"de\"}]}<\/script>\n<!-- \/ Yoast SEO plugin. -->","yoast_head_json":{"title":"Finden Sie den perfekten Mercedes Vito Gebrauchtwagen f\u00fcr Ihre Bed\u00fcrfnisse","description":"Suchen Sie nach einem gut funktionierenden Mercedes Vito Anlass? In unserem Angebot werden Sie garantiert f\u00fcndig. Schauen Sie sich die Optionen.","robots":{"index":"index","follow":"follow","max-snippet":"max-snippet:-1","max-image-preview":"max-image-preview:large","max-video-preview":"max-video-preview:-1"},"canonical":"https:\/\/www.vdhurk.nl\/de\/mercedes-9\/mercedes-20\/","og_locale":"de_DE","og_type":"article","og_title":"Vind de perfecte Mercedes Vito occasion voor jouw behoeften","og_description":"Op zoek naar een goed werkende Mercedes Vito occasion? Deze vind je gegarandeerd binnen ons aanbod. Bekijk de mogelijkheden.","og_url":"https:\/\/www.vdhurk.nl\/de\/mercedes-9\/mercedes-20\/","og_site_name":"Van den Hurk Bedrijfswagens","article_modified_time":"2024-07-08T12:20:17+00:00","twitter_card":"summary_large_image","twitter_misc":{"Gesch\u00e4tzte Lesezeit":"5\u00a0Minuten"},"schema":{"@context":"https:\/\/schema.org","@graph":[{"@type":"WebPage","@id":"https:\/\/www.vdhurk.nl\/mercedes-bedrijfswagens\/vito\/","url":"https:\/\/www.vdhurk.nl\/mercedes-bedrijfswagens\/vito\/","name":"Finden Sie den perfekten Mercedes Vito Gebrauchtwagen f\u00fcr Ihre Bed\u00fcrfnisse","isPartOf":{"@id":"https:\/\/www.vdhurk.nl\/#website"},"datePublished":"2024-07-05T08:23:05+00:00","dateModified":"2024-07-08T12:20:17+00:00","description":"Suchen Sie nach einem gut funktionierenden Mercedes Vito Anlass? In unserem Angebot werden Sie garantiert f\u00fcndig. Schauen Sie sich die Optionen.","breadcrumb":{"@id":"https:\/\/www.vdhurk.nl\/mercedes-bedrijfswagens\/vito\/#breadcrumb"},"inLanguage":"de","potentialAction":[{"@type":"ReadAction","target":["https:\/\/www.vdhurk.nl\/mercedes-bedrijfswagens\/vito\/"]}]},{"@type":"BreadcrumbList","@id":"https:\/\/www.vdhurk.nl\/mercedes-bedrijfswagens\/vito\/#breadcrumb","itemListElement":[{"@type":"ListItem","position":1,"name":"Home","item":"https:\/\/www.vdhurk.nl\/home\/"},{"@type":"ListItem","position":2,"name":"Mercedes Bedrijfswagens","item":"https:\/\/www.vdhurk.nl\/mercedes-bedrijfswagens\/"},{"@type":"ListItem","position":3,"name":"Mercedes Vito"}]},{"@type":"WebSite","@id":"https:\/\/www.vdhurk.nl\/#website","url":"https:\/\/www.vdhurk.nl\/","name":"Van den Hurk Nutzfahrzeuge","description":"Van den Hurk Nutzfahrzeuge Helmond","potentialAction":[{"@type":"SearchAction","target":{"@type":"EntryPoint","urlTemplate":"https:\/\/www.vdhurk.nl\/?s={search_term_string}"},"query-input":{"@type":"PropertyValueSpecification","valueRequired":true,"valueName":"search_term_string"}}],"inLanguage":"de"}]}},"_links":{"self":[{"href":"https:\/\/www.vdhurk.nl\/de\/wp-json\/wp\/v2\/pages\/393278","targetHints":{"allow":["GET"]}}],"collection":[{"href":"https:\/\/www.vdhurk.nl\/de\/wp-json\/wp\/v2\/pages"}],"about":[{"href":"https:\/\/www.vdhurk.nl\/de\/wp-json\/wp\/v2\/types\/page"}],"author":[{"embeddable":true,"href":"https:\/\/www.vdhurk.nl\/de\/wp-json\/wp\/v2\/users\/3"}],"replies":[{"embeddable":true,"href":"https:\/\/www.vdhurk.nl\/de\/wp-json\/wp\/v2\/comments?post=393278"}],"version-history":[{"count":6,"href":"https:\/\/www.vdhurk.nl\/de\/wp-json\/wp\/v2\/pages\/393278\/revisions"}],"predecessor-version":[{"id":393648,"href":"https:\/\/www.vdhurk.nl\/de\/wp-json\/wp\/v2\/pages\/393278\/revisions\/393648"}],"up":[{"embeddable":true,"href":"https:\/\/www.vdhurk.nl\/de\/wp-json\/wp\/v2\/pages\/370573"}],"wp:attachment":[{"href":"https:\/\/www.vdhurk.nl\/de\/wp-json\/wp\/v2\/media?parent=393278"}],"curies":[{"name":"wp","href":"https:\/\/api.w.org\/{rel}","templated":true}]}}