{"id":393273,"date":"2024-07-05T10:13:32","date_gmt":"2024-07-05T08:13:32","guid":{"rendered":"https:\/\/www.vdhurk.nl\/?page_id=393273"},"modified":"2024-07-08T13:59:27","modified_gmt":"2024-07-08T11:59:27","slug":"sprinter","status":"publish","type":"page","link":"https:\/\/www.vdhurk.nl\/de\/mercedes-bedrijfswagens\/sprinter\/","title":{"rendered":"Mercedes Sprinter"},"content":{"rendered":"<section  class='av_textblock_section av-lu8gnh7d-4ac895489941e586c1d7c8cb72318135'  itemscope=\"itemscope\" itemtype=\"https:\/\/schema.org\/CreativeWork\" ><div class='avia_textblock'  itemprop=\"text\" ><h1>Entdecken Sie den Mercedes Sprinter Occasion: alle Informationen auf einen Blick<\/h1>\n<p>Der Mercedes Sprinter Occasion ist eines der meistgesch\u00e4tzten Nutzfahrzeuge. Als vielseitiger und robuster Transporter bietet dieses Modell eine hervorragende Kombination aus Zuverl\u00e4ssigkeit und Komfort. Dieses Modell bietet eine Reihe von Konfigurationen und Optionen, um eine Vielzahl von gesch\u00e4ftlichen Anforderungen zu erf\u00fcllen. Das macht ihn zu einer beliebten Wahl bei Unternehmern und Unternehmen.<\/p>\n<\/div><\/section>\n\n<style type=\"text\/css\" data-created_by=\"avia_inline_auto\" id=\"style-css-av-lujjddpd-afa3d7a9eabd61123e643ed1228e781e\">\n#top .hr.hr-invisible.av-lujjddpd-afa3d7a9eabd61123e643ed1228e781e{\nheight:50px;\n}\n<\/style>\n<div  class='hr av-lujjddpd-afa3d7a9eabd61123e643ed1228e781e hr-invisible  avia-builder-el-1  el_after_av_textblock  el_before_av_codeblock'><span class='hr-inner'><span class=\"hr-inner-style\"><\/span><\/span><\/div>\n\n\n<style type=\"text\/css\" data-created_by=\"avia_inline_auto\" id=\"style-css-av-ah0xd-63338d9dc6b40410e22a712829c369d6\">\n#top .hr.hr-invisible.av-ah0xd-63338d9dc6b40410e22a712829c369d6{\nheight:50px;\n}\n<\/style>\n<div  class='hr av-ah0xd-63338d9dc6b40410e22a712829c369d6 hr-invisible  avia-builder-el-3  el_after_av_codeblock  el_before_av_buttonrow'><span class='hr-inner'><span class=\"hr-inner-style\"><\/span><\/span><\/div>\n<div  class='avia-buttonrow-wrap av-lujhssae-cff7d852879371e1ec58a3b104a5d229 avia-buttonrow-center  avia-builder-el-4  el_after_av_hr  el_before_av_hr'>\n\n<style type=\"text\/css\" data-created_by=\"avia_inline_auto\" id=\"style-css-av-lujhtay0-e0560ea0389c79562e2aeefc622558fd\">\n#top #wrap_all .avia-button.av-lujhtay0-e0560ea0389c79562e2aeefc622558fd{\nmargin-bottom:5px;\nmargin-right:3px;\nmargin-left:3px;\n}\n<\/style>\n<a href='https:\/\/www.vdhurk.nl\/de\/nutzfahrzeuge\/#HcxRDoAgDAPQu-xbPQCXMTL6gQIjA03UeHenX01f0t6UoRu5LxgBbfQoFw2UJSCZt6qxdKiRaID609BsbdNhS5H6l7ku2iPvKUKd3TA9Lw'  class='avia-button av-lujhtay0-e0560ea0389c79562e2aeefc622558fd avia-icon_select-yes-right-icon avia-size-x-large avia-color-theme-color'  ><span class='avia_iconbox_title' >Sind Sie neugierig auf die gesamte Palette der Mercedes Sprinter Nutzfahrzeuge? Schauen Sie doch einfach mal rein!<\/span><span class='avia_button_icon avia_button_icon_right' aria-hidden='true' data-av_icon='\ue871' data-av_iconfont='entypo-fontello'><\/span><\/a>\n<\/div>\n\n<style type=\"text\/css\" data-created_by=\"avia_inline_auto\" id=\"style-css-av-o1d5-cf77288da24053faf1b6ffbefcfc6222\">\n#top .hr.hr-invisible.av-o1d5-cf77288da24053faf1b6ffbefcfc6222{\nheight:50px;\n}\n<\/style>\n<div  class='hr av-o1d5-cf77288da24053faf1b6ffbefcfc6222 hr-invisible  avia-builder-el-5  el_after_av_buttonrow  el_before_av_textblock'><span class='hr-inner'><span class=\"hr-inner-style\"><\/span><\/span><\/div>\n<section  class='av_textblock_section av-lu8gow1e-300853e458ed741bd87d6cb78e55cc7a'  itemscope=\"itemscope\" itemtype=\"https:\/\/schema.org\/CreativeWork\" ><div class='avia_textblock'  itemprop=\"text\" ><h2>5 Merkmale, die den Mercedes Sprinter einzigartig machen<\/h2>\n<p>Dieses Modell unterscheidet sich von anderen Nutzfahrzeugen durch die folgenden Merkmale:<\/p>\n<ul>\n<li><strong>Verl\u00e4sslichkeit<\/strong>Mercedes-Benz ist bekannt f\u00fcr seine Qualit\u00e4t und Zuverl\u00e4ssigkeit. Der Sprinter ist da keine Ausnahme. Dieses Nutzfahrzeug ist so gebaut, dass es jahrelanger intensiver Nutzung standh\u00e4lt.<\/li>\n<li><strong>Vielseitigkeit<\/strong>Sprinter: Der Sprinter bietet verschiedene Konfigurationen und Anpassungsm\u00f6glichkeiten. Dadurch eignet sich dieses Modell f\u00fcr verschiedene Gesch\u00e4ftsanwendungen: vom G\u00fctertransport bis zur Personenbef\u00f6rderung.<\/li>\n<li><strong>Komfort<\/strong>Die Kabine des Sprinters ist auf Komfort und Benutzerfreundlichkeit ausgelegt. So verf\u00fcgt das Nutzfahrzeug zum Beispiel \u00fcber ergonomische Sitze, die lange Fahrten angenehm machen.<\/li>\n<li><strong>Wirkungsgrad<\/strong>Dank der leistungsstarken und sparsamen Motoren bietet dieses Modell hervorragende Leistungen, ohne dabei Kompromisse bei der Kraftstoffeffizienz einzugehen.<br \/>\nDie Kombination dieser Faktoren macht dieses Modell zu einer beliebten Wahl f\u00fcr Unternehmen, die nach leistungsstarken Fahrzeugen suchen.<\/li>\n<\/ul>\n<\/div><\/section>\n<div class='flex_column av-f64w1-da126f42b61613402309283c14245a25 av_one_half  avia-builder-el-7  el_after_av_textblock  el_before_av_one_third  first flex_column_div column-top-margin'   ><section  class='av_textblock_section av-lu8gpqre-73cc2c17e6a6497ba6e1b58af22bd9e8'  itemscope=\"itemscope\" itemtype=\"https:\/\/schema.org\/CreativeWork\" ><div class='avia_textblock'  itemprop=\"text\" ><h2>Gebrauchte Firmenwagen im Vergleich zu neuen Modellen<\/h2>\n<p>Die Entscheidung zwischen einem gebrauchten Nutzfahrzeug und einem neuen Modell ist oft nicht einfach. Was ist f\u00fcr Sie die vorteilhafteste Wahl? Das h\u00e4ngt von einer Reihe von Faktoren ab. Ein neues Modell hat einen geringeren Wertverlust als ein gebrauchtes, vor allem auf lange Sicht. Der Vorteil eines gebrauchten Sprinters ist jedoch, dass Sie oft einen g\u00fcnstigeren Preis zahlen als f\u00fcr ein neues Modell. Wie auch immer Sie sich entscheiden, alle unsere Nutzfahrzeuge funktionieren einwandfrei.<\/p>\n<\/div><\/section><\/div><div class='flex_column av-aldk9-ee694297f5c4032981677a02caab84d6 av_one_third  avia-builder-el-9  el_after_av_one_half  el_before_av_hr  flex_column_div column-top-margin'   ><style type=\"text\/css\" data-created_by=\"avia_inline_auto\" id=\"style-css-av-l1w9kpsf-4ec3fab772ec7a9adaa33cfc64ff0475\">\n.avia-image-container.av-l1w9kpsf-4ec3fab772ec7a9adaa33cfc64ff0475 .av-image-caption-overlay-center{\ncolor:#ffffff;\n}\n<\/style>\n<div  class='avia-image-container av-l1w9kpsf-4ec3fab772ec7a9adaa33cfc64ff0475 av-styling- avia-align-center  avia-builder-el-10  avia-builder-el-no-sibling'  itemprop=\"image\" itemscope=\"itemscope\" itemtype=\"https:\/\/schema.org\/ImageObject\" ><div class=\"avia-image-container-inner\"><div class=\"avia-image-overlay-wrap\"><img decoding=\"async\" class='wp-image-187 avia-img-lazy-loading-not-187 avia_image' src=\"https:\/\/www.vdhurk.nl\/wp-content\/uploads\/2022\/03\/Voorrad.png\" alt='' title='Lagerbestand'  height=\"758\" width=\"1135\"  itemprop=\"thumbnailUrl\" srcset=\"https:\/\/www.vdhurk.nl\/wp-content\/uploads\/2022\/03\/Voorrad.png 1135w, https:\/\/www.vdhurk.nl\/wp-content\/uploads\/2022\/03\/Voorrad-300x200.png 300w, https:\/\/www.vdhurk.nl\/wp-content\/uploads\/2022\/03\/Voorrad-1030x688.png 1030w, https:\/\/www.vdhurk.nl\/wp-content\/uploads\/2022\/03\/Voorrad-768x513.png 768w, https:\/\/www.vdhurk.nl\/wp-content\/uploads\/2022\/03\/Voorrad-18x12.png 18w, https:\/\/www.vdhurk.nl\/wp-content\/uploads\/2022\/03\/Voorrad-705x471.png 705w\" sizes=\"(max-width: 1135px) 100vw, 1135px\" \/><\/div><\/div><\/div><\/div><\/p>\n\n<style type=\"text\/css\" data-created_by=\"avia_inline_auto\" id=\"style-css-av-luqrjpjc-5a23a1fb5f94718ca85316a9df963e2f\">\n#top .hr.hr-invisible.av-luqrjpjc-5a23a1fb5f94718ca85316a9df963e2f{\nheight:50px;\n}\n<\/style>\n<div  class='hr av-luqrjpjc-5a23a1fb5f94718ca85316a9df963e2f hr-invisible  avia-builder-el-11  el_after_av_one_third  el_before_av_textblock'><span class='hr-inner'><span class=\"hr-inner-style\"><\/span><\/span><\/div>\n<section  class='av_textblock_section av-lu8gtjw7-4f3cee9304909518d86d2860d9d582dd'  itemscope=\"itemscope\" itemtype=\"https:\/\/schema.org\/CreativeWork\" ><div class='avia_textblock'  itemprop=\"text\" ><h2>Verschiedene Mercedes Modelle und Versionen<\/h2>\n<p>Wir bei Van den Hurk finden es wichtig, dass f\u00fcr jeden etwas dabei ist. Deshalb bieten wir verschiedene Modelle an. Denken Sie an Modelle, die f\u00fcr den Personentransport oder den G\u00fctertransport geeignet sind. Sie finden bei uns auch Modelle mit offener Ladefl\u00e4che, Kastenwagen und M\u00f6belkoffer mit Heckklappe. Au\u00dferdem finden Sie den Mercedes Sprinter in verschiedenen Ausf\u00fchrungen. Sie k\u00f6nnen zwischen einem Schaltgetriebe oder einer Automatik w\u00e4hlen. Es ist auch m\u00f6glich, zwischen Front-, Heck- oder Allradantrieb zu w\u00e4hlen.<\/p>\n<h2>Kauf eines Mercedes Sprinters<\/h2>\n<p>Bei Van den Hurk bieten wir verschiedene Finanzierungsm\u00f6glichkeiten an. Sie k\u00f6nnen sich zum Beispiel f\u00fcr den Kauf eines Firmenwagens entscheiden. Das hat den Vorteil, dass Sie dann der vollst\u00e4ndige Eigent\u00fcmer sind. Das bedeutet, dass Sie die Freiheit haben, Ihren Firmenwagen so zu gestalten, wie Sie es f\u00fcr richtig halten. Der Vorteil, Eigent\u00fcmer zu sein, bedeutet auch, dass Sie nicht unter Kilometerbeschr\u00e4nkungen leiden, was Sie beim Leasing eines Firmenwagens beachten m\u00fcssen. Da es sich hier um ein Finanzierungsleasing handelt, gelten f\u00fcr Sie keine Kilometerbeschr\u00e4nkungen. Au\u00dferdem sind Sie durch das Finanzierungsleasing Eigent\u00fcmer des Fahrzeugs und k\u00f6nnen mit ihm machen, was Sie wollen. Der Nachteil des Kaufs ist, dass sich Ihr Cashflow \u00e4ndern kann oder Sie nicht mehr die M\u00f6glichkeit haben, den Rest zu investieren.<\/p>\n<h2>Leasing eines Mercedes Sprinters<\/h2>\n<p>Neben dem Kauf eines Firmenwagens bei uns haben Sie auch die M\u00f6glichkeit des Leasings. Dieses ist speziell f\u00fcr Gesch\u00e4ftskunden gedacht, die Sicherheit w\u00fcnschen. Wenn Sie sich f\u00fcr unser <a href=\"https:\/\/www.vdhurk.nl\/de\/finanzierungsleasing\/\">Finanzierungsleasing<\/a> haben Sie die gleichen Rechte wie beim Kauf. Nach Ablauf der Laufzeit geh\u00f6rt der Firmenwagen Ihnen.<\/p>\n<h2><b>Profitieren Sie von unserem Stock Alert<\/b><\/h2>\n<p>Wir verf\u00fcgen stets \u00fcber einen umfangreichen Bestand an verschiedenen Nutzfahrzeugen unterschiedlicher Marken. Sie suchen ein Mercedes Sprinter Nutzfahrzeug und Ihr Wunschfahrzeug ist nicht dabei? Das kann vorkommen. Auch wenn wir eine gro\u00dfe Auswahl haben, kann es sein, dass das richtige Nutzfahrzeug nicht vorr\u00e4tig ist. Keine Sorge, Sie k\u00f6nnen uns Ihre W\u00fcnsche \u00fcber unser <a href=\"https:\/\/www.vdhurk.nl\/de\/aktienalarm\/\">Aktienalarm<\/a>. Unser Einkaufsteam sucht dann f\u00fcr Sie das perfekte Nutzfahrzeug, das Ihren Bed\u00fcrfnissen entspricht.<\/p>\n<\/div><\/section>","protected":false},"excerpt":{"rendered":"","protected":false},"author":3,"featured_media":0,"parent":370573,"menu_order":0,"comment_status":"closed","ping_status":"closed","template":"","meta":{"_acf_changed":false,"_improvement_type_select":"improve_an_existing","_thumb_yes_seoaic":false,"_frame_yes_seoaic":false,"seoaic_generate_description":"","seoaic_improve_instructions_prompt":"","seoaic_rollback_content_improvement":"","seoaic_idea_thumbnail_generator":"","thumbnail_generated":false,"thumbnail_generate_prompt":"","seoaic_article_description":"","footnotes":""},"class_list":["post-393273","page","type-page","status-publish","hentry"],"acf":[],"yoast_head":"<!-- This site is optimized with the Yoast SEO plugin v27.5 - https:\/\/yoast.com\/product\/yoast-seo-wordpress\/ -->\n<title>Een Mercedes Sprinter occasion kopen? Bekijk het aanbod!<\/title>\n<meta name=\"description\" content=\"Ben je op zoek naar een betrouwbaar bedrijfsvoertuig? Kies dan voor de Mercedes Sprinter occasion. Bekijk de verschillende mogelijkheden.\" \/>\n<meta name=\"robots\" content=\"index, follow, max-snippet:-1, max-image-preview:large, max-video-preview:-1\" \/>\n<link rel=\"canonical\" href=\"https:\/\/www.vdhurk.nl\/de\/mercedes-9\/sprinter\/\" \/>\n<meta property=\"og:locale\" content=\"de_DE\" \/>\n<meta property=\"og:type\" content=\"article\" \/>\n<meta property=\"og:title\" content=\"Een Mercedes Sprinter occasion kopen? Bekijk het aanbod!\" \/>\n<meta property=\"og:description\" content=\"Ben je op zoek naar een betrouwbaar bedrijfsvoertuig? Kies dan voor de Mercedes Sprinter occasion. Bekijk de verschillende mogelijkheden.\" \/>\n<meta property=\"og:url\" content=\"https:\/\/www.vdhurk.nl\/de\/mercedes-9\/sprinter\/\" \/>\n<meta property=\"og:site_name\" content=\"Van den Hurk Bedrijfswagens\" \/>\n<meta property=\"article:modified_time\" content=\"2024-07-08T11:59:27+00:00\" \/>\n<meta name=\"twitter:card\" content=\"summary_large_image\" \/>\n<meta name=\"twitter:label1\" content=\"Gesch\u00e4tzte Lesezeit\" \/>\n\t<meta name=\"twitter:data1\" content=\"6\u00a0Minuten\" \/>\n<script type=\"application\/ld+json\" class=\"yoast-schema-graph\">{\"@context\":\"https:\\\/\\\/schema.org\",\"@graph\":[{\"@type\":\"WebPage\",\"@id\":\"https:\\\/\\\/www.vdhurk.nl\\\/mercedes-bedrijfswagens\\\/sprinter\\\/\",\"url\":\"https:\\\/\\\/www.vdhurk.nl\\\/mercedes-bedrijfswagens\\\/sprinter\\\/\",\"name\":\"Een Mercedes Sprinter occasion kopen? Bekijk het aanbod!\",\"isPartOf\":{\"@id\":\"https:\\\/\\\/www.vdhurk.nl\\\/#website\"},\"datePublished\":\"2024-07-05T08:13:32+00:00\",\"dateModified\":\"2024-07-08T11:59:27+00:00\",\"description\":\"Ben je op zoek naar een betrouwbaar bedrijfsvoertuig? Kies dan voor de Mercedes Sprinter occasion. Bekijk de verschillende mogelijkheden.\",\"breadcrumb\":{\"@id\":\"https:\\\/\\\/www.vdhurk.nl\\\/mercedes-bedrijfswagens\\\/sprinter\\\/#breadcrumb\"},\"inLanguage\":\"de\",\"potentialAction\":[{\"@type\":\"ReadAction\",\"target\":[\"https:\\\/\\\/www.vdhurk.nl\\\/mercedes-bedrijfswagens\\\/sprinter\\\/\"]}]},{\"@type\":\"BreadcrumbList\",\"@id\":\"https:\\\/\\\/www.vdhurk.nl\\\/mercedes-bedrijfswagens\\\/sprinter\\\/#breadcrumb\",\"itemListElement\":[{\"@type\":\"ListItem\",\"position\":1,\"name\":\"Home\",\"item\":\"https:\\\/\\\/www.vdhurk.nl\\\/home\\\/\"},{\"@type\":\"ListItem\",\"position\":2,\"name\":\"Mercedes Bedrijfswagens\",\"item\":\"https:\\\/\\\/www.vdhurk.nl\\\/mercedes-bedrijfswagens\\\/\"},{\"@type\":\"ListItem\",\"position\":3,\"name\":\"Mercedes Sprinter\"}]},{\"@type\":\"WebSite\",\"@id\":\"https:\\\/\\\/www.vdhurk.nl\\\/#website\",\"url\":\"https:\\\/\\\/www.vdhurk.nl\\\/\",\"name\":\"Van den Hurk Bedrijfswagens\",\"description\":\"Van den Hurk bedrijfswagens Helmond\",\"potentialAction\":[{\"@type\":\"SearchAction\",\"target\":{\"@type\":\"EntryPoint\",\"urlTemplate\":\"https:\\\/\\\/www.vdhurk.nl\\\/?s={search_term_string}\"},\"query-input\":{\"@type\":\"PropertyValueSpecification\",\"valueRequired\":true,\"valueName\":\"search_term_string\"}}],\"inLanguage\":\"de\"}]}<\/script>\n<!-- \/ Yoast SEO plugin. -->","yoast_head_json":{"title":"Kaufen Sie einen Mercedes Sprinter? Schauen Sie sich das Angebot an!","description":"Sind Sie auf der Suche nach einem zuverl\u00e4ssigen Nutzfahrzeug? Dann entscheiden Sie sich f\u00fcr den Mercedes Sprinter occasion. Schauen Sie sich die verschiedenen Optionen.","robots":{"index":"index","follow":"follow","max-snippet":"max-snippet:-1","max-image-preview":"max-image-preview:large","max-video-preview":"max-video-preview:-1"},"canonical":"https:\/\/www.vdhurk.nl\/de\/mercedes-9\/sprinter\/","og_locale":"de_DE","og_type":"article","og_title":"Een Mercedes Sprinter occasion kopen? Bekijk het aanbod!","og_description":"Ben je op zoek naar een betrouwbaar bedrijfsvoertuig? Kies dan voor de Mercedes Sprinter occasion. Bekijk de verschillende mogelijkheden.","og_url":"https:\/\/www.vdhurk.nl\/de\/mercedes-9\/sprinter\/","og_site_name":"Van den Hurk Bedrijfswagens","article_modified_time":"2024-07-08T11:59:27+00:00","twitter_card":"summary_large_image","twitter_misc":{"Gesch\u00e4tzte Lesezeit":"6\u00a0Minuten"},"schema":{"@context":"https:\/\/schema.org","@graph":[{"@type":"WebPage","@id":"https:\/\/www.vdhurk.nl\/mercedes-bedrijfswagens\/sprinter\/","url":"https:\/\/www.vdhurk.nl\/mercedes-bedrijfswagens\/sprinter\/","name":"Kaufen Sie einen Mercedes Sprinter? Schauen Sie sich das Angebot an!","isPartOf":{"@id":"https:\/\/www.vdhurk.nl\/#website"},"datePublished":"2024-07-05T08:13:32+00:00","dateModified":"2024-07-08T11:59:27+00:00","description":"Sind Sie auf der Suche nach einem zuverl\u00e4ssigen Nutzfahrzeug? Dann entscheiden Sie sich f\u00fcr den Mercedes Sprinter occasion. Schauen Sie sich die verschiedenen Optionen.","breadcrumb":{"@id":"https:\/\/www.vdhurk.nl\/mercedes-bedrijfswagens\/sprinter\/#breadcrumb"},"inLanguage":"de","potentialAction":[{"@type":"ReadAction","target":["https:\/\/www.vdhurk.nl\/mercedes-bedrijfswagens\/sprinter\/"]}]},{"@type":"BreadcrumbList","@id":"https:\/\/www.vdhurk.nl\/mercedes-bedrijfswagens\/sprinter\/#breadcrumb","itemListElement":[{"@type":"ListItem","position":1,"name":"Home","item":"https:\/\/www.vdhurk.nl\/home\/"},{"@type":"ListItem","position":2,"name":"Mercedes Bedrijfswagens","item":"https:\/\/www.vdhurk.nl\/mercedes-bedrijfswagens\/"},{"@type":"ListItem","position":3,"name":"Mercedes Sprinter"}]},{"@type":"WebSite","@id":"https:\/\/www.vdhurk.nl\/#website","url":"https:\/\/www.vdhurk.nl\/","name":"Van den Hurk Nutzfahrzeuge","description":"Van den Hurk Nutzfahrzeuge Helmond","potentialAction":[{"@type":"SearchAction","target":{"@type":"EntryPoint","urlTemplate":"https:\/\/www.vdhurk.nl\/?s={search_term_string}"},"query-input":{"@type":"PropertyValueSpecification","valueRequired":true,"valueName":"search_term_string"}}],"inLanguage":"de"}]}},"_links":{"self":[{"href":"https:\/\/www.vdhurk.nl\/de\/wp-json\/wp\/v2\/pages\/393273","targetHints":{"allow":["GET"]}}],"collection":[{"href":"https:\/\/www.vdhurk.nl\/de\/wp-json\/wp\/v2\/pages"}],"about":[{"href":"https:\/\/www.vdhurk.nl\/de\/wp-json\/wp\/v2\/types\/page"}],"author":[{"embeddable":true,"href":"https:\/\/www.vdhurk.nl\/de\/wp-json\/wp\/v2\/users\/3"}],"replies":[{"embeddable":true,"href":"https:\/\/www.vdhurk.nl\/de\/wp-json\/wp\/v2\/comments?post=393273"}],"version-history":[{"count":3,"href":"https:\/\/www.vdhurk.nl\/de\/wp-json\/wp\/v2\/pages\/393273\/revisions"}],"predecessor-version":[{"id":393276,"href":"https:\/\/www.vdhurk.nl\/de\/wp-json\/wp\/v2\/pages\/393273\/revisions\/393276"}],"up":[{"embeddable":true,"href":"https:\/\/www.vdhurk.nl\/de\/wp-json\/wp\/v2\/pages\/370573"}],"wp:attachment":[{"href":"https:\/\/www.vdhurk.nl\/de\/wp-json\/wp\/v2\/media?parent=393273"}],"curies":[{"name":"wp","href":"https:\/\/api.w.org\/{rel}","templated":true}]}}