{"id":376,"date":"2022-03-25T15:42:04","date_gmt":"2022-03-25T15:42:04","guid":{"rendered":"https:\/\/vdhurk.bonsaidev.nl\/?page_id=376"},"modified":"2023-03-01T14:08:43","modified_gmt":"2023-03-01T14:08:43","slug":"erklarung-zum-datenschutz","status":"publish","type":"page","link":"https:\/\/www.vdhurk.nl\/de\/privacy-statement\/","title":{"rendered":"Erkl\u00e4rung zum Datenschutz"},"content":{"rendered":"<div id='av_section_1'  class='avia-section av-tnfrc-55d1006b5eac650927aead0b6f0c3c20 main_color avia-section-default avia-no-border-styling  avia-builder-el-0  avia-builder-el-no-sibling  avia-bg-style-scroll container_wrap fullsize'  ><div class='container av-section-cont-open' ><main  role=\"main\" itemprop=\"mainContentOfPage\"  class='template-page content  av-content-full alpha units'><div class='post-entry post-entry-type-page post-entry-376'><div class='entry-content-wrapper clearfix'>\n<div class='flex_column av-eqj20-98da9af89e6de8b5df0e523475af323b av_three_fifth  avia-builder-el-1  el_before_av_two_fifth  avia-builder-el-first  first flex_column_div'   ><style type=\"text\/css\" data-created_by=\"avia_inline_auto\" id=\"style-css-av-l16ldcgr-1954b0a741eb857bd19aa19c8f02044e\">\n#top .av_textblock_section.av-l16ldcgr-1954b0a741eb857bd19aa19c8f02044e .avia_textblock{\nfont-size:19px;\n}\n<\/style>\n<section  class='av_textblock_section av-l16ldcgr-1954b0a741eb857bd19aa19c8f02044e'  itemscope=\"itemscope\" itemtype=\"https:\/\/schema.org\/CreativeWork\" ><div class='avia_textblock av_inherit_color'  itemprop=\"text\" ><h1>Erkl\u00e4rung zum Datenschutz<\/h1>\n<p>Van den Hurk Bedrijfswagens nimmt Ihre Privatsph\u00e4re ernst und wird Ihre Daten auf sichere Weise verarbeiten und nutzen. Diese Datenschutzregelung bezieht sich auf die Verarbeitung Ihrer personenbezogenen Daten durch Van den Hurk Bedrijfswagens im Rahmen unserer Dienstleistungen.<\/p>\n<p>Die Verarbeitung personenbezogener Daten umfasst das Erheben, Speichern, Ver\u00e4ndern, Abfragen oder Vernichten personenbezogener Daten.<\/p>\n<p>Im Folgenden wird beschrieben, wie wir Ihren Besuch auf unserer Website und die Verwendung von Cookies handhaben.<\/p>\n<p>Van den Hurk Bedrijfswagens geht mit Ihren Daten sorgf\u00e4ltig um und h\u00e4lt sich an die geltenden Gesetze. Dies bedeutet, dass die Van den Hurk Bedrijfswagens:<\/p>\n<ul>\n<li>Informiert Sie klar und offen dar\u00fcber, wie und zu welchem Zweck Ihre Daten verarbeitet werden<\/li>\n<li>Verarbeitet Ihre Daten nur dann, wenn der Zweck eindeutig mit Ihnen vereinbart wurde Sicherheitsma\u00dfnahmen zum Schutz Ihrer Daten vor Verlust und Diebstahl sind vorhanden<\/li>\n<li>Unterrichtung \u00fcber Ihre Rechte in Bezug auf die von uns verarbeiteten personenbezogenen Daten<\/li>\n<\/ul>\n<h2>Warum verarbeiten wir Daten?<\/h2>\n<p>Van den Hurk Bedrijfswagens verarbeitet Ihre Daten, weil wir in einigen F\u00e4llen dazu verpflichtet sind. Sie k\u00f6nnen an Rechnungsdaten wie Name, Adresse, Postleitzahl und Wohnort denken. Au\u00dferdem m\u00f6chten wir unsere Absprachen untereinander per E-Mail oder, falls gew\u00fcnscht, per Telefon best\u00e4tigen.<\/p>\n<p>Wir verarbeiten die Daten unter anderem f\u00fcr die folgenden T\u00e4tigkeiten:<\/p>\n<ul>\n<li>Angebotsprozess<\/li>\n<li>Auftrags- und Rechnungsstellungsprozess<\/li>\n<li>Festlegung der Garantie<\/li>\n<li>Durchf\u00fchrung von Testfahrten<\/li>\n<li>Durchf\u00fchrung von Marketingaktivit\u00e4ten<\/li>\n<li>Ihre pers\u00f6nlichen Daten<\/li>\n<\/ul>\n<h2>Inspektion<\/h2>\n<p>Wenn die Van den Hurk Bedrijfswagens Ihre pers\u00f6nlichen Daten verarbeitet, k\u00f6nnen Sie diese einsehen. Sie k\u00f6nnen auch eine Kopie dieser Daten anfordern.<\/p>\n<h2>Verbesserung<\/h2>\n<p>Sollten Daten von uns unrichtig erfasst worden sein, haben Sie das Recht, diese \u00e4ndern zu lassen.<\/p>\n<h2>Umzug<\/h2>\n<p>Sie k\u00f6nnen uns auffordern, die \u00fcber Sie gespeicherten personenbezogenen Daten aus unseren Systemen zu l\u00f6schen. In bestimmten F\u00e4llen d\u00fcrfen wir Daten aufgrund anderer Vorschriften und Gesetze nicht l\u00f6schen. Wir werden Sie dar\u00fcber informieren. Wenn wir Ihre Daten l\u00f6schen, k\u00f6nnen wir Sie nicht mehr \u00fcber unsere Werbeaktionen und andere relevante Informationen auf dem Laufenden halten.<\/p>\n<h2>Bereitstellung von Daten<\/h2>\n<p>Sie k\u00f6nnen von uns verlangen, dass wir Ihnen eine Kopie der von uns verarbeiteten personenbezogenen Daten zur Verf\u00fcgung stellen.  Van den Hurk Bedrijfswagens wird Ihnen diese in einer gemeinsamen und strukturierten (digitalen) Form zur Verf\u00fcgung stellen.<\/p>\n<h2>Sicherheit<\/h2>\n<p>Zum Schutz Ihrer Privatsph\u00e4re geh\u00f6rt auch der Schutz Ihrer pers\u00f6nlichen Daten. Van den Hurk Bedrijfswagens ergreift umfangreiche Ma\u00dfnahmen zum Schutz Ihrer Daten.<\/p>\n<p>Sollte es trotz aller Ma\u00dfnahmen zu einem Sicherheitsvorfall kommen, werden wir alle Anstrengungen unternehmen, um die Folgen zu minimieren. Sollte sich der Sicherheitsvorfall als Datenschutzverletzung herausstellen, werden wir die Beh\u00f6rde f\u00fcr personenbezogene Daten benachrichtigen.<\/p>\n<h2>Antragsteller<\/h2>\n<p>Auch wenn Sie sich auf eine Stelle bei Van den Hurk Bedrijfswagens bewerben, nehmen wir die Sicherheit Ihrer pers\u00f6nlichen Daten ernst. Wir m\u00f6chten Ihnen erl\u00e4utern, wie wir mit den von Ihnen bereitgestellten personenbezogenen Daten umgehen und wie wir eine sichere Verarbeitung gew\u00e4hrleisten.<\/p>\n<p>Um sich bei Van den Hurk Bedrijfswagens zu bewerben, bitten wir die Bewerber, ein Bewerbungsschreiben zu verfassen und dieses zusammen mit einem Lebenslauf an uns zu senden. Die pers\u00f6nlichen Daten, die uns von den Bewerbern zur Verf\u00fcgung gestellt werden, werden vertraulich behandelt und ausschlie\u00dflich f\u00fcr das Bewerbungsverfahren bei Van den Hurk Bedrijfswagens verwendet. Mit der \u00dcbersendung des Bewerbungsschreibens und\/oder einer E-Mail mit Lebenslauf erkl\u00e4rt sich der Bewerber damit einverstanden, dass die personenbezogenen Daten von van den Hurk Bedrijfswagens im Rahmen des Bewerbungsverfahrens verarbeitet werden.<\/p>\n<p>Van den Hurk Bedrijfswagens verarbeitet personenbezogene Daten, die f\u00fcr den Zweck des Einstellungs- und Auswahlverfahrens erforderlich sind. Es handelt sich um die folgenden Daten:<\/p>\n<ul>\n<li>Name und Anschrift, E-Mail-Adresse und sonstige Kontaktangaben<\/li>\n<li>Geburtsdatum, Alter und Geschlecht, Familienstand, Staatsangeh\u00f6rigkeit, Kopie des Reisepasses<\/li>\n<li>Lebenslauf (CV) mit Angaben zu Ausbildung, Praktika und Berufserfahrung.<\/li>\n<li>Verf\u00fcgbarkeit und Urlaubsdaten<\/li>\n<li>Andere Daten, die im Zusammenhang mit der Beurteilung der Eignung des Bewerbers relevant sein k\u00f6nnen, z. B. Referenzen und Zeugnisse.<\/li>\n<\/ul>\n<p>Wir erheben und verarbeiten Ihre personenbezogenen Daten f\u00fcr die folgenden Zwecke:<\/p>\n<ul>\n<li>Um mit Ihnen Kontakt aufzunehmen, weil Sie Ihr Interesse an einer Stelle in unserer Organisation bekundet haben<\/li>\n<li>Weitergabe Ihrer Daten an den Manager, der eine Stelle zu besetzen hat<\/li>\n<li>Zur Beurteilung der Eignung f\u00fcr eine bestimmte Stelle<\/li>\n<li>um Sie m\u00f6glicherweise in eine Kandidatenliste aufzunehmen (wenn Sie Ihre Zustimmung gegeben haben)<\/li>\n<li>Zusammenstellung anonymisierter statistischer Daten \u00fcber den Einstellungs- und Auswahlprozess.<\/li>\n<li>Wir geben Ihre Daten nur intern an den f\u00fcr das Bewerbungsverfahren verantwortlichen Manager weiter. Die Daten werden nicht an Dritte weitergegeben, es sei denn, wir sind gesetzlich dazu verpflichtet.<\/li>\n<\/ul>\n<p>Wir bewahren Ihre personenbezogenen Daten ohne Ihre Zustimmung bis zu 1 Jahr nach Abschluss des Bewerbungsverfahrens auf. F\u00fcr van den Hurk Bedrijfswagens ist es notwendig, die Daten f\u00fcr diesen Zeitraum aufzubewahren, da dies der Laufzeit des Zeitvertrags entspricht. Sollte der Arbeitsvertrag mit einem neuen Mitarbeiter innerhalb dieses Vertrages beendet werden, k\u00f6nnen die anderen Bewerber weiterhin angesprochen werden.<\/p>\n<p>1 Jahr nach Beendigung des Bewerbungsverfahrens werden Ihre Daten endg\u00fcltig aus unseren Systemen gel\u00f6scht.<\/p>\n<p>Auf Wunsch k\u00f6nnen Bewerber angeben, ob sie damit einverstanden sind, dass ihre Daten l\u00e4nger aufbewahrt werden, damit sie wieder angesprochen werden k\u00f6nnen, wenn bei van den Hurk Bedrijfswagens geeignete Stellen frei werden. Wenn Sie zugestimmt haben, in eine Kandidatenliste aufgenommen zu werden, werden Ihre Daten in jedem Fall innerhalb von 2 Jahren nach Aufnahme in die Kandidatenliste gel\u00f6scht.<\/p>\n<p>Wenn Sie nicht mehr w\u00fcnschen, dass wir Ihre personenbezogenen Daten aufbewahren, l\u00f6schen wir sie, sobald Sie dies verlangen. Sie k\u00f6nnen uns dies per E-Mail mitteilen: b.verhappen@vdhurk.nl. Auf demselben Weg k\u00f6nnen Sie uns auffordern, Ihnen mitzuteilen, welche Daten wir \u00fcber Sie verarbeiten, oder uns bitten, Ihre Daten zu vervollst\u00e4ndigen oder zu korrigieren.<\/p>\n<h2>Anlaufstelle f\u00fcr Fragen und Beschwerden<\/h2>\n<p>Wenn Sie nach dem Lesen dieser Datenschutzerkl\u00e4rung noch Fragen zur Verarbeitung personenbezogener Daten durch van den Hurk Bedrijfswagens haben, senden Sie bitte eine E-Mail an: b.verhappen@vdhurk.nl.<\/p>\n<p><em>(Diese E-Mail-Adresse kann auch verwendet werden, wenn Sie Beschwerden \u00fcber die Verarbeitung Ihrer personenbezogenen Daten haben).<\/em><\/p>\n<p>Wenn Sie der Meinung sind, dass Van den Hurk Bedrijfswagens gegen das Datenschutzrecht verst\u00f6\u00dft, k\u00f6nnen Sie sich an die Datenschutzbeh\u00f6rde wenden.<\/p>\n<h2>Cookie-Politik<\/h2>\n<p>Van den Hurk Bedrijfswagens verwendet Cookies und andere Techniken auf der Website vdhurk.nl. Cookies sind kleine Informationsdateien, die auf dem Ger\u00e4t gespeichert werden, mit dem Sie unsere Website besuchen, wie z.B. einem Computer, Tablet, Smartphone oder einer Smartwatch, wenn Sie die Website besuchen. Wenn wir im Folgenden von \"Cookies\" sprechen, meinen wir auch andere \u00e4hnliche Techniken.<\/p>\n<p>Cookies erm\u00f6glichen es, Ihren Webbrowser zu erkennen. Das ist n\u00fctzlich, denn dann m\u00fcssen Sie Ihre Daten nicht erneut eingeben, Ihre Pr\u00e4ferenzen angeben oder Ihre Einstellungen \u00e4ndern. Auf diese Weise k\u00f6nnen wir auch unsere Website besser funktionieren lassen, wir k\u00f6nnen Einblicke in das Besucherverhalten auf der Website gewinnen und andere Parteien k\u00f6nnen Einblicke in Ihr Surfverhalten gewinnen, so dass sie personalisierte Werbung \u00fcber mehrere Websites hinweg anzeigen und nicht \u00fcberpr\u00fcfbare Werbung auslassen k\u00f6nnen.<\/p>\n<p>Cookies gef\u00e4hrden die Sicherheit Ihres Computers nicht.<\/p>\n<h2>Funktionale und nicht-funktionale Cookies<\/h2>\n<p>Cookies k\u00f6nnen in funktionale und nicht-funktionale Cookies unterteilt werden. Funktionale Cookies sind f\u00fcr das reibungslose Funktionieren der Website notwendig oder sorgen daf\u00fcr, dass Ihnen bei jedem Besuch unserer Website die gew\u00fcnschten Informationen schnell und korrekt angezeigt werden. N\u00fctzlich, weil Sie dann z.B. Ihre Daten nicht erneut eingeben, Pr\u00e4ferenzen angeben oder Ihre Einstellungen \u00e4ndern m\u00fcssen. Die nicht-funktionalen Cookies dienen dazu, uns \u00fcber die Anzahl der Besucher der Website und deren Nutzung der Website zu informieren. Wir k\u00f6nnen diese Informationen nutzen, um unsere Website weiter zu verbessern.<\/p>\n<p>Wir verwenden diese Cookies auch, um Ihnen passende Werbung auf anderen Websites zu zeigen oder um Ihnen gezielte Angebote zu machen.<\/p>\n<p>Diese Dateien verschwinden automatisch, sobald Sie Ihren Internetbrowser schlie\u00dfen, oder bleiben bis zu 12 Monate nach Ihrem letzten Besuch auf Ihrem Computer.<\/p>\n<h2>Welche Cookies gibt es?<\/h2>\n<p>Wir unterscheiden zwischen verschiedenen Arten von Cookies:<\/p>\n<h2>Funktionale Cookies<\/h2>\n<p>Diese sind f\u00fcr das reibungslose Funktionieren der Website erforderlich. Sie sorgen zum Beispiel daf\u00fcr, dass Sie bei jedem Besuch unserer Website schnell und korrekt die gew\u00fcnschten Informationen angezeigt bekommen. Sie m\u00fcssen nicht um Erlaubnis bitten, funktionale Cookies zu setzen.<\/p>\n<h2>Analytische Cookies<\/h2>\n<p>Wir verwenden diese, um zu analysieren, wie unsere Website genutzt wird, z. B. wie oft unsere Website besucht wird, welche Seite Sie auf unserer Website aufrufen und welche Seiten am h\u00e4ufigsten angeklickt werden. Wenn die Analyse-Cookies keine gr\u00f6\u00dferen Auswirkungen auf die Privatsph\u00e4re haben, muss keine Zustimmung eingeholt werden, andernfalls schon.<\/p>\n<h2>Tracking-Cookies<\/h2>\n<p>Dies sind Cookies, die Ihr Surfverhalten auf unserer Website verfolgen k\u00f6nnen. Dies erm\u00f6glicht es Werbetreibenden, personalisierte Online-Werbung auf der Grundlage Ihres Surfverhaltens anzuzeigen. Wir bitten Sie um Ihre Erlaubnis, diese Cookies zu setzen.<\/p>\n<h2>Plug-in-Cookies f\u00fcr soziale Medien<\/h2>\n<p>Plug-in-Cookies f\u00fcr soziale Medien werden verwendet, um Inhalte sozialer Medien auf unserer Website anzuzeigen. Wir bitten Sie um Ihre Erlaubnis, diese Cookies zu setzen.<\/p>\n<h2>K\u00f6nnen Sie auch Cookies abschalten?<\/h2>\n<p>Ja. Sie k\u00f6nnen Cookies jederzeit selbst deaktivieren oder von Ihrem Ger\u00e4t l\u00f6schen. Wie Sie dies tun k\u00f6nnen, h\u00e4ngt von Ihrem Internet-Browser und Ihrem Ger\u00e4t ab. Wenn Sie sich daf\u00fcr entscheiden, Cookies zu l\u00f6schen, kann es sein, dass die Website nicht mehr optimal funktioniert und dass Sie einige Dienste nicht nutzen k\u00f6nnen.<\/p>\n<h2>Kann diese Cookie-Richtlinie aktualisiert werden?<\/h2>\n<p>Diese Cookie-Richtlinie kann in der Zwischenzeit aktualisiert werden, um \u00c4nderungen anzuk\u00fcndigen. Wenn \u00c4nderungen an diesem Dokument vorgenommen werden, k\u00f6nnen Sie anhand des Datums am Ende des Dokuments sehen, wann dies zuletzt geschehen ist.<br \/>\nWenn wir beabsichtigen, Cookies, f\u00fcr die Sie Ihre Zustimmung gegeben haben, f\u00fcr andere Zwecke zu verwenden, werden wir Sie um Ihre Zustimmung bitten.<\/p>\n<h2>Kamera-Sicherheit<\/h2>\n<p>Unsere Filiale ist mit Kameras ausgestattet. Dies ist wichtig f\u00fcr Ihre Sicherheit, aber auch f\u00fcr die Sicherheit unserer Kollegen und unseres Eigentums. Die Kamerabilder werden nach maximal einem (1) Monat gel\u00f6scht, es sei denn, es gibt gute Gr\u00fcnde, die Bilder l\u00e4nger aufzubewahren, z. B. f\u00fcr Ermittlungen einer Detektei oder der Polizei.<\/p>\n<\/div><\/section><\/div><div class='flex_column av-7liqo-016a5e0ee5097bef6531dd82f299c2ff av_two_fifth  avia-builder-el-3  el_after_av_three_fifth  avia-builder-el-last  flex_column_div'   ><div  class='avia-video av-l6w3d0db-e928fa2b2410f0230ec7d150903ec468 avia-video-16-9 av-no-preview-image avia-video-load-always av-lazyload-immediate av-lazyload-video-embed'  itemprop=\"video\" itemtype=\"https:\/\/schema.org\/VideoObject\"  data-original_url='https:\/\/www.youtube.com\/watch?v=9fT_2naEIwI'><script type='text\/html' class='av-video-tmpl'><div class='avia-iframe-wrap'><iframe loading=\"lazy\" title=\"van den hurk promo\" width=\"1500\" height=\"844\" src=\"https:\/\/www.youtube.com\/embed\/9fT_2naEIwI?feature=oembed&autoplay=1&loop=0&controls=1&mute=1\" frameborder=\"0\" allow=\"accelerometer; autoplay; clipboard-write; encrypted-media; gyroscope; picture-in-picture\" allowfullscreen><\/iframe><\/div><\/script><div class='av-click-to-play-overlay'><div class=\"avia_playpause_icon\"><\/div><\/div><\/div><\/div>","protected":false},"excerpt":{"rendered":"","protected":false},"author":1,"featured_media":0,"parent":0,"menu_order":0,"comment_status":"closed","ping_status":"closed","template":"","meta":{"_acf_changed":false,"_improvement_type_select":"improve_an_existing","_thumb_yes_seoaic":false,"_frame_yes_seoaic":false,"seoaic_generate_description":"","seoaic_improve_instructions_prompt":"","seoaic_rollback_content_improvement":"","seoaic_idea_thumbnail_generator":"","thumbnail_generated":false,"thumbnail_generate_prompt":"","seoaic_article_description":"","footnotes":""},"class_list":["post-376","page","type-page","status-publish","hentry"],"acf":[],"yoast_head":"<!-- This site is optimized with the Yoast SEO plugin v27.5 - https:\/\/yoast.com\/product\/yoast-seo-wordpress\/ -->\n<title>Privacy statement - Van den Hurk Bedrijfswagens<\/title>\n<meta name=\"robots\" content=\"index, follow, max-snippet:-1, max-image-preview:large, max-video-preview:-1\" \/>\n<link rel=\"canonical\" href=\"https:\/\/www.vdhurk.nl\/de\/erklarung-zum-datenschutz\/\" \/>\n<meta property=\"og:locale\" content=\"de_DE\" \/>\n<meta property=\"og:type\" content=\"article\" \/>\n<meta property=\"og:title\" content=\"Privacy statement - Van den Hurk Bedrijfswagens\" \/>\n<meta property=\"og:url\" content=\"https:\/\/www.vdhurk.nl\/de\/erklarung-zum-datenschutz\/\" \/>\n<meta property=\"og:site_name\" content=\"Van den Hurk Bedrijfswagens\" \/>\n<meta property=\"article:modified_time\" content=\"2023-03-01T14:08:43+00:00\" \/>\n<meta name=\"twitter:card\" content=\"summary_large_image\" \/>\n<meta name=\"twitter:label1\" content=\"Gesch\u00e4tzte Lesezeit\" \/>\n\t<meta name=\"twitter:data1\" content=\"10\u00a0Minuten\" \/>\n<script type=\"application\/ld+json\" class=\"yoast-schema-graph\">{\"@context\":\"https:\\\/\\\/schema.org\",\"@graph\":[{\"@type\":\"WebPage\",\"@id\":\"https:\\\/\\\/www.vdhurk.nl\\\/privacy-statement\\\/\",\"url\":\"https:\\\/\\\/www.vdhurk.nl\\\/privacy-statement\\\/\",\"name\":\"Privacy statement - Van den Hurk Bedrijfswagens\",\"isPartOf\":{\"@id\":\"https:\\\/\\\/www.vdhurk.nl\\\/#website\"},\"datePublished\":\"2022-03-25T15:42:04+00:00\",\"dateModified\":\"2023-03-01T14:08:43+00:00\",\"breadcrumb\":{\"@id\":\"https:\\\/\\\/www.vdhurk.nl\\\/privacy-statement\\\/#breadcrumb\"},\"inLanguage\":\"de\",\"potentialAction\":[{\"@type\":\"ReadAction\",\"target\":[\"https:\\\/\\\/www.vdhurk.nl\\\/privacy-statement\\\/\"]}]},{\"@type\":\"BreadcrumbList\",\"@id\":\"https:\\\/\\\/www.vdhurk.nl\\\/privacy-statement\\\/#breadcrumb\",\"itemListElement\":[{\"@type\":\"ListItem\",\"position\":1,\"name\":\"Home\",\"item\":\"https:\\\/\\\/www.vdhurk.nl\\\/home\\\/\"},{\"@type\":\"ListItem\",\"position\":2,\"name\":\"Privacy statement\"}]},{\"@type\":\"WebSite\",\"@id\":\"https:\\\/\\\/www.vdhurk.nl\\\/#website\",\"url\":\"https:\\\/\\\/www.vdhurk.nl\\\/\",\"name\":\"Van den Hurk Bedrijfswagens\",\"description\":\"Van den Hurk bedrijfswagens Helmond\",\"potentialAction\":[{\"@type\":\"SearchAction\",\"target\":{\"@type\":\"EntryPoint\",\"urlTemplate\":\"https:\\\/\\\/www.vdhurk.nl\\\/?s={search_term_string}\"},\"query-input\":{\"@type\":\"PropertyValueSpecification\",\"valueRequired\":true,\"valueName\":\"search_term_string\"}}],\"inLanguage\":\"de\"}]}<\/script>\n<!-- \/ Yoast SEO plugin. -->","yoast_head_json":{"title":"Datenschutzerkl\u00e4rung - Van den Hurk Bedrijfswagens","robots":{"index":"index","follow":"follow","max-snippet":"max-snippet:-1","max-image-preview":"max-image-preview:large","max-video-preview":"max-video-preview:-1"},"canonical":"https:\/\/www.vdhurk.nl\/de\/erklarung-zum-datenschutz\/","og_locale":"de_DE","og_type":"article","og_title":"Privacy statement - Van den Hurk Bedrijfswagens","og_url":"https:\/\/www.vdhurk.nl\/de\/erklarung-zum-datenschutz\/","og_site_name":"Van den Hurk Bedrijfswagens","article_modified_time":"2023-03-01T14:08:43+00:00","twitter_card":"summary_large_image","twitter_misc":{"Gesch\u00e4tzte Lesezeit":"10\u00a0Minuten"},"schema":{"@context":"https:\/\/schema.org","@graph":[{"@type":"WebPage","@id":"https:\/\/www.vdhurk.nl\/privacy-statement\/","url":"https:\/\/www.vdhurk.nl\/privacy-statement\/","name":"Datenschutzerkl\u00e4rung - Van den Hurk Bedrijfswagens","isPartOf":{"@id":"https:\/\/www.vdhurk.nl\/#website"},"datePublished":"2022-03-25T15:42:04+00:00","dateModified":"2023-03-01T14:08:43+00:00","breadcrumb":{"@id":"https:\/\/www.vdhurk.nl\/privacy-statement\/#breadcrumb"},"inLanguage":"de","potentialAction":[{"@type":"ReadAction","target":["https:\/\/www.vdhurk.nl\/privacy-statement\/"]}]},{"@type":"BreadcrumbList","@id":"https:\/\/www.vdhurk.nl\/privacy-statement\/#breadcrumb","itemListElement":[{"@type":"ListItem","position":1,"name":"Home","item":"https:\/\/www.vdhurk.nl\/home\/"},{"@type":"ListItem","position":2,"name":"Privacy statement"}]},{"@type":"WebSite","@id":"https:\/\/www.vdhurk.nl\/#website","url":"https:\/\/www.vdhurk.nl\/","name":"Van den Hurk Nutzfahrzeuge","description":"Van den Hurk Nutzfahrzeuge Helmond","potentialAction":[{"@type":"SearchAction","target":{"@type":"EntryPoint","urlTemplate":"https:\/\/www.vdhurk.nl\/?s={search_term_string}"},"query-input":{"@type":"PropertyValueSpecification","valueRequired":true,"valueName":"search_term_string"}}],"inLanguage":"de"}]}},"_links":{"self":[{"href":"https:\/\/www.vdhurk.nl\/de\/wp-json\/wp\/v2\/pages\/376","targetHints":{"allow":["GET"]}}],"collection":[{"href":"https:\/\/www.vdhurk.nl\/de\/wp-json\/wp\/v2\/pages"}],"about":[{"href":"https:\/\/www.vdhurk.nl\/de\/wp-json\/wp\/v2\/types\/page"}],"author":[{"embeddable":true,"href":"https:\/\/www.vdhurk.nl\/de\/wp-json\/wp\/v2\/users\/1"}],"replies":[{"embeddable":true,"href":"https:\/\/www.vdhurk.nl\/de\/wp-json\/wp\/v2\/comments?post=376"}],"version-history":[{"count":11,"href":"https:\/\/www.vdhurk.nl\/de\/wp-json\/wp\/v2\/pages\/376\/revisions"}],"predecessor-version":[{"id":162021,"href":"https:\/\/www.vdhurk.nl\/de\/wp-json\/wp\/v2\/pages\/376\/revisions\/162021"}],"wp:attachment":[{"href":"https:\/\/www.vdhurk.nl\/de\/wp-json\/wp\/v2\/media?parent=376"}],"curies":[{"name":"wp","href":"https:\/\/api.w.org\/{rel}","templated":true}]}}