{"id":372067,"date":"2024-04-16T14:04:50","date_gmt":"2024-04-16T12:04:50","guid":{"rendered":"https:\/\/www.vdhurk.nl\/?page_id=372067"},"modified":"2024-04-16T14:04:50","modified_gmt":"2024-04-16T12:04:50","slug":"iveco-nutzfahrzeuge","status":"publish","type":"page","link":"https:\/\/www.vdhurk.nl\/de\/iveco-bedrijfswagens\/","title":{"rendered":"Iveco Nutzfahrzeuge"},"content":{"rendered":"<section  class='av_textblock_section av-lu8gnh7d-4ac895489941e586c1d7c8cb72318135'  itemscope=\"itemscope\" itemtype=\"https:\/\/schema.org\/CreativeWork\" ><div class='avia_textblock'  itemprop=\"text\" ><h1><b>Entdecken Sie die Vielseitigkeit von Iveco: zuverl\u00e4ssige Nutzfahrzeuge f\u00fcr jede Aufgabe<\/b><\/h1>\n<p>Bei Van den Hurk finden Sie eine Vielzahl von Iveco-Nutzfahrzeugen. Diese Marke ist weltweit pr\u00e4sent und bekannt f\u00fcr ihr breites Angebot an Nutzfahrzeugen, darunter Lkw, Transporter, Busse und Spezialfahrzeuge. Iveco hat sich in der Transportbranche einen guten Ruf f\u00fcr Zuverl\u00e4ssigkeit, Effizienz und Innovation erworben. Das macht sie zu einem wichtigen Akteur in der Automobilindustrie.<\/p>\n<\/div><\/section>\n\n<style type=\"text\/css\" data-created_by=\"avia_inline_auto\" id=\"style-css-av-lujjddpd-afa3d7a9eabd61123e643ed1228e781e\">\n#top .hr.hr-invisible.av-lujjddpd-afa3d7a9eabd61123e643ed1228e781e{\nheight:50px;\n}\n<\/style>\n<div  class='hr av-lujjddpd-afa3d7a9eabd61123e643ed1228e781e hr-invisible  avia-builder-el-1  el_after_av_textblock  el_before_av_codeblock'><span class='hr-inner'><span class=\"hr-inner-style\"><\/span><\/span><\/div>\n\n\n<style type=\"text\/css\" data-created_by=\"avia_inline_auto\" id=\"style-css-av-o1d5-cf77288da24053faf1b6ffbefcfc6222\">\n#top .hr.hr-invisible.av-o1d5-cf77288da24053faf1b6ffbefcfc6222{\nheight:50px;\n}\n<\/style>\n<div  class='hr av-o1d5-cf77288da24053faf1b6ffbefcfc6222 hr-invisible  avia-builder-el-3  el_after_av_codeblock  el_before_av_textblock'><span class='hr-inner'><span class=\"hr-inner-style\"><\/span><\/span><\/div>\n<section  class='av_textblock_section av-lu8gtjw7-4f3cee9304909518d86d2860d9d582dd'  itemscope=\"itemscope\" itemtype=\"https:\/\/schema.org\/CreativeWork\" ><div class='avia_textblock'  itemprop=\"text\" ><h2><b>Wie kam es zur Gr\u00fcndung von Iveco?<\/b><\/h2>\n<p>Iveco entstand 1970 aus einem Zusammenschluss mehrerer Unternehmen. Die Marke begann mit einem ehrgeizigen Plan zur St\u00e4rkung des Nutzfahrzeugmarktes. Schon bald entwickelte sie sich zu einem starken Akteur in der Automobilindustrie. Iveco vereint Fachwissen und Ressourcen, die es ihm erm\u00f6glichen, effizient zu arbeiten und innovative L\u00f6sungen zu entwickeln. Im Laufe der Jahre hat die Marke ihre globale Pr\u00e4senz durch Produktionsst\u00e4tten und Vertriebskan\u00e4le in verschiedenen L\u00e4ndern der Welt ausgebaut.<\/p>\n<h2><b>Warum sind diese Nutzfahrzeuge so beliebt?<\/b><\/h2>\n<p>Iveco-Busse und andere Fahrzeuge sind weltweit beliebt. Dies ist teilweise darauf zur\u00fcckzuf\u00fchren:<\/p>\n<ul>\n<li aria-level=\"1\"><b>Verl\u00e4sslichkeit:<\/b> Die Marke ist bekannt f\u00fcr ihre zuverl\u00e4ssigen Nutzfahrzeuge, die auf Langlebigkeit und Leistung unter schwierigen Bedingungen ausgelegt sind. Bereits viele Unternehmen vertrauen auf Iveco-Fahrzeuge.<\/li>\n<li aria-level=\"1\"><b>Vielseitigkeit: <\/b>Das Angebot von Iveco umfasst verschiedene Nutzfahrzeuge. Diese Vielseitigkeit erm\u00f6glicht es den Kunden, das richtige Fahrzeug f\u00fcr ihre spezifischen Bed\u00fcrfnisse zu finden.<\/li>\n<li aria-level=\"1\"><b>Innovation<\/b>: Iveco setzt weiterhin auf Innovation und investiert st\u00e4ndig in neue Technologien, um seine Fahrzeuge zu verbessern.<\/li>\n<li aria-level=\"1\"><b>Nachhaltigkeit:<\/b> Die Marke konzentriert sich auf die Verringerung der Umweltbelastung durch ihre Fahrzeuge. Dies geschieht durch sparsamere Motoren, die F\u00f6rderung alternativer Kraftstoffe und die Erforschung von M\u00f6glichkeiten der Elektrifizierung.<\/li>\n<\/ul>\n<h2><b>Was unterscheidet Iveco von anderen Automarken?<\/b><\/h2>\n<p>Iveco ist in mehrfacher Hinsicht unverwechselbar. Das Unternehmen konzentriert sich auf Nutzfahrzeuge und ist f\u00fcr seine Vielfalt an Fahrzeugen bekannt. Sie konzentrieren sich haupts\u00e4chlich auf den Transport- und Logistiksektor. Au\u00dferdem setzt Iveco verschiedene innovative Technologien ein. So sind alle Fahrzeuge mit effizienten Motoren, fortschrittlichen Sicherheitsmerkmalen und umweltfreundlichen Antriebsstr\u00e4ngen ausgestattet. Dar\u00fcber hinaus legen sie Wert auf Nachhaltigkeit und Umweltfreundlichkeit. Sie sind bestrebt, die Auswirkungen auf die Umwelt zu reduzieren. All diese Aspekte machen Iveco zu einer einzigartigen Marke in der Automobilbranche.<\/p>\n<h2><b>Finanzierungsm\u00f6glichkeiten<\/b><\/h2>\n<h3><b>Kaufen<\/b><\/h3>\n<p>Bei Van den Hurk haben Sie mehrere Finanzierungsm\u00f6glichkeiten. Der Kauf eines Iveco-Busses ist eine dieser M\u00f6glichkeiten. Der Vorteil des Kaufs ist, dass Sie Ihr eigener Unternehmer werden. So haben Sie die volle Kontrolle \u00fcber das Fahrzeug, ohne monatliche Leasingraten. Au\u00dferdem m\u00fcssen Sie sich keine Gedanken \u00fcber die Kilometerbegrenzung machen. Dies ist vor allem dann von Vorteil, wenn Sie viel fahren.<\/p>\n<h3><b>Leasing<\/b><\/h3>\n<p>Das Leasing eines Iveco-Busses ist die andere M\u00f6glichkeit. Dies hat den Vorteil, dass die Anschaffungskosten im Vergleich zum Kauf niedriger sind. Das gibt Ihnen als Unternehmen mehr finanzielle Flexibilit\u00e4t. Dar\u00fcber hinaus sind Ihre monatlichen Ausgaben vorhersehbar. Das liegt daran, dass Sie einen Leasingvertrag haben, bei dem Sie einen festen Betrag pro Monat zahlen.<\/p>\n<h2><b>W\u00e4hlen Sie das richtige Modell f\u00fcr Ihre Bed\u00fcrfnisse<\/b><\/h2>\n<p>In unserem Angebot finden Sie verschiedene gebrauchte Modelle der Marke Iveco. Welches Modell ist f\u00fcr Sie am besten geeignet? Das h\u00e4ngt ganz von Ihren W\u00fcnschen und Bed\u00fcrfnissen ab. Eines der Modelle, die wir anbieten, ist der Iveco daily occasion. Dieses Modell ist eine attraktive Option f\u00fcr Unternehmen und Unternehmer, die ein zuverl\u00e4ssiges Modell zu einem relativ niedrigeren Preis als beim Kauf eines Neufahrzeugs suchen.<\/p>\n<\/div><\/section>","protected":false},"excerpt":{"rendered":"","protected":false},"author":3,"featured_media":0,"parent":0,"menu_order":0,"comment_status":"closed","ping_status":"closed","template":"","meta":{"_acf_changed":false,"_improvement_type_select":"improve_an_existing","_thumb_yes_seoaic":false,"_frame_yes_seoaic":false,"seoaic_generate_description":"","seoaic_improve_instructions_prompt":"","seoaic_rollback_content_improvement":"","seoaic_idea_thumbnail_generator":"","thumbnail_generated":false,"thumbnail_generate_prompt":"","seoaic_article_description":"","footnotes":""},"class_list":["post-372067","page","type-page","status-publish","hentry"],"acf":[],"yoast_head":"<!-- This site is optimized with the Yoast SEO plugin v27.3 - https:\/\/yoast.com\/product\/yoast-seo-wordpress\/ -->\n<title>Iveco bedrijfswagens: voor duurzaam en betrouwbaar transport<\/title>\n<meta name=\"description\" content=\"Bekijk het aanbod met Iveco bedrijfswagens en kies het voertuig dat helemaal aansluit aan jouw wensen en behoeften. Ontdek nu!\" \/>\n<meta name=\"robots\" content=\"index, follow, max-snippet:-1, max-image-preview:large, max-video-preview:-1\" \/>\n<link rel=\"canonical\" href=\"https:\/\/www.vdhurk.nl\/de\/iveco-nutzfahrzeuge\/\" \/>\n<meta property=\"og:locale\" content=\"de_DE\" \/>\n<meta property=\"og:type\" content=\"article\" \/>\n<meta property=\"og:title\" content=\"Iveco bedrijfswagens: voor duurzaam en betrouwbaar transport\" \/>\n<meta property=\"og:description\" content=\"Bekijk het aanbod met Iveco bedrijfswagens en kies het voertuig dat helemaal aansluit aan jouw wensen en behoeften. Ontdek nu!\" \/>\n<meta property=\"og:url\" content=\"https:\/\/www.vdhurk.nl\/de\/iveco-nutzfahrzeuge\/\" \/>\n<meta property=\"og:site_name\" content=\"Van den Hurk Bedrijfswagens\" \/>\n<meta name=\"twitter:card\" content=\"summary_large_image\" \/>\n<meta name=\"twitter:label1\" content=\"Gesch\u00e4tzte Lesezeit\" \/>\n\t<meta name=\"twitter:data1\" content=\"4\u00a0Minuten\" \/>\n<script type=\"application\/ld+json\" class=\"yoast-schema-graph\">{\"@context\":\"https:\\\/\\\/schema.org\",\"@graph\":[{\"@type\":\"WebPage\",\"@id\":\"https:\\\/\\\/www.vdhurk.nl\\\/iveco-bedrijfswagens\\\/\",\"url\":\"https:\\\/\\\/www.vdhurk.nl\\\/iveco-bedrijfswagens\\\/\",\"name\":\"Iveco bedrijfswagens: voor duurzaam en betrouwbaar transport\",\"isPartOf\":{\"@id\":\"https:\\\/\\\/www.vdhurk.nl\\\/#website\"},\"datePublished\":\"2024-04-16T12:04:50+00:00\",\"description\":\"Bekijk het aanbod met Iveco bedrijfswagens en kies het voertuig dat helemaal aansluit aan jouw wensen en behoeften. Ontdek nu!\",\"breadcrumb\":{\"@id\":\"https:\\\/\\\/www.vdhurk.nl\\\/iveco-bedrijfswagens\\\/#breadcrumb\"},\"inLanguage\":\"de\",\"potentialAction\":[{\"@type\":\"ReadAction\",\"target\":[\"https:\\\/\\\/www.vdhurk.nl\\\/iveco-bedrijfswagens\\\/\"]}]},{\"@type\":\"BreadcrumbList\",\"@id\":\"https:\\\/\\\/www.vdhurk.nl\\\/iveco-bedrijfswagens\\\/#breadcrumb\",\"itemListElement\":[{\"@type\":\"ListItem\",\"position\":1,\"name\":\"Home\",\"item\":\"https:\\\/\\\/www.vdhurk.nl\\\/home\\\/\"},{\"@type\":\"ListItem\",\"position\":2,\"name\":\"Iveco Bedrijfswagens\"}]},{\"@type\":\"WebSite\",\"@id\":\"https:\\\/\\\/www.vdhurk.nl\\\/#website\",\"url\":\"https:\\\/\\\/www.vdhurk.nl\\\/\",\"name\":\"Van den Hurk Bedrijfswagens\",\"description\":\"Van den Hurk bedrijfswagens Helmond\",\"potentialAction\":[{\"@type\":\"SearchAction\",\"target\":{\"@type\":\"EntryPoint\",\"urlTemplate\":\"https:\\\/\\\/www.vdhurk.nl\\\/?s={search_term_string}\"},\"query-input\":{\"@type\":\"PropertyValueSpecification\",\"valueRequired\":true,\"valueName\":\"search_term_string\"}}],\"inLanguage\":\"de\"}]}<\/script>\n<!-- \/ Yoast SEO plugin. -->","yoast_head_json":{"title":"Iveco Nutzfahrzeuge: f\u00fcr einen nachhaltigen und zuverl\u00e4ssigen Transport","description":"Werfen Sie einen Blick auf die Palette der Iveco-Nutzfahrzeuge und w\u00e4hlen Sie das Fahrzeug, das ganz Ihren Bed\u00fcrfnissen entspricht. Jetzt entdecken!","robots":{"index":"index","follow":"follow","max-snippet":"max-snippet:-1","max-image-preview":"max-image-preview:large","max-video-preview":"max-video-preview:-1"},"canonical":"https:\/\/www.vdhurk.nl\/de\/iveco-nutzfahrzeuge\/","og_locale":"de_DE","og_type":"article","og_title":"Iveco bedrijfswagens: voor duurzaam en betrouwbaar transport","og_description":"Bekijk het aanbod met Iveco bedrijfswagens en kies het voertuig dat helemaal aansluit aan jouw wensen en behoeften. Ontdek nu!","og_url":"https:\/\/www.vdhurk.nl\/de\/iveco-nutzfahrzeuge\/","og_site_name":"Van den Hurk Bedrijfswagens","twitter_card":"summary_large_image","twitter_misc":{"Gesch\u00e4tzte Lesezeit":"4\u00a0Minuten"},"schema":{"@context":"https:\/\/schema.org","@graph":[{"@type":"WebPage","@id":"https:\/\/www.vdhurk.nl\/iveco-bedrijfswagens\/","url":"https:\/\/www.vdhurk.nl\/iveco-bedrijfswagens\/","name":"Iveco Nutzfahrzeuge: f\u00fcr einen nachhaltigen und zuverl\u00e4ssigen Transport","isPartOf":{"@id":"https:\/\/www.vdhurk.nl\/#website"},"datePublished":"2024-04-16T12:04:50+00:00","description":"Werfen Sie einen Blick auf die Palette der Iveco-Nutzfahrzeuge und w\u00e4hlen Sie das Fahrzeug, das ganz Ihren Bed\u00fcrfnissen entspricht. Jetzt entdecken!","breadcrumb":{"@id":"https:\/\/www.vdhurk.nl\/iveco-bedrijfswagens\/#breadcrumb"},"inLanguage":"de","potentialAction":[{"@type":"ReadAction","target":["https:\/\/www.vdhurk.nl\/iveco-bedrijfswagens\/"]}]},{"@type":"BreadcrumbList","@id":"https:\/\/www.vdhurk.nl\/iveco-bedrijfswagens\/#breadcrumb","itemListElement":[{"@type":"ListItem","position":1,"name":"Home","item":"https:\/\/www.vdhurk.nl\/home\/"},{"@type":"ListItem","position":2,"name":"Iveco Bedrijfswagens"}]},{"@type":"WebSite","@id":"https:\/\/www.vdhurk.nl\/#website","url":"https:\/\/www.vdhurk.nl\/","name":"Van den Hurk Nutzfahrzeuge","description":"Van den Hurk Nutzfahrzeuge Helmond","potentialAction":[{"@type":"SearchAction","target":{"@type":"EntryPoint","urlTemplate":"https:\/\/www.vdhurk.nl\/?s={search_term_string}"},"query-input":{"@type":"PropertyValueSpecification","valueRequired":true,"valueName":"search_term_string"}}],"inLanguage":"de"}]}},"_links":{"self":[{"href":"https:\/\/www.vdhurk.nl\/de\/wp-json\/wp\/v2\/pages\/372067","targetHints":{"allow":["GET"]}}],"collection":[{"href":"https:\/\/www.vdhurk.nl\/de\/wp-json\/wp\/v2\/pages"}],"about":[{"href":"https:\/\/www.vdhurk.nl\/de\/wp-json\/wp\/v2\/types\/page"}],"author":[{"embeddable":true,"href":"https:\/\/www.vdhurk.nl\/de\/wp-json\/wp\/v2\/users\/3"}],"replies":[{"embeddable":true,"href":"https:\/\/www.vdhurk.nl\/de\/wp-json\/wp\/v2\/comments?post=372067"}],"version-history":[{"count":5,"href":"https:\/\/www.vdhurk.nl\/de\/wp-json\/wp\/v2\/pages\/372067\/revisions"}],"predecessor-version":[{"id":372072,"href":"https:\/\/www.vdhurk.nl\/de\/wp-json\/wp\/v2\/pages\/372067\/revisions\/372072"}],"wp:attachment":[{"href":"https:\/\/www.vdhurk.nl\/de\/wp-json\/wp\/v2\/media?parent=372067"}],"curies":[{"name":"wp","href":"https:\/\/api.w.org\/{rel}","templated":true}]}}