{"id":372057,"date":"2024-04-15T16:15:53","date_gmt":"2024-04-15T14:15:53","guid":{"rendered":"https:\/\/www.vdhurk.nl\/?page_id=372057"},"modified":"2024-04-16T14:10:18","modified_gmt":"2024-04-16T12:10:18","slug":"renault-nutzfahrzeuge","status":"publish","type":"page","link":"https:\/\/www.vdhurk.nl\/de\/renault-bedrijfswagens\/","title":{"rendered":"Renault Nutzfahrzeuge"},"content":{"rendered":"<section  class='av_textblock_section av-lu8gnh7d-4ac895489941e586c1d7c8cb72318135'  itemscope=\"itemscope\" itemtype=\"https:\/\/schema.org\/CreativeWork\" ><div class='avia_textblock'  itemprop=\"text\" ><h1><strong>Renault Nutzfahrzeuge: zuverl\u00e4ssig f\u00fcr jeden Unternehmer<\/strong><\/h1>\n<p>Die franz\u00f6sische Automarke Renault bietet eine breite Palette von Nutzfahrzeugen an. Die Palette der Renault Nutzfahrzeuge reicht von kompakten Transportern bis zu gro\u00dfen Nutzfahrzeugen. Alle Nutzfahrzeuge sind bekannt f\u00fcr ihre Zuverl\u00e4ssigkeit, Effizienz und innovativen Modelle, die speziell f\u00fcr Gesch\u00e4ftskunden entwickelt wurden. Mit ihrem guten Ruf und ihrer langen Geschichte in der Automobilindustrie bietet die Marke Renault geeignete Nutzfahrzeuge f\u00fcr verschiedene Gesch\u00e4ftszwecke und Transportanforderungen.<\/p>\n<\/div><\/section>\n\n<style type=\"text\/css\" data-created_by=\"avia_inline_auto\" id=\"style-css-av-lujjddpd-afa3d7a9eabd61123e643ed1228e781e\">\n#top .hr.hr-invisible.av-lujjddpd-afa3d7a9eabd61123e643ed1228e781e{\nheight:50px;\n}\n<\/style>\n<div  class='hr av-lujjddpd-afa3d7a9eabd61123e643ed1228e781e hr-invisible  avia-builder-el-1  el_after_av_textblock  el_before_av_codeblock'><span class='hr-inner'><span class=\"hr-inner-style\"><\/span><\/span><\/div>\n\n\n<style type=\"text\/css\" data-created_by=\"avia_inline_auto\" id=\"style-css-av-ah0xd-63338d9dc6b40410e22a712829c369d6\">\n#top .hr.hr-invisible.av-ah0xd-63338d9dc6b40410e22a712829c369d6{\nheight:50px;\n}\n<\/style>\n<div  class='hr av-ah0xd-63338d9dc6b40410e22a712829c369d6 hr-invisible  avia-builder-el-3  el_after_av_codeblock  el_before_av_textblock'><span class='hr-inner'><span class=\"hr-inner-style\"><\/span><\/span><\/div>\n<section  class='av_textblock_section av-lu8gtjw7-4f3cee9304909518d86d2860d9d582dd'  itemscope=\"itemscope\" itemtype=\"https:\/\/schema.org\/CreativeWork\" ><div class='avia_textblock'  itemprop=\"text\" ><h2><b>Die Geschichte von Renault<\/b><\/h2>\n<h3><b>Die Geburt der Marke<\/b><\/h3>\n<p>Renault wurde im Jahr 1899 von Louis Renault, Marcel Renault und Fernand Renault gegr\u00fcndet. Die Marke wuchs schnell und erlangte Anerkennung f\u00fcr innovative Designs und technologische Fortschritte. W\u00e4hrend des Ersten Weltkriegs stellte die Marke Milit\u00e4rfahrzeuge her. Dies trug zum Wachstum und Ansehen der Marke bei. Nach dem Krieg begann die Marke mit der Produktion von Nutzfahrzeugen. Im Laufe der Jahre hat Renault verschiedene Modelle hergestellt. So konnte sich die Marke einen hervorragenden Platz in der Autoindustrie sichern. Dies gilt sowohl innerhalb als auch au\u00dferhalb Frankreichs.<\/p>\n<h3><b>Entwicklung im Laufe der Jahre<\/b><\/h3>\n<p>Es gibt eine Reihe von Schl\u00fcsselmomenten und Entwicklungen in der Entwicklung der Marke. In den Anfangsjahren produzierte Renault haupts\u00e4chlich leichte Nutzfahrzeuge wie Transporter und Kleinlastwagen. Diese werden f\u00fcr den Transport von Waren verwendet. Als die Nachfrage nach Nutzfahrzeugen stieg, erweiterte Renault seine Produktpalette und begann mit der Produktion von schwereren Fahrzeugen. Diese wurden in Bereichen wie Transport, Bauwesen und \u00f6ffentlicher Verkehr eingesetzt. Im Laufe der Jahre hat das Unternehmen die Nutzfahrzeuge st\u00e4ndig weiterentwickelt und verbessert. Dies hat zu fortschrittlichen Technologien und Merkmalen gef\u00fchrt.<\/p>\n<h2><b>Die Vorteile der Renault Busse und Nutzfahrzeuge<\/b><\/h2>\n<p>Die Nutzfahrzeuge von Renault bieten eine Reihe von Vorteilen:<\/p>\n<ul>\n<li aria-level=\"1\"><b>Verl\u00e4sslichkeit: <\/b>Die Marke ist bekannt f\u00fcr die Zuverl\u00e4ssigkeit der von ihr hergestellten Fahrzeuge. Ob f\u00fcr den t\u00e4glichen Einsatz im Stra\u00dfenverkehr oder f\u00fcr schwere Gesch\u00e4ftseins\u00e4tze - Nutzfahrzeuge bieten gleichbleibende Leistung und Zuverl\u00e4ssigkeit, auf die Sie sich verlassen k\u00f6nnen.<\/li>\n<li aria-level=\"1\"><b>Vielseitigkeit: <\/b>Alle Nutzfahrzeuge werden f\u00fcr die gewerbliche Nutzung hergestellt. F\u00fcr die verschiedenen Branchen wurden unterschiedliche Modelle auf den Markt gebracht.<\/li>\n<li aria-level=\"1\"><b>Effizienz:<\/b> Dank der fortschrittlichen Motorentechnologie bieten die Nutzfahrzeuge eine gute Kraftstoffeffizienz. Dies sorgt f\u00fcr niedrigere Betriebskosten und eine geringere Umweltbelastung. Besonders f\u00fcr Unternehmen mit hoher Kilometerleistung ist dies ein wichtiger Vorteil.<\/li>\n<li aria-level=\"1\"><b>Komfort und Bequemlichkeit: <\/b>Die Nutzfahrzeuge sind mit Blick auf den Komfort f\u00fcr Fahrer und Passagiere konzipiert. Die Nutzfahrzeuge verf\u00fcgen \u00fcber ergonomische Sitze und ger\u00e4umige Innenr\u00e4ume.<\/li>\n<li aria-level=\"1\"><b>Sicherheit: <\/b>Sichere Fahrzeuge sind f\u00fcr Renault von gro\u00dfer Bedeutung. Seine Nutzfahrzeuge verf\u00fcgen \u00fcber Sicherheitsmerkmale wie ABS, Traktionskontrolle, Airbags und Fahrerassistenzsysteme.<\/li>\n<li aria-level=\"1\"><b>Innovation: <\/b>Die Marke setzt weiterhin auf Innovationen und Investitionen in neue Technologien, um die Leistung, Effizienz und Sicherheit ihrer Fahrzeuge zu verbessern. So bleibt Renault an der Spitze der Automobilindustrie.<\/li>\n<\/ul>\n<ul>\n<li style=\"list-style-type: none;\"><\/li>\n<\/ul>\n<h2><b>Kauf oder Leasing eines Renault-Busses: Was ist die beste L\u00f6sung?<\/b><\/h2>\n<p>Bei Van den Hurk bieten wir Ihnen mehrere M\u00f6glichkeiten, wenn Sie einen Firmenwagen suchen. Die erste M\u00f6glichkeit ist der Kauf eines Firmenwagens. Der Vorteil dabei ist, dass das Fahrzeug dann in Ihr Eigentum \u00fcbergeht. Das hei\u00dft, Sie haben die volle Kontrolle. Durch den Kauf entstehen Ihnen langfristig auch geringere Kosten. Au\u00dferdem m\u00fcssen Sie beim Kauf keine Kilometerbeschr\u00e4nkungen beachten. Die zweite M\u00f6glichkeit ist, einen Renault-Bus zu leasen. Dies hat den Vorteil, dass die Anfangskosten niedriger sind. Sie m\u00fcssen nicht wie beim Kauf eines Fahrzeugs eine gro\u00dfe Investition t\u00e4tigen. Au\u00dferdem sind die Kosten beim Leasing besser vorhersehbar, so dass Sie weniger mit unangenehmen \u00dcberraschungen rechnen m\u00fcssen.<\/p>\n<h2><b>Verschiedene Optionen bei den Modellen<\/b><\/h2>\n<p>Entscheiden Sie sich f\u00fcr einen Renault Bus Gelegenheit oder fahren Sie lieber ein neues Fahrzeug? Beide Optionen sind m\u00f6glich. In unserem Angebot finden Sie verschiedene neue und gebrauchte Nutzfahrzeuge. M\u00f6chten Sie einen Renault Bus gebraucht kaufen? Dann haben Sie die Wahl zwischen:<\/p>\n<ul>\n<li aria-level=\"1\"><strong><a href=\"https:\/\/www.vdhurk.nl\/de\/nutzfahrzeuge\/renault\/traffic\/\">Renault Verkehr Gelegenheit<\/a><\/strong><b>: <\/b>Dies ist ein beliebtes Modell f\u00fcr Unternehmen, die ein zuverl\u00e4ssiges und vielseitiges Fahrzeug suchen. Dieses Modell ist bekannt f\u00fcr seinen ger\u00e4umigen Laderaum, den komfortablen Innenraum und die effizienten Motoren. Obwohl es gebraucht ist, erhalten Sie ein gutes Preis-Leistungs-Verh\u00e4ltnis, und dieses Modell bietet ein perfektes Gleichgewicht zwischen Preis und Qualit\u00e4t. Dieser Gebrauchtwagen ist eine praktische und wirtschaftliche Wahl f\u00fcr die gesch\u00e4ftliche Nutzung.<\/li>\n<li aria-level=\"1\"><strong><a href=\"https:\/\/www.vdhurk.nl\/de\/nutzfahrzeuge\/renault\/mercedes-10\/\">Renault Kangoo Gelegenheit<\/a><\/strong>Das ist ein kompaktes und vielseitiges Nutzfahrzeug, das sich ideal f\u00fcr verschiedene Gesch\u00e4ftsanwendungen eignet. Dieses Modell verf\u00fcgt \u00fcber einen praktischen Innenraum, kraftstoffsparende Motoren und ist in st\u00e4dtischen Umgebungen wendig. Das macht dieses Modell zu einer beliebten Wahl f\u00fcr kleine Unternehmen und Selbstst\u00e4ndige. Als Gebrauchtwagen ist der Kangoo erschwinglich und zuverl\u00e4ssig, was ihn zu einer attraktiven Wahl f\u00fcr Gesch\u00e4ftskunden macht.<\/li>\n<li aria-level=\"1\"><a href=\"https:\/\/www.vdhurk.nl\/de\/nutzfahrzeuge\/renault\/meister\/\"><strong>Renault master Gebrauchtwagen<\/strong><\/a>Dieses robuste und ger\u00e4umige Nutzfahrzeug eignet sich f\u00fcr verschiedene Gesch\u00e4ftszwecke. Das Modell verf\u00fcgt \u00fcber eine gro\u00dfe Ladefl\u00e4che, leistungsstarke Motoren und fortschrittliche Technologien. Dieses Modell ist besonders bei Unternehmen beliebt, die viel Ladung transportieren m\u00fcssen.<\/li>\n<\/ul>\n<\/div><\/section>","protected":false},"excerpt":{"rendered":"","protected":false},"author":3,"featured_media":0,"parent":0,"menu_order":0,"comment_status":"closed","ping_status":"closed","template":"","meta":{"_acf_changed":false,"_improvement_type_select":"improve_an_existing","_thumb_yes_seoaic":false,"_frame_yes_seoaic":false,"seoaic_generate_description":"","seoaic_improve_instructions_prompt":"","seoaic_rollback_content_improvement":"","seoaic_idea_thumbnail_generator":"","thumbnail_generated":false,"thumbnail_generate_prompt":"","seoaic_article_description":"","footnotes":""},"class_list":["post-372057","page","type-page","status-publish","hentry"],"acf":[],"yoast_head":"<!-- This site is optimized with the Yoast SEO plugin v27.5 - https:\/\/yoast.com\/product\/yoast-seo-wordpress\/ -->\n<title>Ontdek de kracht van innovatieve Renault bedrijfswagens<\/title>\n<meta name=\"description\" content=\"Renault bedrijfswagens zijn populair onder zakelijke gebruikers. Wil je weten wat de voordelen zijn van dit merk? Lees dan snel verder.\" \/>\n<meta name=\"robots\" content=\"index, follow, max-snippet:-1, max-image-preview:large, max-video-preview:-1\" \/>\n<link rel=\"canonical\" href=\"https:\/\/www.vdhurk.nl\/de\/renault-nutzfahrzeuge\/\" \/>\n<meta property=\"og:locale\" content=\"de_DE\" \/>\n<meta property=\"og:type\" content=\"article\" \/>\n<meta property=\"og:title\" content=\"Ontdek de kracht van innovatieve Renault bedrijfswagens\" \/>\n<meta property=\"og:description\" content=\"Renault bedrijfswagens zijn populair onder zakelijke gebruikers. Wil je weten wat de voordelen zijn van dit merk? Lees dan snel verder.\" \/>\n<meta property=\"og:url\" content=\"https:\/\/www.vdhurk.nl\/de\/renault-nutzfahrzeuge\/\" \/>\n<meta property=\"og:site_name\" content=\"Van den Hurk Bedrijfswagens\" \/>\n<meta property=\"article:modified_time\" content=\"2024-04-16T12:10:18+00:00\" \/>\n<meta name=\"twitter:card\" content=\"summary_large_image\" \/>\n<meta name=\"twitter:label1\" content=\"Gesch\u00e4tzte Lesezeit\" \/>\n\t<meta name=\"twitter:data1\" content=\"5\u00a0Minuten\" \/>\n<script type=\"application\/ld+json\" class=\"yoast-schema-graph\">{\"@context\":\"https:\\\/\\\/schema.org\",\"@graph\":[{\"@type\":\"WebPage\",\"@id\":\"https:\\\/\\\/www.vdhurk.nl\\\/renault-bedrijfswagens\\\/\",\"url\":\"https:\\\/\\\/www.vdhurk.nl\\\/renault-bedrijfswagens\\\/\",\"name\":\"Ontdek de kracht van innovatieve Renault bedrijfswagens\",\"isPartOf\":{\"@id\":\"https:\\\/\\\/www.vdhurk.nl\\\/#website\"},\"datePublished\":\"2024-04-15T14:15:53+00:00\",\"dateModified\":\"2024-04-16T12:10:18+00:00\",\"description\":\"Renault bedrijfswagens zijn populair onder zakelijke gebruikers. Wil je weten wat de voordelen zijn van dit merk? Lees dan snel verder.\",\"breadcrumb\":{\"@id\":\"https:\\\/\\\/www.vdhurk.nl\\\/renault-bedrijfswagens\\\/#breadcrumb\"},\"inLanguage\":\"de\",\"potentialAction\":[{\"@type\":\"ReadAction\",\"target\":[\"https:\\\/\\\/www.vdhurk.nl\\\/renault-bedrijfswagens\\\/\"]}]},{\"@type\":\"BreadcrumbList\",\"@id\":\"https:\\\/\\\/www.vdhurk.nl\\\/renault-bedrijfswagens\\\/#breadcrumb\",\"itemListElement\":[{\"@type\":\"ListItem\",\"position\":1,\"name\":\"Home\",\"item\":\"https:\\\/\\\/www.vdhurk.nl\\\/home\\\/\"},{\"@type\":\"ListItem\",\"position\":2,\"name\":\"Renault Bedrijfswagens\"}]},{\"@type\":\"WebSite\",\"@id\":\"https:\\\/\\\/www.vdhurk.nl\\\/#website\",\"url\":\"https:\\\/\\\/www.vdhurk.nl\\\/\",\"name\":\"Van den Hurk Bedrijfswagens\",\"description\":\"Van den Hurk bedrijfswagens Helmond\",\"potentialAction\":[{\"@type\":\"SearchAction\",\"target\":{\"@type\":\"EntryPoint\",\"urlTemplate\":\"https:\\\/\\\/www.vdhurk.nl\\\/?s={search_term_string}\"},\"query-input\":{\"@type\":\"PropertyValueSpecification\",\"valueRequired\":true,\"valueName\":\"search_term_string\"}}],\"inLanguage\":\"de\"}]}<\/script>\n<!-- \/ Yoast SEO plugin. -->","yoast_head_json":{"title":"Entdecken Sie die Kraft der innovativen Renault Nutzfahrzeuge","description":"Renault-Nutzfahrzeuge sind bei gewerblichen Nutzern sehr beliebt. Sie m\u00f6chten wissen, welche Vorteile diese Marke bietet? Dann lesen Sie schnell weiter.","robots":{"index":"index","follow":"follow","max-snippet":"max-snippet:-1","max-image-preview":"max-image-preview:large","max-video-preview":"max-video-preview:-1"},"canonical":"https:\/\/www.vdhurk.nl\/de\/renault-nutzfahrzeuge\/","og_locale":"de_DE","og_type":"article","og_title":"Ontdek de kracht van innovatieve Renault bedrijfswagens","og_description":"Renault bedrijfswagens zijn populair onder zakelijke gebruikers. Wil je weten wat de voordelen zijn van dit merk? Lees dan snel verder.","og_url":"https:\/\/www.vdhurk.nl\/de\/renault-nutzfahrzeuge\/","og_site_name":"Van den Hurk Bedrijfswagens","article_modified_time":"2024-04-16T12:10:18+00:00","twitter_card":"summary_large_image","twitter_misc":{"Gesch\u00e4tzte Lesezeit":"5\u00a0Minuten"},"schema":{"@context":"https:\/\/schema.org","@graph":[{"@type":"WebPage","@id":"https:\/\/www.vdhurk.nl\/renault-bedrijfswagens\/","url":"https:\/\/www.vdhurk.nl\/renault-bedrijfswagens\/","name":"Entdecken Sie die Kraft der innovativen Renault Nutzfahrzeuge","isPartOf":{"@id":"https:\/\/www.vdhurk.nl\/#website"},"datePublished":"2024-04-15T14:15:53+00:00","dateModified":"2024-04-16T12:10:18+00:00","description":"Renault-Nutzfahrzeuge sind bei gewerblichen Nutzern sehr beliebt. Sie m\u00f6chten wissen, welche Vorteile diese Marke bietet? Dann lesen Sie schnell weiter.","breadcrumb":{"@id":"https:\/\/www.vdhurk.nl\/renault-bedrijfswagens\/#breadcrumb"},"inLanguage":"de","potentialAction":[{"@type":"ReadAction","target":["https:\/\/www.vdhurk.nl\/renault-bedrijfswagens\/"]}]},{"@type":"BreadcrumbList","@id":"https:\/\/www.vdhurk.nl\/renault-bedrijfswagens\/#breadcrumb","itemListElement":[{"@type":"ListItem","position":1,"name":"Home","item":"https:\/\/www.vdhurk.nl\/home\/"},{"@type":"ListItem","position":2,"name":"Renault Bedrijfswagens"}]},{"@type":"WebSite","@id":"https:\/\/www.vdhurk.nl\/#website","url":"https:\/\/www.vdhurk.nl\/","name":"Van den Hurk Nutzfahrzeuge","description":"Van den Hurk Nutzfahrzeuge Helmond","potentialAction":[{"@type":"SearchAction","target":{"@type":"EntryPoint","urlTemplate":"https:\/\/www.vdhurk.nl\/?s={search_term_string}"},"query-input":{"@type":"PropertyValueSpecification","valueRequired":true,"valueName":"search_term_string"}}],"inLanguage":"de"}]}},"_links":{"self":[{"href":"https:\/\/www.vdhurk.nl\/de\/wp-json\/wp\/v2\/pages\/372057","targetHints":{"allow":["GET"]}}],"collection":[{"href":"https:\/\/www.vdhurk.nl\/de\/wp-json\/wp\/v2\/pages"}],"about":[{"href":"https:\/\/www.vdhurk.nl\/de\/wp-json\/wp\/v2\/types\/page"}],"author":[{"embeddable":true,"href":"https:\/\/www.vdhurk.nl\/de\/wp-json\/wp\/v2\/users\/3"}],"replies":[{"embeddable":true,"href":"https:\/\/www.vdhurk.nl\/de\/wp-json\/wp\/v2\/comments?post=372057"}],"version-history":[{"count":5,"href":"https:\/\/www.vdhurk.nl\/de\/wp-json\/wp\/v2\/pages\/372057\/revisions"}],"predecessor-version":[{"id":372298,"href":"https:\/\/www.vdhurk.nl\/de\/wp-json\/wp\/v2\/pages\/372057\/revisions\/372298"}],"wp:attachment":[{"href":"https:\/\/www.vdhurk.nl\/de\/wp-json\/wp\/v2\/media?parent=372057"}],"curies":[{"name":"wp","href":"https:\/\/api.w.org\/{rel}","templated":true}]}}