{"id":372050,"date":"2024-04-15T16:07:31","date_gmt":"2024-04-15T14:07:31","guid":{"rendered":"https:\/\/www.vdhurk.nl\/?page_id=372050"},"modified":"2024-04-16T14:08:02","modified_gmt":"2024-04-16T12:08:02","slug":"vauxhall-nutzfahrzeuge","status":"publish","type":"page","link":"https:\/\/www.vdhurk.nl\/de\/opel-bedrijfswagens\/","title":{"rendered":"Vauxhall Nutzfahrzeuge"},"content":{"rendered":"<section  class='av_textblock_section av-lu8gnh7d-4ac895489941e586c1d7c8cb72318135'  itemscope=\"itemscope\" itemtype=\"https:\/\/schema.org\/CreativeWork\" ><div class='avia_textblock'  itemprop=\"text\" ><h1><b>Nutzfahrzeuge von Vauxhall: Zuverl\u00e4ssigkeit auf jeder Meile<\/b><\/h1>\n<p>Opel ist seit Jahrhunderten ein Symbol f\u00fcr Innovation in der Automobilwelt. Opel-Nutzfahrzeuge sind auf die spezifischen Bed\u00fcrfnisse von Gesch\u00e4ftskunden zugeschnitten. Opel bietet nicht nur praktische L\u00f6sungen f\u00fcr gesch\u00e4ftliche Mobilit\u00e4t, sondern auch ein angenehmes und produktives Fahrerlebnis f\u00fcr Fahrer und Passagiere. Diese Nutzfahrzeuge zeichnen sich durch Effizienz, Zuverl\u00e4ssigkeit und Vielseitigkeit aus. In der gro\u00dfen Auswahl von Van den Hurk finden Sie sowohl einen Opel-Omnibus als auch ein neues Modell.<\/p>\n<\/div><\/section>\n\n<style type=\"text\/css\" data-created_by=\"avia_inline_auto\" id=\"style-css-av-lujjddpd-afa3d7a9eabd61123e643ed1228e781e\">\n#top .hr.hr-invisible.av-lujjddpd-afa3d7a9eabd61123e643ed1228e781e{\nheight:50px;\n}\n<\/style>\n<div  class='hr av-lujjddpd-afa3d7a9eabd61123e643ed1228e781e hr-invisible  avia-builder-el-1  el_after_av_textblock  el_before_av_codeblock'><span class='hr-inner'><span class=\"hr-inner-style\"><\/span><\/span><\/div>\n\n\n<style type=\"text\/css\" data-created_by=\"avia_inline_auto\" id=\"style-css-av-ah0xd-63338d9dc6b40410e22a712829c369d6\">\n#top .hr.hr-invisible.av-ah0xd-63338d9dc6b40410e22a712829c369d6{\nheight:50px;\n}\n<\/style>\n<div  class='hr av-ah0xd-63338d9dc6b40410e22a712829c369d6 hr-invisible  avia-builder-el-3  el_after_av_codeblock  el_before_av_buttonrow'><span class='hr-inner'><span class=\"hr-inner-style\"><\/span><\/span><\/div>\n<div  class='avia-buttonrow-wrap av-lujhssae-cff7d852879371e1ec58a3b104a5d229 avia-buttonrow-center  avia-builder-el-4  el_after_av_hr  el_before_av_hr'>\n\n<style type=\"text\/css\" data-created_by=\"avia_inline_auto\" id=\"style-css-av-lujhtay0-81df7672a41fe1b8c6caf8d4e93ff2aa\">\n#top #wrap_all .avia-button.av-lujhtay0-81df7672a41fe1b8c6caf8d4e93ff2aa{\nmargin-bottom:5px;\nmargin-right:3px;\nmargin-left:3px;\n}\n<\/style>\n<a href='https:\/\/www.vdhurk.nl\/de\/nutzfahrzeuge\/#q1bKTS3KVrJSyi9IzVHSUcovSkktSqoEChQUZWYV65UBZfPzC8Cc-ILEopLM5NKczNQiq5TU4mSlWgA'  class='avia-button av-lujhtay0-81df7672a41fe1b8c6caf8d4e93ff2aa avia-icon_select-yes-right-icon avia-size-x-large avia-color-theme-color'  ><span class='avia_iconbox_title' >Sind Sie neugierig auf die gesamte Palette der Opel-Nutzfahrzeuge? Schauen Sie doch einfach mal rein!<\/span><span class='avia_button_icon avia_button_icon_right' aria-hidden='true' data-av_icon='\ue871' data-av_iconfont='entypo-fontello'><\/span><\/a>\n<\/div>\n\n<style type=\"text\/css\" data-created_by=\"avia_inline_auto\" id=\"style-css-av-o1d5-cf77288da24053faf1b6ffbefcfc6222\">\n#top .hr.hr-invisible.av-o1d5-cf77288da24053faf1b6ffbefcfc6222{\nheight:50px;\n}\n<\/style>\n<div  class='hr av-o1d5-cf77288da24053faf1b6ffbefcfc6222 hr-invisible  avia-builder-el-5  el_after_av_buttonrow  el_before_av_textblock'><span class='hr-inner'><span class=\"hr-inner-style\"><\/span><\/span><\/div>\n<section  class='av_textblock_section av-lu8gtjw7-4f3cee9304909518d86d2860d9d582dd'  itemscope=\"itemscope\" itemtype=\"https:\/\/schema.org\/CreativeWork\" ><div class='avia_textblock'  itemprop=\"text\" ><h2><b>Die reiche Geschichte von Opel<\/b><\/h2>\n<h3><strong>Wie kam es zur Gr\u00fcndung der Marke?\u00a0<\/strong><\/h3>\n<p>Opel ist eine deutsche Automarke, die im Jahr 1862 von Adam Opel gegr\u00fcndet wurde. Das Unternehmen entwickelte sich schnell zu einem wichtigen Akteur auf dem deutschen Automobilmarkt. Im Laufe des 20. Jahrhunderts erweiterte die Marke ihre Produktion und f\u00fchrte eine Reihe beliebter Modelle ein. Schon damals war die Marke f\u00fcr ihr innovatives Design und ihre technischen Fortschritte bekannt und wurde zu einer der beliebtesten Automarken in ganz Europa.<\/p>\n<h3><b>Entwicklung im Laufe der Jahre<\/b><\/h3>\n<p>Die Entwicklung von Opel im Laufe der Jahre war sehr interessant, wenn man die Innovation und die Bereitstellung von hochwertigen Nutzfahrzeugen f\u00fcr gewerbliche Nutzer betrachtet. Opel begann sein Abenteuer in der Nutzfahrzeugbranche. Die ersten Konstruktionen waren robust und zuverl\u00e4ssig, aber oft sehr einfach. Sp\u00e4ter f\u00fchrte Opel fortschrittlichere und vielseitigere Nutzfahrzeuge ein, die den sich \u00e4ndernden Bed\u00fcrfnissen der Unternehmen besser entsprachen. Dank fortschrittlicher Technologie und komfortabler Innenausstattung geh\u00f6ren Opel-Busse und -Nutzfahrzeuge nach wie vor zu den bevorzugten Fahrzeugen f\u00fcr Gesch\u00e4ftskunden in aller Welt.<\/p>\n<h2><b>Die Merkmale der Opel-Fahrzeuge<\/b><\/h2>\n<p><span style=\"font-weight: 400;\">Vauxhall hat eine Reihe von einzigartigen Merkmalen, die sie von anderen Marken abheben:\u00a0<\/span><\/p>\n<ul>\n<li aria-level=\"1\"><strong>Deutsche Technik und Handwerkskunst:<\/strong> Die Marke ist bekannt f\u00fcr ihr Engagement f\u00fcr hochwertige deutsche Technologie und Handwerkskunst. Jedes Fahrzeug wird mit viel Liebe zum Detail entwickelt. So wird sichergestellt, dass die Nutzfahrzeuge nicht nur zuverl\u00e4ssig und langlebig sind, sondern auch einwandfrei funktionieren.<\/li>\n<li aria-level=\"1\"><b>Innovative Techniken:<\/b> Opel bleibt an der Spitze, wenn es um technologische Entwicklungen in der Autoindustrie geht. Die Marke ist st\u00e4ndig auf der Suche nach neuen Technologien, um das Fahrerlebnis zu verbessern<\/li>\n<\/ul>\n<ul>\n<li aria-level=\"1\"><b>Komfortable Innenausstattung:<\/b> Die Marke legt Wert darauf, in allen Fahrzeugen ein komfortables und ergonomisches Umfeld zu schaffen. Dadurch eignen sich die Nutzfahrzeuge auch hervorragend f\u00fcr lange Fahrten<\/li>\n<li aria-level=\"1\"><b>Umweltfreundlicher Ansatz: <\/b>Opel reagiert auf die wachsende Nachfrage nach umweltfreundlicher Mobilit\u00e4t. Das Unternehmen bietet mehrere Modelle mit effizienten Motoren und alternativen Antrieben an.<\/li>\n<\/ul>\n<ul>\n<li style=\"list-style-type: none;\"><\/li>\n<\/ul>\n<p>All diese einzigartigen Merkmale machen Vauxhall zu einer gesch\u00e4tzten und vertrauensw\u00fcrdigen Marke bei Gesch\u00e4ftskunden. Die Marke konzentriert sich auf Qualit\u00e4t, Innovation und Kundenzufriedenheit. Auf diese Weise strebt sie nach qualitativ hochwertigen Fahrzeugen und ausgezeichnetem Service.<\/p>\n<h2><b>Die Vorteile von Vauxhall: Warum sollten Sie sich f\u00fcr diese Nutzfahrzeuge entscheiden?<\/b><\/h2>\n<p>Es gibt mehrere Gr\u00fcnde, warum Sie sich f\u00fcr Vauxhall entscheiden k\u00f6nnen. Diese Wahl bringt eine Reihe von Vorteilen mit sich:<\/p>\n<h3><b>Verl\u00e4sslichkeit<\/b><\/h3>\n<p>Opel ist bekannt f\u00fcr seine zuverl\u00e4ssigen Fahrzeuge. In den vergangenen Jahrzehnten haben sie sich einen guten Ruf f\u00fcr Qualit\u00e4t und Langlebigkeit erworben. Opel-Nutzfahrzeuge geben ihren Nutzern ein gutes Gef\u00fchl, da sie sich auf ihr Fahrzeug verlassen k\u00f6nnen. Ob f\u00fcr kurze oder lange Strecken, Opel-Fahrzeuge sind f\u00fcr Sie da.<\/p>\n<h3><b>Wirkungsgrad<\/b><\/h3>\n<p>Alle Opel-Nutzfahrzeuge f\u00fcr Gesch\u00e4ftskunden sind mit Blick auf Effizienz konzipiert. Ob kraftstoffsparende Motoren, intelligente Lader\u00e4ume oder Technologien zur Optimierung des Kraftstoffverbrauchs - diese Nutzfahrzeuge bieten eine kosteneffiziente L\u00f6sung f\u00fcr gesch\u00e4ftliche Mobilit\u00e4t.<\/p>\n<h3><b>Sicherheit<\/b><\/h3>\n<p>Diese Marke legt gro\u00dfen Wert auf die Sicherheit ihrer Fahrzeuge. Deshalb werden in allen Fahrzeugen fortschrittliche Sicherheitsfunktionen eingesetzt. Von aktiven Sicherheitssystemen bis hin zu passiven Schutzsystemen bieten Opel-Nutzfahrzeuge stets ein sicheres Fahrerlebnis.<\/p>\n<h3><b>Komfort<\/b><\/h3>\n<p>Ein komfortables Fahrzeug ist unverzichtbar, vor allem, wenn Sie als Fahrer lange unterwegs sind. Deshalb verf\u00fcgen Fahrzeuge von Opel \u00fcber komfortable Innenr\u00e4ume mit ergonomischen Sitzen, die den Fahrkomfort erh\u00f6hen. So werden die Fahrstrecken viel angenehmer.<\/p>\n<h3><b>Flexibilit\u00e4t<\/b><\/h3>\n<p>Die Nutzfahrzeuge von Opel sind so konzipiert, dass sie den unterschiedlichsten gesch\u00e4ftlichen Anforderungen gerecht werden. Ob kompakte Kleintransporter oder gr\u00f6\u00dfere Nutzfahrzeuge, Opel hat das passende Fahrzeug f\u00fcr unterschiedliche Gesch\u00e4ftsaktivit\u00e4ten.<\/p>\n<h2><b>Kaufen oder leasen?<\/b><\/h2>\n<p>Als Opel-Nutzfahrzeugh\u00e4ndler bieten wir Ihnen verschiedene M\u00f6glichkeiten, wenn es um unsere Nutzfahrzeuge geht. Sie k\u00f6nnen zum Beispiel einen Opel Transporter kaufen. Der Vorteil dabei ist, dass das Fahrzeug Ihr Eigentum ist. Sie k\u00f6nnen es also umbauen oder verkaufen, wann immer Sie wollen. Au\u00dferdem haben Sie auf diese Weise keine Kilometerbeschr\u00e4nkungen und nach Ablauf der Laufzeit keine monatlichen Zahlungen zu leisten. Es ist auch m\u00f6glich, einen Opel-Bus zu leasen. Der Vorteil eines <a href=\"https:\/\/www.vdhurk.nl\/de\/finanzierungsleasing\/\">Firmenwagenleasing<\/a> ist, dass Sie oft niedrigere Anschaffungskosten haben als beim Kauf. Au\u00dferdem sind die Wartungs- und Reparaturkosten inbegriffen.<\/p>\n<\/div><\/section>","protected":false},"excerpt":{"rendered":"","protected":false},"author":3,"featured_media":0,"parent":0,"menu_order":0,"comment_status":"closed","ping_status":"closed","template":"","meta":{"_acf_changed":false,"_improvement_type_select":"improve_an_existing","_thumb_yes_seoaic":false,"_frame_yes_seoaic":false,"seoaic_generate_description":"","seoaic_improve_instructions_prompt":"","seoaic_rollback_content_improvement":"","seoaic_idea_thumbnail_generator":"","thumbnail_generated":false,"thumbnail_generate_prompt":"","seoaic_article_description":"","footnotes":""},"class_list":["post-372050","page","type-page","status-publish","hentry"],"acf":[],"yoast_head":"<!-- This site is optimized with the Yoast SEO plugin v27.2 - https:\/\/yoast.com\/product\/yoast-seo-wordpress\/ -->\n<title>Opel bedrijfswagens kopen of leasen? Ontdek het aanbod.<\/title>\n<meta name=\"description\" content=\"Bekijk het aanbod aan verschillende Opel bedrijfswagens en vind jouw geschikte wagen. Ga jij voor kopen of kies je om een bedrijfswagen te leasen?\" \/>\n<meta name=\"robots\" content=\"index, follow, max-snippet:-1, max-image-preview:large, max-video-preview:-1\" \/>\n<link rel=\"canonical\" href=\"https:\/\/www.vdhurk.nl\/de\/vauxhall-nutzfahrzeuge\/\" \/>\n<meta property=\"og:locale\" content=\"de_DE\" \/>\n<meta property=\"og:type\" content=\"article\" \/>\n<meta property=\"og:title\" content=\"Opel bedrijfswagens kopen of leasen? Ontdek het aanbod.\" \/>\n<meta property=\"og:description\" content=\"Bekijk het aanbod aan verschillende Opel bedrijfswagens en vind jouw geschikte wagen. Ga jij voor kopen of kies je om een bedrijfswagen te leasen?\" \/>\n<meta property=\"og:url\" content=\"https:\/\/www.vdhurk.nl\/de\/vauxhall-nutzfahrzeuge\/\" \/>\n<meta property=\"og:site_name\" content=\"Van den Hurk Bedrijfswagens\" \/>\n<meta property=\"article:modified_time\" content=\"2024-04-16T12:08:02+00:00\" \/>\n<meta name=\"twitter:card\" content=\"summary_large_image\" \/>\n<meta name=\"twitter:label1\" content=\"Gesch\u00e4tzte Lesezeit\" \/>\n\t<meta name=\"twitter:data1\" content=\"5\u00a0Minuten\" \/>\n<script type=\"application\/ld+json\" class=\"yoast-schema-graph\">{\"@context\":\"https:\/\/schema.org\",\"@graph\":[{\"@type\":\"WebPage\",\"@id\":\"https:\/\/www.vdhurk.nl\/opel-bedrijfswagens\/\",\"url\":\"https:\/\/www.vdhurk.nl\/opel-bedrijfswagens\/\",\"name\":\"Opel bedrijfswagens kopen of leasen? Ontdek het aanbod.\",\"isPartOf\":{\"@id\":\"https:\/\/www.vdhurk.nl\/#website\"},\"datePublished\":\"2024-04-15T14:07:31+00:00\",\"dateModified\":\"2024-04-16T12:08:02+00:00\",\"description\":\"Bekijk het aanbod aan verschillende Opel bedrijfswagens en vind jouw geschikte wagen. Ga jij voor kopen of kies je om een bedrijfswagen te leasen?\",\"breadcrumb\":{\"@id\":\"https:\/\/www.vdhurk.nl\/opel-bedrijfswagens\/#breadcrumb\"},\"inLanguage\":\"de\",\"potentialAction\":[{\"@type\":\"ReadAction\",\"target\":[\"https:\/\/www.vdhurk.nl\/opel-bedrijfswagens\/\"]}]},{\"@type\":\"BreadcrumbList\",\"@id\":\"https:\/\/www.vdhurk.nl\/opel-bedrijfswagens\/#breadcrumb\",\"itemListElement\":[{\"@type\":\"ListItem\",\"position\":1,\"name\":\"Home\",\"item\":\"https:\/\/www.vdhurk.nl\/home\/\"},{\"@type\":\"ListItem\",\"position\":2,\"name\":\"Opel Bedrijfswagens\"}]},{\"@type\":\"WebSite\",\"@id\":\"https:\/\/www.vdhurk.nl\/#website\",\"url\":\"https:\/\/www.vdhurk.nl\/\",\"name\":\"Van den Hurk Bedrijfswagens\",\"description\":\"Van den Hurk bedrijfswagens Helmond\",\"potentialAction\":[{\"@type\":\"SearchAction\",\"target\":{\"@type\":\"EntryPoint\",\"urlTemplate\":\"https:\/\/www.vdhurk.nl\/?s={search_term_string}\"},\"query-input\":{\"@type\":\"PropertyValueSpecification\",\"valueRequired\":true,\"valueName\":\"search_term_string\"}}],\"inLanguage\":\"de\"}]}<\/script>\n<!-- \/ Yoast SEO plugin. -->","yoast_head_json":{"title":"Vauxhall Nutzfahrzeuge kaufen oder leasen? Entdecken Sie das Angebot.","description":"Informieren Sie sich \u00fcber die verschiedenen Nutzfahrzeuge von Vauxhall und finden Sie Ihr passendes Fahrzeug. Wollen Sie ein Nutzfahrzeug kaufen oder leasen?","robots":{"index":"index","follow":"follow","max-snippet":"max-snippet:-1","max-image-preview":"max-image-preview:large","max-video-preview":"max-video-preview:-1"},"canonical":"https:\/\/www.vdhurk.nl\/de\/vauxhall-nutzfahrzeuge\/","og_locale":"de_DE","og_type":"article","og_title":"Opel bedrijfswagens kopen of leasen? Ontdek het aanbod.","og_description":"Bekijk het aanbod aan verschillende Opel bedrijfswagens en vind jouw geschikte wagen. Ga jij voor kopen of kies je om een bedrijfswagen te leasen?","og_url":"https:\/\/www.vdhurk.nl\/de\/vauxhall-nutzfahrzeuge\/","og_site_name":"Van den Hurk Bedrijfswagens","article_modified_time":"2024-04-16T12:08:02+00:00","twitter_card":"summary_large_image","twitter_misc":{"Gesch\u00e4tzte Lesezeit":"5\u00a0Minuten"},"schema":{"@context":"https:\/\/schema.org","@graph":[{"@type":"WebPage","@id":"https:\/\/www.vdhurk.nl\/opel-bedrijfswagens\/","url":"https:\/\/www.vdhurk.nl\/opel-bedrijfswagens\/","name":"Vauxhall Nutzfahrzeuge kaufen oder leasen? Entdecken Sie das Angebot.","isPartOf":{"@id":"https:\/\/www.vdhurk.nl\/#website"},"datePublished":"2024-04-15T14:07:31+00:00","dateModified":"2024-04-16T12:08:02+00:00","description":"Informieren Sie sich \u00fcber die verschiedenen Nutzfahrzeuge von Vauxhall und finden Sie Ihr passendes Fahrzeug. Wollen Sie ein Nutzfahrzeug kaufen oder leasen?","breadcrumb":{"@id":"https:\/\/www.vdhurk.nl\/opel-bedrijfswagens\/#breadcrumb"},"inLanguage":"de","potentialAction":[{"@type":"ReadAction","target":["https:\/\/www.vdhurk.nl\/opel-bedrijfswagens\/"]}]},{"@type":"BreadcrumbList","@id":"https:\/\/www.vdhurk.nl\/opel-bedrijfswagens\/#breadcrumb","itemListElement":[{"@type":"ListItem","position":1,"name":"Home","item":"https:\/\/www.vdhurk.nl\/home\/"},{"@type":"ListItem","position":2,"name":"Opel Bedrijfswagens"}]},{"@type":"WebSite","@id":"https:\/\/www.vdhurk.nl\/#website","url":"https:\/\/www.vdhurk.nl\/","name":"Van den Hurk Nutzfahrzeuge","description":"Van den Hurk Nutzfahrzeuge Helmond","potentialAction":[{"@type":"SearchAction","target":{"@type":"EntryPoint","urlTemplate":"https:\/\/www.vdhurk.nl\/?s={search_term_string}"},"query-input":{"@type":"PropertyValueSpecification","valueRequired":true,"valueName":"search_term_string"}}],"inLanguage":"de"}]}},"_links":{"self":[{"href":"https:\/\/www.vdhurk.nl\/de\/wp-json\/wp\/v2\/pages\/372050","targetHints":{"allow":["GET"]}}],"collection":[{"href":"https:\/\/www.vdhurk.nl\/de\/wp-json\/wp\/v2\/pages"}],"about":[{"href":"https:\/\/www.vdhurk.nl\/de\/wp-json\/wp\/v2\/types\/page"}],"author":[{"embeddable":true,"href":"https:\/\/www.vdhurk.nl\/de\/wp-json\/wp\/v2\/users\/3"}],"replies":[{"embeddable":true,"href":"https:\/\/www.vdhurk.nl\/de\/wp-json\/wp\/v2\/comments?post=372050"}],"version-history":[{"count":6,"href":"https:\/\/www.vdhurk.nl\/de\/wp-json\/wp\/v2\/pages\/372050\/revisions"}],"predecessor-version":[{"id":372295,"href":"https:\/\/www.vdhurk.nl\/de\/wp-json\/wp\/v2\/pages\/372050\/revisions\/372295"}],"wp:attachment":[{"href":"https:\/\/www.vdhurk.nl\/de\/wp-json\/wp\/v2\/media?parent=372050"}],"curies":[{"name":"wp","href":"https:\/\/api.w.org\/{rel}","templated":true}]}}