{"id":370581,"date":"2024-04-16T14:08:59","date_gmt":"2024-04-16T12:08:59","guid":{"rendered":"https:\/\/www.vdhurk.nl\/?page_id=370581"},"modified":"2024-04-16T14:09:23","modified_gmt":"2024-04-16T12:09:23","slug":"peugeot-nutzfahrzeuge","status":"publish","type":"page","link":"https:\/\/www.vdhurk.nl\/de\/peugeot-bedrijfswagens\/","title":{"rendered":"Peugeot Nutzfahrzeuge"},"content":{"rendered":"<section  class='av_textblock_section av-lu8gnh7d-4ac895489941e586c1d7c8cb72318135'  itemscope=\"itemscope\" itemtype=\"https:\/\/schema.org\/CreativeWork\" ><div class='avia_textblock'  itemprop=\"text\" ><h1>Mit Peugeot-Nutzfahrzeugen zum Erfolg<\/h1>\n<p>Peugeot Nutzfahrzeuge sind ideal f\u00fcr gewerbliche Nutzer. Ob Sie t\u00e4glich im hektischen Stadtverkehr fahren, lange Strecken auf der Autobahn zur\u00fccklegen oder auf Baustellen t\u00e4tig sind, Peugeot bietet f\u00fcr jeden Einsatzzweck eine L\u00f6sung. Van den Hurk hat verschiedene Nutzfahrzeugtypen dieser Marke unter einem Dach. So finden Sie immer die perfekte L\u00f6sung f\u00fcr Ihre gesch\u00e4ftlichen Anforderungen.<\/p>\n<\/div><\/section>\n\n<style type=\"text\/css\" data-created_by=\"avia_inline_auto\" id=\"style-css-av-lujjddpd-afa3d7a9eabd61123e643ed1228e781e\">\n#top .hr.hr-invisible.av-lujjddpd-afa3d7a9eabd61123e643ed1228e781e{\nheight:50px;\n}\n<\/style>\n<div  class='hr av-lujjddpd-afa3d7a9eabd61123e643ed1228e781e hr-invisible  avia-builder-el-1  el_after_av_textblock  el_before_av_codeblock'><span class='hr-inner'><span class=\"hr-inner-style\"><\/span><\/span><\/div>\n\n\n<style type=\"text\/css\" data-created_by=\"avia_inline_auto\" id=\"style-css-av-ah0xd-63338d9dc6b40410e22a712829c369d6\">\n#top .hr.hr-invisible.av-ah0xd-63338d9dc6b40410e22a712829c369d6{\nheight:50px;\n}\n<\/style>\n<div  class='hr av-ah0xd-63338d9dc6b40410e22a712829c369d6 hr-invisible  avia-builder-el-3  el_after_av_codeblock  el_before_av_buttonrow'><span class='hr-inner'><span class=\"hr-inner-style\"><\/span><\/span><\/div>\n<div  class='avia-buttonrow-wrap av-lujhssae-cff7d852879371e1ec58a3b104a5d229 avia-buttonrow-center  avia-builder-el-4  el_after_av_hr  el_before_av_hr'>\n\n<style type=\"text\/css\" data-created_by=\"avia_inline_auto\" id=\"style-css-av-lujhtay0-9b18704c776ba6fc9d37e1c1e0e9f10b\">\n#top #wrap_all .avia-button.av-lujhtay0-9b18704c776ba6fc9d37e1c1e0e9f10b{\nmargin-bottom:5px;\nmargin-right:3px;\nmargin-left:3px;\n}\n<\/style>\n<a href='https:\/\/www.vdhurk.nl\/de\/nutzfahrzeuge\/#q1bKTS3KVrJSKkgtTU_NL1HSUcovSkktSqoEiRVlZhXrlQEV5OcXgDnxBYlFJZnJpTmZqUVWKanFyUq1AA'  class='avia-button av-lujhtay0-9b18704c776ba6fc9d37e1c1e0e9f10b avia-icon_select-yes-right-icon avia-size-x-large avia-color-theme-color'  ><span class='avia_iconbox_title' >Sind Sie neugierig auf die gesamte Palette der Peugeot-Nutzfahrzeuge? Schauen Sie doch einfach mal rein!<\/span><span class='avia_button_icon avia_button_icon_right' aria-hidden='true' data-av_icon='\ue871' data-av_iconfont='entypo-fontello'><\/span><\/a>\n<\/div>\n\n<style type=\"text\/css\" data-created_by=\"avia_inline_auto\" id=\"style-css-av-o1d5-cf77288da24053faf1b6ffbefcfc6222\">\n#top .hr.hr-invisible.av-o1d5-cf77288da24053faf1b6ffbefcfc6222{\nheight:50px;\n}\n<\/style>\n<div  class='hr av-o1d5-cf77288da24053faf1b6ffbefcfc6222 hr-invisible  avia-builder-el-5  el_after_av_buttonrow  el_before_av_textblock'><span class='hr-inner'><span class=\"hr-inner-style\"><\/span><\/span><\/div>\n<section  class='av_textblock_section av-lu8gtjw7-4f3cee9304909518d86d2860d9d582dd'  itemscope=\"itemscope\" itemtype=\"https:\/\/schema.org\/CreativeWork\" ><div class='avia_textblock'  itemprop=\"text\" ><h2><b>Die Entstehung und Entwicklung von Peugeot<\/b><\/h2>\n<p>Peugeot ist eine der \u00e4ltesten noch existierenden Automarken der Welt und blickt auf eine lange Geschichte zur\u00fcck. Seitdem hat sich Peugeot zu einem f\u00fchrenden Hersteller von Pkw und Nutzfahrzeugen entwickelt, dessen Schwerpunkt auf Innovation und Handwerkskunst liegt. Im Laufe der Jahre hat Peugeot sein Angebot auf eine breite Palette verschiedener Fahrzeuge ausgeweitet. In den letzten Jahren hat sich die Marke auch auf die Elektrifizierung und Nachhaltigkeit konzentriert. Durch Innovation und Engagement f\u00fcr Qualit\u00e4t bleibt Peugeot eine der anerkanntesten und respektiertesten Automarken weltweit.<\/p>\n<h2><b>Entscheidung f\u00fcr Peugeot: Welche Vorteile gibt es? <\/b><\/h2>\n<p><b><\/b>Die Busse und Nutzfahrzeuge von Peugeot sind f\u00fcr gewerbliche Nutzer eine sehr gute Wahl. Das liegt an ihren vielen Vorteilen:<\/p>\n<ul>\n<li><b>Verl\u00e4sslichkeit: <\/b>Nutzfahrzeuge von Peugeot sind f\u00fcr ihre Zuverl\u00e4ssigkeit und Langlebigkeit bekannt. Unternehmen k\u00f6nnen sich jederzeit auf die Marke verlassen, sowohl bei kurzen als auch bei langen Strecken. Peugeot bringt Sie von A nach B, ohne technische Probleme.<\/li>\n<li><b>Effizienz: <\/b>Die Gesch\u00e4ftswagen der Marke sind auf Effizienz ausgelegt. Das hei\u00dft, sie sind kraftstoffsparend und wartungsarm. Diese Eigenschaften helfen Unternehmen, die Betriebskosten zu senken und die Rentabilit\u00e4t zu verbessern.<\/li>\n<li><b>Sicherheit: <\/b>Sicherheit steht bei Peugeot an erster Stelle. Das gilt auch f\u00fcr ihre Nutzfahrzeuge. Mit fortschrittlichen Sicherheitsmerkmalen und Fahrassistenzsystemen bieten die Nutzfahrzeuge von Peugeot sowohl dem Fahrer als auch den Passagieren ein sicheres Gef\u00fchl.<\/li>\n<li><b>Flexibilit\u00e4t: <\/b>Gesch\u00e4ftswagen sind in verschiedenen Modellen und Konfigurationen erh\u00e4ltlich. So k\u00f6nnen sie die unterschiedlichen Bed\u00fcrfnisse von Unternehmen erf\u00fcllen. Peugeot hat f\u00fcr jedes Unternehmen das richtige Fahrzeug.<\/li>\n<li><b>Komfort und Konnektivit\u00e4t: <\/b>Sie profitieren nicht nur von praktischen Vorteilen, sondern auch von Komfort und Konnektivit\u00e4t f\u00fcr Fahrer und Beifahrer. Die Fahrzeuge verf\u00fcgen \u00fcber ein modernes Interieur, ergonomisch gestaltete Sitze und fortschrittliche Systeme. So wird jede Fahrt mit einem Peugeot angenehm und produktiv.<\/li>\n<\/ul>\n<h2><b>Die gesch\u00e4ftliche Nutzung von Peugeot<\/b><\/h2>\n<p>Die Nutzfahrzeuge von Peugeot werden weltweit von Unternehmen in verschiedenen Branchen und damit f\u00fcr eine Vielzahl von Gesch\u00e4ftszwecken eingesetzt. So nutzen viele Unternehmen die Nutzfahrzeuge f\u00fcr Transport und Vertrieb. Dar\u00fcber hinaus werden die Nutzfahrzeuge f\u00fcr Unternehmensdienstleistungen, wie zum Beispiel Montagearbeiten, eingesetzt. Die komfortable Innenausstattung, die fortschrittliche Technik und die vielseitigen Lader\u00e4ume machen die Nutzfahrzeuge ideal f\u00fcr die Erf\u00fcllung von Aufgaben im Stra\u00dfenverkehr. Dar\u00fcber hinaus spielen diese Nutzfahrzeuge eine Rolle bei den logistischen und betrieblichen Aktivit\u00e4ten der Unternehmen.<\/p>\n<h2><b>Entscheiden Sie sich f\u00fcr neu oder gebraucht?<\/b><\/h2>\n<p>Bei Van den Hurk haben Sie die Wahl zwischen neuen und gebrauchten Peugeot-Bussen. Neufahrzeuge bieten die neueste Technologie und Leistung, um den Anforderungen moderner Unternehmen gerecht zu werden. Unternehmen profitieren von einem zuverl\u00e4ssigen und vielseitigen Fahrzeug, das mit einer hervorragenden Sicherheitsausstattung und leistungsstarken Motoren ausgestattet ist. Ein Peugeot-Bus ist eine erschwingliche Alternative f\u00fcr Unternehmen, die ein hochwertiges Nutzfahrzeug zu einem relativ niedrigen Preis suchen. Diese Option erm\u00f6glicht es Unternehmen, ein Fahrzeug zu nutzen, das gut funktioniert und zuverl\u00e4ssig ist.<\/p>\n<h2><b>Verschiedene Modelle<\/b><\/h2>\n<p>Peugeot bietet verschiedene Modelle von Nutzfahrzeugen an, die f\u00fcr den gesch\u00e4ftlichen Einsatz geeignet sind. Als Peugeot-Nutzfahrzeugh\u00e4ndler finden Sie in unserem Angebot:<\/p>\n<ul>\n<li><strong>Peugeot Boxer Gelegenheit<\/strong>Dieses Modell ist ein gro\u00dfer Transporter, der sich gut f\u00fcr schwere Lasten und lange Strecken eignet. Mit seiner robusten Konstruktion und den leistungsstarken Motoren kann das Fahrzeug gro\u00dfe Mengen an G\u00fctern leicht und effizient transportieren.<\/li>\n<li><strong>Peugeot Partner Gelegenheit:<\/strong> Dies ist ein kompakter Transporter, der f\u00fcr seine Vielseitigkeit und Benutzerfreundlichkeit bekannt ist. Mit seinem ger\u00e4umigen Laderaum und den meisten praktischen Funktionen eignet sich dieses Modell zum Beispiel hervorragend f\u00fcr Lieferungen in der Stadt und gesch\u00e4ftliche Aktivit\u00e4ten.<\/li>\n<li><strong>Peugeot Experte Anlass:<\/strong> Dieser Mid-Size-Van zeichnet sich durch Komfort und Leistung aus. Dar\u00fcber hinaus bietet dieses Modell Optionen f\u00fcr verschiedene Gesch\u00e4ftsanwendungen.<\/li>\n<\/ul>\n<h2><b>Profitieren Sie von Qualit\u00e4t und Service<\/b><\/h2>\n<p>Bei Van den Hurk finden Sie verschiedene Nutzfahrzeuge f\u00fcr den gesch\u00e4ftlichen Einsatz. Bei uns sind Sie sicher, dass Sie zuverl\u00e4ssige und qualit\u00e4tsorientierte Nutzfahrzeuge erhalten. Au\u00dferdem k\u00f6nnen Sie einen Peugeot-Bus entweder leasen oder kaufen. Wir helfen Ihnen gerne dabei, die beste Option f\u00fcr Ihre Zwecke zu finden.<\/p>\n<\/div><\/section>","protected":false},"excerpt":{"rendered":"","protected":false},"author":3,"featured_media":0,"parent":0,"menu_order":0,"comment_status":"closed","ping_status":"closed","template":"","meta":{"_acf_changed":false,"_improvement_type_select":"improve_an_existing","_thumb_yes_seoaic":false,"_frame_yes_seoaic":false,"seoaic_generate_description":"","seoaic_improve_instructions_prompt":"","seoaic_rollback_content_improvement":"","seoaic_idea_thumbnail_generator":"","thumbnail_generated":false,"thumbnail_generate_prompt":"","seoaic_article_description":"","footnotes":""},"class_list":["post-370581","page","type-page","status-publish","hentry"],"acf":[],"yoast_head":"<!-- This site is optimized with the Yoast SEO plugin v27.2 - https:\/\/yoast.com\/product\/yoast-seo-wordpress\/ -->\n<title>Peugeot bedrijfswagens: d\u00e9 match voor je zakelijke behoeften!<\/title>\n<meta name=\"description\" content=\"Rijd vooruit met Peugeot bedrijfswagens: effici\u00ebntie, innovatie en betrouwbaarheid in \u00e9\u00e9n! Ontdek het ruime aanbod van Peugeot.\" \/>\n<meta name=\"robots\" content=\"index, follow, max-snippet:-1, max-image-preview:large, max-video-preview:-1\" \/>\n<link rel=\"canonical\" href=\"https:\/\/www.vdhurk.nl\/de\/peugeot-nutzfahrzeuge\/\" \/>\n<meta property=\"og:locale\" content=\"de_DE\" \/>\n<meta property=\"og:type\" content=\"article\" \/>\n<meta property=\"og:title\" content=\"Peugeot bedrijfswagens: d\u00e9 match voor je zakelijke behoeften!\" \/>\n<meta property=\"og:description\" content=\"Rijd vooruit met Peugeot bedrijfswagens: effici\u00ebntie, innovatie en betrouwbaarheid in \u00e9\u00e9n! Ontdek het ruime aanbod van Peugeot.\" \/>\n<meta property=\"og:url\" content=\"https:\/\/www.vdhurk.nl\/de\/peugeot-nutzfahrzeuge\/\" \/>\n<meta property=\"og:site_name\" content=\"Van den Hurk Bedrijfswagens\" \/>\n<meta property=\"article:modified_time\" content=\"2024-04-16T12:09:23+00:00\" \/>\n<meta name=\"twitter:card\" content=\"summary_large_image\" \/>\n<meta name=\"twitter:label1\" content=\"Gesch\u00e4tzte Lesezeit\" \/>\n\t<meta name=\"twitter:data1\" content=\"5\u00a0Minuten\" \/>\n<script type=\"application\/ld+json\" class=\"yoast-schema-graph\">{\"@context\":\"https:\/\/schema.org\",\"@graph\":[{\"@type\":\"WebPage\",\"@id\":\"https:\/\/www.vdhurk.nl\/peugeot-bedrijfswagens\/\",\"url\":\"https:\/\/www.vdhurk.nl\/peugeot-bedrijfswagens\/\",\"name\":\"Peugeot bedrijfswagens: d\u00e9 match voor je zakelijke behoeften!\",\"isPartOf\":{\"@id\":\"https:\/\/www.vdhurk.nl\/#website\"},\"datePublished\":\"2024-04-16T12:08:59+00:00\",\"dateModified\":\"2024-04-16T12:09:23+00:00\",\"description\":\"Rijd vooruit met Peugeot bedrijfswagens: effici\u00ebntie, innovatie en betrouwbaarheid in \u00e9\u00e9n! Ontdek het ruime aanbod van Peugeot.\",\"breadcrumb\":{\"@id\":\"https:\/\/www.vdhurk.nl\/peugeot-bedrijfswagens\/#breadcrumb\"},\"inLanguage\":\"de\",\"potentialAction\":[{\"@type\":\"ReadAction\",\"target\":[\"https:\/\/www.vdhurk.nl\/peugeot-bedrijfswagens\/\"]}]},{\"@type\":\"BreadcrumbList\",\"@id\":\"https:\/\/www.vdhurk.nl\/peugeot-bedrijfswagens\/#breadcrumb\",\"itemListElement\":[{\"@type\":\"ListItem\",\"position\":1,\"name\":\"Home\",\"item\":\"https:\/\/www.vdhurk.nl\/home\/\"},{\"@type\":\"ListItem\",\"position\":2,\"name\":\"Peugeot Bedrijfswagens\"}]},{\"@type\":\"WebSite\",\"@id\":\"https:\/\/www.vdhurk.nl\/#website\",\"url\":\"https:\/\/www.vdhurk.nl\/\",\"name\":\"Van den Hurk Bedrijfswagens\",\"description\":\"Van den Hurk bedrijfswagens Helmond\",\"potentialAction\":[{\"@type\":\"SearchAction\",\"target\":{\"@type\":\"EntryPoint\",\"urlTemplate\":\"https:\/\/www.vdhurk.nl\/?s={search_term_string}\"},\"query-input\":{\"@type\":\"PropertyValueSpecification\",\"valueRequired\":true,\"valueName\":\"search_term_string\"}}],\"inLanguage\":\"de\"}]}<\/script>\n<!-- \/ Yoast SEO plugin. -->","yoast_head_json":{"title":"Peugeot-Nutzfahrzeuge: die passende L\u00f6sung f\u00fcr Ihre gesch\u00e4ftlichen Anforderungen!","description":"Fahren Sie vorw\u00e4rts mit den Nutzfahrzeugen von Peugeot: Effizienz, Innovation und Zuverl\u00e4ssigkeit in einem! Entdecken Sie die breite Palette von Peugeot Fahrzeugen.","robots":{"index":"index","follow":"follow","max-snippet":"max-snippet:-1","max-image-preview":"max-image-preview:large","max-video-preview":"max-video-preview:-1"},"canonical":"https:\/\/www.vdhurk.nl\/de\/peugeot-nutzfahrzeuge\/","og_locale":"de_DE","og_type":"article","og_title":"Peugeot bedrijfswagens: d\u00e9 match voor je zakelijke behoeften!","og_description":"Rijd vooruit met Peugeot bedrijfswagens: effici\u00ebntie, innovatie en betrouwbaarheid in \u00e9\u00e9n! Ontdek het ruime aanbod van Peugeot.","og_url":"https:\/\/www.vdhurk.nl\/de\/peugeot-nutzfahrzeuge\/","og_site_name":"Van den Hurk Bedrijfswagens","article_modified_time":"2024-04-16T12:09:23+00:00","twitter_card":"summary_large_image","twitter_misc":{"Gesch\u00e4tzte Lesezeit":"5\u00a0Minuten"},"schema":{"@context":"https:\/\/schema.org","@graph":[{"@type":"WebPage","@id":"https:\/\/www.vdhurk.nl\/peugeot-bedrijfswagens\/","url":"https:\/\/www.vdhurk.nl\/peugeot-bedrijfswagens\/","name":"Peugeot-Nutzfahrzeuge: die passende L\u00f6sung f\u00fcr Ihre gesch\u00e4ftlichen Anforderungen!","isPartOf":{"@id":"https:\/\/www.vdhurk.nl\/#website"},"datePublished":"2024-04-16T12:08:59+00:00","dateModified":"2024-04-16T12:09:23+00:00","description":"Fahren Sie vorw\u00e4rts mit den Nutzfahrzeugen von Peugeot: Effizienz, Innovation und Zuverl\u00e4ssigkeit in einem! Entdecken Sie die breite Palette von Peugeot Fahrzeugen.","breadcrumb":{"@id":"https:\/\/www.vdhurk.nl\/peugeot-bedrijfswagens\/#breadcrumb"},"inLanguage":"de","potentialAction":[{"@type":"ReadAction","target":["https:\/\/www.vdhurk.nl\/peugeot-bedrijfswagens\/"]}]},{"@type":"BreadcrumbList","@id":"https:\/\/www.vdhurk.nl\/peugeot-bedrijfswagens\/#breadcrumb","itemListElement":[{"@type":"ListItem","position":1,"name":"Home","item":"https:\/\/www.vdhurk.nl\/home\/"},{"@type":"ListItem","position":2,"name":"Peugeot Bedrijfswagens"}]},{"@type":"WebSite","@id":"https:\/\/www.vdhurk.nl\/#website","url":"https:\/\/www.vdhurk.nl\/","name":"Van den Hurk Nutzfahrzeuge","description":"Van den Hurk Nutzfahrzeuge Helmond","potentialAction":[{"@type":"SearchAction","target":{"@type":"EntryPoint","urlTemplate":"https:\/\/www.vdhurk.nl\/?s={search_term_string}"},"query-input":{"@type":"PropertyValueSpecification","valueRequired":true,"valueName":"search_term_string"}}],"inLanguage":"de"}]}},"_links":{"self":[{"href":"https:\/\/www.vdhurk.nl\/de\/wp-json\/wp\/v2\/pages\/370581","targetHints":{"allow":["GET"]}}],"collection":[{"href":"https:\/\/www.vdhurk.nl\/de\/wp-json\/wp\/v2\/pages"}],"about":[{"href":"https:\/\/www.vdhurk.nl\/de\/wp-json\/wp\/v2\/types\/page"}],"author":[{"embeddable":true,"href":"https:\/\/www.vdhurk.nl\/de\/wp-json\/wp\/v2\/users\/3"}],"replies":[{"embeddable":true,"href":"https:\/\/www.vdhurk.nl\/de\/wp-json\/wp\/v2\/comments?post=370581"}],"version-history":[{"count":7,"href":"https:\/\/www.vdhurk.nl\/de\/wp-json\/wp\/v2\/pages\/370581\/revisions"}],"predecessor-version":[{"id":372297,"href":"https:\/\/www.vdhurk.nl\/de\/wp-json\/wp\/v2\/pages\/370581\/revisions\/372297"}],"wp:attachment":[{"href":"https:\/\/www.vdhurk.nl\/de\/wp-json\/wp\/v2\/media?parent=370581"}],"curies":[{"name":"wp","href":"https:\/\/api.w.org\/{rel}","templated":true}]}}