{"id":370573,"date":"2024-04-10T17:35:04","date_gmt":"2024-04-10T15:35:04","guid":{"rendered":"https:\/\/www.vdhurk.nl\/?page_id=370573"},"modified":"2024-04-15T16:55:46","modified_gmt":"2024-04-15T14:55:46","slug":"mercedes-9","status":"publish","type":"page","link":"https:\/\/www.vdhurk.nl\/de\/mercedes-bedrijfswagens\/","title":{"rendered":"Mercedes Nutzfahrzeuge"},"content":{"rendered":"<section  class='av_textblock_section av-lu8gnh7d-4ac895489941e586c1d7c8cb72318135'  itemscope=\"itemscope\" itemtype=\"https:\/\/schema.org\/CreativeWork\" ><div class='avia_textblock'  itemprop=\"text\" ><h1>Entdecken Sie die Kraft der Mercedes-Nutzfahrzeuge<\/h1>\n<p>Mercedes-Nutzfahrzeuge stehen f\u00fcr Qualit\u00e4t, Zuverl\u00e4ssigkeit und Innovation. Als f\u00fchrende Marke in der Automobilindustrie bietet Mercedes ein umfassendes Angebot an Nutzfahrzeugen f\u00fcr die unterschiedlichen Bed\u00fcrfnisse von Unternehmern und Unternehmen. Mercedes kombiniert fortschrittliche Technologien mit anspruchsvollem Design. So k\u00f6nnen sich gewerbliche Nutzer auf optimale Leistung, Komfort und Effizienz verlassen. Da die Marke stets innovativ ist, setzt sie weiterhin den Standard f\u00fcr Nutzfahrzeuge weltweit.<\/p>\n<\/div><\/section>\n\n<style type=\"text\/css\" data-created_by=\"avia_inline_auto\" id=\"style-css-av-lujjddpd-afa3d7a9eabd61123e643ed1228e781e\">\n#top .hr.hr-invisible.av-lujjddpd-afa3d7a9eabd61123e643ed1228e781e{\nheight:50px;\n}\n<\/style>\n<div  class='hr av-lujjddpd-afa3d7a9eabd61123e643ed1228e781e hr-invisible  avia-builder-el-1  el_after_av_textblock  el_before_av_codeblock'><span class='hr-inner'><span class=\"hr-inner-style\"><\/span><\/span><\/div>\n\n\n<style type=\"text\/css\" data-created_by=\"avia_inline_auto\" id=\"style-css-av-ah0xd-63338d9dc6b40410e22a712829c369d6\">\n#top .hr.hr-invisible.av-ah0xd-63338d9dc6b40410e22a712829c369d6{\nheight:50px;\n}\n<\/style>\n<div  class='hr av-ah0xd-63338d9dc6b40410e22a712829c369d6 hr-invisible  avia-builder-el-3  el_after_av_codeblock  el_before_av_buttonrow'><span class='hr-inner'><span class=\"hr-inner-style\"><\/span><\/span><\/div>\n<div  class='avia-buttonrow-wrap av-lujhssae-cff7d852879371e1ec58a3b104a5d229 avia-buttonrow-center  avia-builder-el-4  el_after_av_hr  el_before_av_hr'>\n\n<style type=\"text\/css\" data-created_by=\"avia_inline_auto\" id=\"style-css-av-lujhtay0-149e4ab69c7860478a93da9d8e7b74c4\">\n#top #wrap_all .avia-button.av-lujhtay0-149e4ab69c7860478a93da9d8e7b74c4{\nmargin-bottom:5px;\nmargin-right:3px;\nmargin-left:3px;\n}\n<\/style>\n<a href='https:\/\/www.vdhurk.nl\/de\/nutzfahrzeuge\/#q1bKTS3KVrICUcmpKanFukmpeVVKOkr5RSmpRUmVQJmCosysYr0yoLL8_AIwJ74gsagkM7k0JzO1yAqoJ1mpFgA'  class='avia-button av-lujhtay0-149e4ab69c7860478a93da9d8e7b74c4 avia-icon_select-yes-right-icon avia-size-x-large avia-color-theme-color'  ><span class='avia_iconbox_title' >Sind Sie neugierig auf die gesamte Palette der Mercedes-Nutzfahrzeuge? Schauen Sie doch einfach mal rein!<\/span><span class='avia_button_icon avia_button_icon_right' aria-hidden='true' data-av_icon='\ue871' data-av_iconfont='entypo-fontello'><\/span><\/a>\n<\/div>\n\n<style type=\"text\/css\" data-created_by=\"avia_inline_auto\" id=\"style-css-av-o1d5-cf77288da24053faf1b6ffbefcfc6222\">\n#top .hr.hr-invisible.av-o1d5-cf77288da24053faf1b6ffbefcfc6222{\nheight:50px;\n}\n<\/style>\n<div  class='hr av-o1d5-cf77288da24053faf1b6ffbefcfc6222 hr-invisible  avia-builder-el-5  el_after_av_buttonrow  el_before_av_textblock'><span class='hr-inner'><span class=\"hr-inner-style\"><\/span><\/span><\/div>\n<section  class='av_textblock_section av-lu8gow1e-300853e458ed741bd87d6cb78e55cc7a'  itemscope=\"itemscope\" itemtype=\"https:\/\/schema.org\/CreativeWork\" ><div class='avia_textblock'  itemprop=\"text\" ><h2>Warum die Marke Mercedes?<\/h2>\n<p>Mercedes-Busse und -Nutzfahrzeuge sind bei gewerblichen Nutzern sehr beliebt. Das liegt zum Teil daran, dass:<\/p>\n<ul>\n<li><b>Verl\u00e4sslichkeit: <\/b>Die Nutzfahrzeuge sind robust konstruiert und aus hochwertigen Materialien gefertigt. Sie sind auf Langlebigkeit ausgelegt und halten einer intensiven Nutzung stand.<\/li>\n<li><b>Leistung: <\/b>Die Fahrzeuge \u00fcberzeugen durch starke Motoren, ein angenehmes Fahrgef\u00fchl und eine hohe Nutzlast. Sie sind so konzipiert, dass sie die Anforderungen von Gesch\u00e4ftskunden erf\u00fcllen.<\/li>\n<li><b>Komfort und Sicherheit: <\/b>Mit neuer Technologie und hochwertiger Innenausstattung bieten die Nutzfahrzeuge ein komfortables und sicheres Fahrerlebnis f\u00fcr Fahrer und Passagiere. Dadurch eignen sich die Fahrzeuge auch hervorragend f\u00fcr Langstreckenfahrten.<\/li>\n<li><b>Innovation: <\/b>Mercedes ist daf\u00fcr bekannt, st\u00e4ndig nach Innovationen zu streben. Seine Nutzfahrzeuge sind mit der neuesten Technologie ausgestattet, die sie effizienter, intelligenter und benutzerfreundlicher macht.<\/li>\n<li><b>Erscheinungsbild: <\/b>Das Fahren eines Mercedes strahlt Professionalit\u00e4t und Qualit\u00e4t aus. Die Marke hat einen guten Ruf, der zu Professionalit\u00e4t und Qualit\u00e4t f\u00fchrt - kurzum, es gibt viele Gr\u00fcnde, sich f\u00fcr Mercedes zu entscheiden.<\/li>\n<\/ul>\n<\/div><\/section>\n<div class='flex_column av-f64w1-da126f42b61613402309283c14245a25 av_one_half  avia-builder-el-7  el_after_av_textblock  el_before_av_one_third  first flex_column_div column-top-margin'   ><section  class='av_textblock_section av-lu8gpqre-73cc2c17e6a6497ba6e1b58af22bd9e8'  itemscope=\"itemscope\" itemtype=\"https:\/\/schema.org\/CreativeWork\" ><div class='avia_textblock'  itemprop=\"text\" ><h2>Entwicklungen innerhalb der Marke<\/h2>\n<p>Im Laufe der Jahre hat sich die Marke st\u00e4ndig weiterentwickelt. So setzt sie beispielsweise auf Nachhaltigkeit und Umweltfreundlichkeit. Mercedes engagiert sich f\u00fcr die Entwicklung umweltfreundlicher Nutzfahrzeuge und bietet Modelle mit effizienten Motoren und Alternativen wie Elektro- und Hybridfahrzeuge an. Diese Entwicklungen tragen dazu bei, die wachsende Nachfrage nach nachhaltigen Transportl\u00f6sungen zu befriedigen. Auch in Sachen Konnektivit\u00e4t bleibt die Marke f\u00fchrend. Sie setzt fortschrittliche Sicherheits- und Assistenzsysteme ein, die sowohl die Sicherheit als auch die Effizienz der Fahrzeuge verbessern.<\/p>\n<\/div><\/section><\/div>\n<div class='flex_column av-aldk9-ee694297f5c4032981677a02caab84d6 av_one_third  avia-builder-el-9  el_after_av_one_half  el_before_av_hr  flex_column_div column-top-margin'   ><style type=\"text\/css\" data-created_by=\"avia_inline_auto\" id=\"style-css-av-l1w9kpsf-4ec3fab772ec7a9adaa33cfc64ff0475\">\n.avia-image-container.av-l1w9kpsf-4ec3fab772ec7a9adaa33cfc64ff0475 .av-image-caption-overlay-center{\ncolor:#ffffff;\n}\n<\/style>\n<div  class='avia-image-container av-l1w9kpsf-4ec3fab772ec7a9adaa33cfc64ff0475 av-styling- avia-align-center  avia-builder-el-10  avia-builder-el-no-sibling'  itemprop=\"image\" itemscope=\"itemscope\" itemtype=\"https:\/\/schema.org\/ImageObject\" ><div class=\"avia-image-container-inner\"><div class=\"avia-image-overlay-wrap\"><img decoding=\"async\" class='wp-image-187 avia-img-lazy-loading-not-187 avia_image' src=\"https:\/\/www.vdhurk.nl\/wp-content\/uploads\/2022\/03\/Voorrad.png\" alt='' title='Lagerbestand'  height=\"758\" width=\"1135\"  itemprop=\"thumbnailUrl\" srcset=\"https:\/\/www.vdhurk.nl\/wp-content\/uploads\/2022\/03\/Voorrad.png 1135w, https:\/\/www.vdhurk.nl\/wp-content\/uploads\/2022\/03\/Voorrad-300x200.png 300w, https:\/\/www.vdhurk.nl\/wp-content\/uploads\/2022\/03\/Voorrad-1030x688.png 1030w, https:\/\/www.vdhurk.nl\/wp-content\/uploads\/2022\/03\/Voorrad-768x513.png 768w, https:\/\/www.vdhurk.nl\/wp-content\/uploads\/2022\/03\/Voorrad-18x12.png 18w, https:\/\/www.vdhurk.nl\/wp-content\/uploads\/2022\/03\/Voorrad-705x471.png 705w\" sizes=\"(max-width: 1135px) 100vw, 1135px\" \/><\/div><\/div><\/div><\/div>\n\n<style type=\"text\/css\" data-created_by=\"avia_inline_auto\" id=\"style-css-av-luqrjpjc-5a23a1fb5f94718ca85316a9df963e2f\">\n#top .hr.hr-invisible.av-luqrjpjc-5a23a1fb5f94718ca85316a9df963e2f{\nheight:50px;\n}\n<\/style>\n<div  class='hr av-luqrjpjc-5a23a1fb5f94718ca85316a9df963e2f hr-invisible  avia-builder-el-11  el_after_av_one_third  el_before_av_textblock'><span class='hr-inner'><span class=\"hr-inner-style\"><\/span><\/span><\/div>\n<section  class='av_textblock_section av-lu8gtjw7-4f3cee9304909518d86d2860d9d582dd'  itemscope=\"itemscope\" itemtype=\"https:\/\/schema.org\/CreativeWork\" ><div class='avia_textblock'  itemprop=\"text\" ><h2><b>Mercedes-Busmodelle: Neu oder gebraucht?<\/b><\/h2>\n<p>Wenn es um verschiedene Modelle geht, bietet Mercedes mehrere M\u00f6glichkeiten. In der Tat finden Sie in unserem Angebot sowohl neue als auch gebrauchte Modelle. So k\u00f6nnen Sie entweder einen Mercedes-Bus kaufen oder einen Mercedes-Bus leasen. Wie neue Modelle bietet auch ein Mercedes-Bus eine hervorragende Gelegenheit f\u00fcr Gesch\u00e4ftskunden. Die Gebrauchtfahrzeuge in unserem Angebot sind zuverl\u00e4ssig, hochwertig und bieten ein hervorragendes Preis-Leistungs-Verh\u00e4ltnis. Diese Fahrzeuge sind gepr\u00fcft und getestet. Auf diese Weise stellen wir sicher, dass sie hohen Standards entsprechen. Au\u00dferdem bieten sie oft noch viel von dem Luxus und der Funktionalit\u00e4t, die Sie von einem Mercedes-Fahrzeug erwarten.<\/p>\n<h2><b>Finden Sie den perfekten Firmenwagen f\u00fcr Sie als Gesch\u00e4ftskunde<\/b><\/h2>\n<p>Mercedes-Nutzfahrzeuge bieten eine breite Palette von Modellen, die auf die unterschiedlichen Bed\u00fcrfnisse von Gesch\u00e4ftskunden zugeschnitten sind. In unserem Angebot finden Sie mehrere beliebte Modelle:<\/p>\n<ul>\n<li style=\"font-weight: 400;\" aria-level=\"1\"><strong>Mercedes Sprinter Gebrauchtwagen<\/strong>: ein vielseitiger Transporter mit viel Platz. Dieses Modell ist bekannt f\u00fcr seine Nutzlast, Zuverl\u00e4ssigkeit und Effizienz.<\/li>\n<li style=\"font-weight: 400;\" aria-level=\"1\"><strong>Mercedes Vito Gelegenheit:<\/strong> Dieses Modell zeichnet sich durch seine Wendigkeit, seinen Komfort und seine moderne Technologie aus. Es ist sowohl f\u00fcr den Stadtverkehr als auch f\u00fcr lange Strecken geeignet und bietet flexible Konfigurationen f\u00fcr den Transport von Lasten oder Passagieren.<\/li>\n<li style=\"font-weight: 400;\" aria-level=\"1\"><strong>Mercedes Citan Gelegenheit:<\/strong> ist ein kompakter Transporter, der sich f\u00fcr den innerst\u00e4dtischen Verteilerverkehr und leichte Gesch\u00e4ftseins\u00e4tze eignet. Mit seiner kompakten Gr\u00f6\u00dfe, den kraftstoffsparenden Motoren und dem praktischen Innenraum ist er eine vielseitige Wahl f\u00fcr vielbesch\u00e4ftigte Stadtunternehmer.<\/li>\n<\/ul>\n<h2><b>Profitieren Sie von exzellentem Service<\/b><\/h2>\n<p>Bei Van den Hurk k\u00f6nnen Sie aus einer breiten Palette von Mercedes-Nutzfahrzeugen w\u00e4hlen. Da ist f\u00fcr jeden etwas dabei. Wir garantieren Ihnen gute Qualit\u00e4t und pers\u00f6nlichen Service. Wenn Sie Interesse an einem unserer Nutzfahrzeuge haben, nehmen Sie einfach Kontakt mit uns auf <a href=\"https:\/\/www.vdhurk.nl\/de\/kontakt\/\">Kontaktieren Sie uns<\/a> an. Wir helfen Ihnen gerne bei Ihrer Wahl.<\/p>\n<\/div><\/section>","protected":false},"excerpt":{"rendered":"","protected":false},"author":3,"featured_media":0,"parent":0,"menu_order":0,"comment_status":"closed","ping_status":"closed","template":"","meta":{"_acf_changed":false,"_improvement_type_select":"improve_an_existing","_thumb_yes_seoaic":false,"_frame_yes_seoaic":false,"seoaic_generate_description":"","seoaic_improve_instructions_prompt":"","seoaic_rollback_content_improvement":"","seoaic_idea_thumbnail_generator":"","thumbnail_generated":false,"thumbnail_generate_prompt":"","seoaic_article_description":"","footnotes":""},"class_list":["post-370573","page","type-page","status-publish","hentry"],"acf":[],"yoast_head":"<!-- This site is optimized with the Yoast SEO plugin v27.3 - https:\/\/yoast.com\/product\/yoast-seo-wordpress\/ -->\n<title>Ontdek de Mercedes bedrijfswagens binnen ons assortiment.<\/title>\n<meta name=\"description\" content=\"Betrouwbaar en professioneel. Dat zijn onze Mercedes bedrijfswagens. Ontdek welke bedrijfswagens van het merk aansluiten bij jouw zakelijke behoeften.\" \/>\n<meta name=\"robots\" content=\"index, follow, max-snippet:-1, max-image-preview:large, max-video-preview:-1\" \/>\n<link rel=\"canonical\" href=\"https:\/\/www.vdhurk.nl\/de\/mercedes-9\/\" \/>\n<meta property=\"og:locale\" content=\"de_DE\" \/>\n<meta property=\"og:type\" content=\"article\" \/>\n<meta property=\"og:title\" content=\"Ontdek de Mercedes bedrijfswagens binnen ons assortiment.\" \/>\n<meta property=\"og:description\" content=\"Betrouwbaar en professioneel. Dat zijn onze Mercedes bedrijfswagens. Ontdek welke bedrijfswagens van het merk aansluiten bij jouw zakelijke behoeften.\" \/>\n<meta property=\"og:url\" content=\"https:\/\/www.vdhurk.nl\/de\/mercedes-9\/\" \/>\n<meta property=\"og:site_name\" content=\"Van den Hurk Bedrijfswagens\" \/>\n<meta property=\"article:modified_time\" content=\"2024-04-15T14:55:46+00:00\" \/>\n<meta name=\"twitter:card\" content=\"summary_large_image\" \/>\n<meta name=\"twitter:label1\" content=\"Gesch\u00e4tzte Lesezeit\" \/>\n\t<meta name=\"twitter:data1\" content=\"6\u00a0Minuten\" \/>\n<script type=\"application\/ld+json\" class=\"yoast-schema-graph\">{\"@context\":\"https:\\\/\\\/schema.org\",\"@graph\":[{\"@type\":\"WebPage\",\"@id\":\"https:\\\/\\\/www.vdhurk.nl\\\/mercedes-bedrijfswagens\\\/\",\"url\":\"https:\\\/\\\/www.vdhurk.nl\\\/mercedes-bedrijfswagens\\\/\",\"name\":\"Ontdek de Mercedes bedrijfswagens binnen ons assortiment.\",\"isPartOf\":{\"@id\":\"https:\\\/\\\/www.vdhurk.nl\\\/#website\"},\"datePublished\":\"2024-04-10T15:35:04+00:00\",\"dateModified\":\"2024-04-15T14:55:46+00:00\",\"description\":\"Betrouwbaar en professioneel. Dat zijn onze Mercedes bedrijfswagens. Ontdek welke bedrijfswagens van het merk aansluiten bij jouw zakelijke behoeften.\",\"breadcrumb\":{\"@id\":\"https:\\\/\\\/www.vdhurk.nl\\\/mercedes-bedrijfswagens\\\/#breadcrumb\"},\"inLanguage\":\"de\",\"potentialAction\":[{\"@type\":\"ReadAction\",\"target\":[\"https:\\\/\\\/www.vdhurk.nl\\\/mercedes-bedrijfswagens\\\/\"]}]},{\"@type\":\"BreadcrumbList\",\"@id\":\"https:\\\/\\\/www.vdhurk.nl\\\/mercedes-bedrijfswagens\\\/#breadcrumb\",\"itemListElement\":[{\"@type\":\"ListItem\",\"position\":1,\"name\":\"Home\",\"item\":\"https:\\\/\\\/www.vdhurk.nl\\\/home\\\/\"},{\"@type\":\"ListItem\",\"position\":2,\"name\":\"Mercedes Bedrijfswagens\"}]},{\"@type\":\"WebSite\",\"@id\":\"https:\\\/\\\/www.vdhurk.nl\\\/#website\",\"url\":\"https:\\\/\\\/www.vdhurk.nl\\\/\",\"name\":\"Van den Hurk Bedrijfswagens\",\"description\":\"Van den Hurk bedrijfswagens Helmond\",\"potentialAction\":[{\"@type\":\"SearchAction\",\"target\":{\"@type\":\"EntryPoint\",\"urlTemplate\":\"https:\\\/\\\/www.vdhurk.nl\\\/?s={search_term_string}\"},\"query-input\":{\"@type\":\"PropertyValueSpecification\",\"valueRequired\":true,\"valueName\":\"search_term_string\"}}],\"inLanguage\":\"de\"}]}<\/script>\n<!-- \/ Yoast SEO plugin. -->","yoast_head_json":{"title":"Entdecken Sie die Mercedes-Nutzfahrzeuge in unserem Angebot.","description":"Zuverl\u00e4ssig und professionell. Das sind unsere Mercedes-Nutzfahrzeuge. Finden Sie heraus, welche Nutzfahrzeuge der Marke zu Ihren gesch\u00e4ftlichen Anforderungen passen.","robots":{"index":"index","follow":"follow","max-snippet":"max-snippet:-1","max-image-preview":"max-image-preview:large","max-video-preview":"max-video-preview:-1"},"canonical":"https:\/\/www.vdhurk.nl\/de\/mercedes-9\/","og_locale":"de_DE","og_type":"article","og_title":"Ontdek de Mercedes bedrijfswagens binnen ons assortiment.","og_description":"Betrouwbaar en professioneel. Dat zijn onze Mercedes bedrijfswagens. Ontdek welke bedrijfswagens van het merk aansluiten bij jouw zakelijke behoeften.","og_url":"https:\/\/www.vdhurk.nl\/de\/mercedes-9\/","og_site_name":"Van den Hurk Bedrijfswagens","article_modified_time":"2024-04-15T14:55:46+00:00","twitter_card":"summary_large_image","twitter_misc":{"Gesch\u00e4tzte Lesezeit":"6\u00a0Minuten"},"schema":{"@context":"https:\/\/schema.org","@graph":[{"@type":"WebPage","@id":"https:\/\/www.vdhurk.nl\/mercedes-bedrijfswagens\/","url":"https:\/\/www.vdhurk.nl\/mercedes-bedrijfswagens\/","name":"Entdecken Sie die Mercedes-Nutzfahrzeuge in unserem Angebot.","isPartOf":{"@id":"https:\/\/www.vdhurk.nl\/#website"},"datePublished":"2024-04-10T15:35:04+00:00","dateModified":"2024-04-15T14:55:46+00:00","description":"Zuverl\u00e4ssig und professionell. Das sind unsere Mercedes-Nutzfahrzeuge. Finden Sie heraus, welche Nutzfahrzeuge der Marke zu Ihren gesch\u00e4ftlichen Anforderungen passen.","breadcrumb":{"@id":"https:\/\/www.vdhurk.nl\/mercedes-bedrijfswagens\/#breadcrumb"},"inLanguage":"de","potentialAction":[{"@type":"ReadAction","target":["https:\/\/www.vdhurk.nl\/mercedes-bedrijfswagens\/"]}]},{"@type":"BreadcrumbList","@id":"https:\/\/www.vdhurk.nl\/mercedes-bedrijfswagens\/#breadcrumb","itemListElement":[{"@type":"ListItem","position":1,"name":"Home","item":"https:\/\/www.vdhurk.nl\/home\/"},{"@type":"ListItem","position":2,"name":"Mercedes Bedrijfswagens"}]},{"@type":"WebSite","@id":"https:\/\/www.vdhurk.nl\/#website","url":"https:\/\/www.vdhurk.nl\/","name":"Van den Hurk Nutzfahrzeuge","description":"Van den Hurk Nutzfahrzeuge Helmond","potentialAction":[{"@type":"SearchAction","target":{"@type":"EntryPoint","urlTemplate":"https:\/\/www.vdhurk.nl\/?s={search_term_string}"},"query-input":{"@type":"PropertyValueSpecification","valueRequired":true,"valueName":"search_term_string"}}],"inLanguage":"de"}]}},"_links":{"self":[{"href":"https:\/\/www.vdhurk.nl\/de\/wp-json\/wp\/v2\/pages\/370573","targetHints":{"allow":["GET"]}}],"collection":[{"href":"https:\/\/www.vdhurk.nl\/de\/wp-json\/wp\/v2\/pages"}],"about":[{"href":"https:\/\/www.vdhurk.nl\/de\/wp-json\/wp\/v2\/types\/page"}],"author":[{"embeddable":true,"href":"https:\/\/www.vdhurk.nl\/de\/wp-json\/wp\/v2\/users\/3"}],"replies":[{"embeddable":true,"href":"https:\/\/www.vdhurk.nl\/de\/wp-json\/wp\/v2\/comments?post=370573"}],"version-history":[{"count":9,"href":"https:\/\/www.vdhurk.nl\/de\/wp-json\/wp\/v2\/pages\/370573\/revisions"}],"predecessor-version":[{"id":372083,"href":"https:\/\/www.vdhurk.nl\/de\/wp-json\/wp\/v2\/pages\/370573\/revisions\/372083"}],"wp:attachment":[{"href":"https:\/\/www.vdhurk.nl\/de\/wp-json\/wp\/v2\/media?parent=370573"}],"curies":[{"name":"wp","href":"https:\/\/api.w.org\/{rel}","templated":true}]}}